{"id":19321,"date":"2025-05-13T11:57:44","date_gmt":"2025-05-13T08:57:44","guid":{"rendered":"https:\/\/flameguard.ee\/?post_type=product&#038;p=19321"},"modified":"2025-05-13T12:06:44","modified_gmt":"2025-05-13T09:06:44","slug":"hingedel-varjendivarav","status":"publish","type":"product","link":"https:\/\/flameguard.ee\/da\/product\/haengslet-laeporte\/","title":{"rendered":"H\u00e6ngslet l\u00e6port"},"content":{"rendered":"<p data-start=\"715\" data-end=\"741\"><strong data-start=\"719\" data-end=\"741\">Anvendelsesomr\u00e5der:<\/strong><\/p>\n<p class=\"\" data-start=\"2220\" data-end=\"2441\">Ideel til civilforsvarsbeskyttelsesrum, milit\u00e6re faciliteter, n\u00f8d- og kritisk infrastruktur, kriselagre, lager- og logistikfaciliteter, ammunitionsdepoter, spr\u00e6ngstoffabrik<\/p>\n<p>&nbsp;<\/p>","protected":false},"excerpt":{"rendered":"<p class=\"\" data-start=\"92\" data-end=\"247\">Med en traditionel \u00e5bningsmekanisme <strong data-start=\"143\" data-end=\"154\">Fl\u00f8jd\u00f8r<\/strong> eller <strong data-start=\"159\" data-end=\"168\">led<\/strong>, der er designet til et h\u00f8jt sikkerhedsniveau. Den forst\u00e6rkede konstruktion og avancerede l\u00e5sesystemer g\u00f8r den til et ideelt valg til h\u00f8jrisikoomr\u00e5der.<\/p>\n<h3 class=\"\" data-start=\"232\" data-end=\"258\"><strong data-start=\"236\" data-end=\"258\">Hovedtr\u00e6k:<\/strong><\/h3>\n<ul>\n<li class=\"\" data-start=\"355\" data-end=\"420\">\n<p class=\"\" data-start=\"357\" data-end=\"420\">Flerpunktsl\u00e5sesystem for maksimal beskyttelse<\/p>\n<\/li>\n<li class=\"\" data-start=\"421\" data-end=\"498\">\n<p class=\"\" data-start=\"423\" data-end=\"498\">Forst\u00e6rket st\u00e5lkonstruktion \u2013 modstandsdygtig over for indtr\u00e6ngen og eksplosioner<\/p>\n<\/li>\n<li class=\"\" data-start=\"499\" data-end=\"558\">\n<p class=\"\" data-start=\"501\" data-end=\"558\">Valg <strong data-start=\"509\" data-end=\"525\">gas-t\u00e6t<\/strong> og <strong data-start=\"529\" data-end=\"545\">Skudsikker<\/strong> Versioner<\/p>\n<\/li>\n<li class=\"\" data-start=\"559\" data-end=\"614\">\n<p class=\"\" data-start=\"561\" data-end=\"614\">Manuel eller automatisk \u00e5bning efter behov<\/p>\n<\/li>\n<\/ul>","protected":false},"featured_media":19322,"template":"","meta":[],"product_brand":[],"product_cat":[167],"product_tag":[],"class_list":{"0":"post-19321","1":"product","2":"type-product","3":"status-publish","4":"has-post-thumbnail","6":"product_cat-varjumiskohad","8":"first","9":"instock","10":"taxable","11":"shipping-taxable","12":"product-type-simple"},"_links":{"self":[{"href":"https:\/\/flameguard.ee\/da\/wp-json\/wp\/v2\/product\/19321","targetHints":{"allow":["GET"]}}],"collection":[{"href":"https:\/\/flameguard.ee\/da\/wp-json\/wp\/v2\/product"}],"about":[{"href":"https:\/\/flameguard.ee\/da\/wp-json\/wp\/v2\/types\/product"}],"version-history":[{"count":1,"href":"https:\/\/flameguard.ee\/da\/wp-json\/wp\/v2\/product\/19321\/revisions"}],"predecessor-version":[{"id":19324,"href":"https:\/\/flameguard.ee\/da\/wp-json\/wp\/v2\/product\/19321\/revisions\/19324"}],"wp:featuredmedia":[{"embeddable":true,"href":"https:\/\/flameguard.ee\/da\/wp-json\/wp\/v2\/media\/19322"}],"wp:attachment":[{"href":"https:\/\/flameguard.ee\/da\/wp-json\/wp\/v2\/media?parent=19321"}],"wp:term":[{"taxonomy":"product_brand","embeddable":true,"href":"https:\/\/flameguard.ee\/da\/wp-json\/wp\/v2\/product_brand?post=19321"},{"taxonomy":"product_cat","embeddable":true,"href":"https:\/\/flameguard.ee\/da\/wp-json\/wp\/v2\/product_cat?post=19321"},{"taxonomy":"product_tag","embeddable":true,"href":"https:\/\/flameguard.ee\/da\/wp-json\/wp\/v2\/product_tag?post=19321"}],"curies":[{"name":"wp","href":"https:\/\/api.w.org\/{rel}","templated":true}]}}