{"id":19325,"date":"2025-05-13T12:06:48","date_gmt":"2025-05-13T09:06:48","guid":{"rendered":"https:\/\/flameguard.ee\/?post_type=product&#038;p=19325"},"modified":"2025-05-13T12:42:27","modified_gmt":"2025-05-13T09:42:27","slug":"varjendiliuguks","status":"publish","type":"product","link":"https:\/\/flameguard.ee\/da\/product\/shelter-rutsjebane\/","title":{"rendered":"Shelter rutsjebane"},"content":{"rendered":"<p data-start=\"715\" data-end=\"741\"><strong data-start=\"719\" data-end=\"741\">Anvendelsesomr\u00e5der:<\/strong><\/p>\n<p class=\"\" data-start=\"2220\" data-end=\"2441\">Ideel til civilforsvarsbeskyttelsesrum, milit\u00e6re faciliteter, n\u00f8d- og kritisk infrastruktur, kriselagre, lager- og logistikfaciliteter, ammunitionsdepoter, spr\u00e6ngstoffabrik<\/p>\n<p>&nbsp;<\/p>","protected":false},"excerpt":{"rendered":"<p class=\"\" data-start=\"92\" data-end=\"247\"><strong data-start=\"828\" data-end=\"853\">Skyded\u00f8re og porte<\/strong> er designet til brug i rum, hvor <strong data-start=\"891\" data-end=\"911\">Pladsbesparende<\/strong> og <strong data-start=\"915\" data-end=\"929\">sikkerhed<\/strong> er lige s\u00e5 vigtige. De bev\u00e6ger sig j\u00e6vnt langs en holdbar skinnemekanisme og giver st\u00e6rk beskyttelse mod eksterne trusler.<\/p>\n<h3 class=\"\" data-start=\"232\" data-end=\"258\"><strong data-start=\"236\" data-end=\"258\">Hovedtr\u00e6k:<\/strong><\/h3>\n<ul>\n<li class=\"\" data-start=\"1085\" data-end=\"1136\">\n<p class=\"\" data-start=\"1087\" data-end=\"1136\">Pladsbesparende design og st\u00f8jsvag, j\u00e6vn bev\u00e6gelse<\/p>\n<\/li>\n<li class=\"\" data-start=\"1137\" data-end=\"1189\">\n<p class=\"\" data-start=\"1139\" data-end=\"1189\">Integreret st\u00e6rk l\u00e5semekanisme i d\u00f8rkarmen<\/p>\n<\/li>\n<li class=\"\" data-start=\"1190\" data-end=\"1249\">\n<p class=\"\" data-start=\"1192\" data-end=\"1249\">Valg <strong data-start=\"1200\" data-end=\"1236\">med eksplosions- og ballistisk beskyttelse<\/strong> Versioner<\/p>\n<\/li>\n<li class=\"\" data-start=\"1250\" data-end=\"1300\">\n<p class=\"\" data-start=\"1252\" data-end=\"1300\">Kan tilsluttes automatiske styresystemer<\/p>\n<\/li>\n<\/ul>","protected":false},"featured_media":19326,"template":"","meta":[],"product_brand":[],"product_cat":[167],"product_tag":[],"class_list":{"0":"post-19325","1":"product","2":"type-product","3":"status-publish","4":"has-post-thumbnail","6":"product_cat-varjumiskohad","8":"first","9":"instock","10":"taxable","11":"shipping-taxable","12":"product-type-simple"},"_links":{"self":[{"href":"https:\/\/flameguard.ee\/da\/wp-json\/wp\/v2\/product\/19325","targetHints":{"allow":["GET"]}}],"collection":[{"href":"https:\/\/flameguard.ee\/da\/wp-json\/wp\/v2\/product"}],"about":[{"href":"https:\/\/flameguard.ee\/da\/wp-json\/wp\/v2\/types\/product"}],"version-history":[{"count":2,"href":"https:\/\/flameguard.ee\/da\/wp-json\/wp\/v2\/product\/19325\/revisions"}],"predecessor-version":[{"id":19346,"href":"https:\/\/flameguard.ee\/da\/wp-json\/wp\/v2\/product\/19325\/revisions\/19346"}],"wp:featuredmedia":[{"embeddable":true,"href":"https:\/\/flameguard.ee\/da\/wp-json\/wp\/v2\/media\/19326"}],"wp:attachment":[{"href":"https:\/\/flameguard.ee\/da\/wp-json\/wp\/v2\/media?parent=19325"}],"wp:term":[{"taxonomy":"product_brand","embeddable":true,"href":"https:\/\/flameguard.ee\/da\/wp-json\/wp\/v2\/product_brand?post=19325"},{"taxonomy":"product_cat","embeddable":true,"href":"https:\/\/flameguard.ee\/da\/wp-json\/wp\/v2\/product_cat?post=19325"},{"taxonomy":"product_tag","embeddable":true,"href":"https:\/\/flameguard.ee\/da\/wp-json\/wp\/v2\/product_tag?post=19325"}],"curies":[{"name":"wp","href":"https:\/\/api.w.org\/{rel}","templated":true}]}}