{"id":19331,"date":"2025-05-13T12:17:12","date_gmt":"2025-05-13T09:17:12","guid":{"rendered":"https:\/\/flameguard.ee\/?post_type=product&#038;p=19331"},"modified":"2025-05-13T12:42:14","modified_gmt":"2025-05-13T09:42:14","slug":"plahvatuskindlad-aknad","status":"publish","type":"product","link":"https:\/\/flameguard.ee\/da\/product\/eksplosionssikre-vinduer\/","title":{"rendered":"Eksplosionssikre vinduer"},"content":{"rendered":"<p data-start=\"715\" data-end=\"741\"><strong data-start=\"719\" data-end=\"741\">Anvendelsesomr\u00e5der:<\/strong><\/p>\n<ul>\n<li class=\"\" data-start=\"806\" data-end=\"844\">\n<p class=\"\" data-start=\"808\" data-end=\"844\">Banker, ambassader, regeringsbygninger<\/p>\n<\/li>\n<li class=\"\" data-start=\"845\" data-end=\"884\">\n<p class=\"\" data-start=\"847\" data-end=\"884\">Milit\u00e6re faciliteter og VIP-sikkerhedsrum<\/p>\n<\/li>\n<li class=\"\" data-start=\"885\" data-end=\"935\">\n<p class=\"\" data-start=\"887\" data-end=\"935\">Sikkerhedszoner for erhvervskunder og v\u00e5benopbevaringsrum<\/p>\n<\/li>\n<\/ul>\n<p>&nbsp;<\/p>","protected":false},"excerpt":{"rendered":"<p class=\"\" data-start=\"92\" data-end=\"247\"><strong data-start=\"976\" data-end=\"1002\">Eksplosionssikre vinduer<\/strong> er designet til at modst\u00e5 st\u00e6rke trykst\u00f8d og chokb\u00f8lger. Vinduerne er testet op til <strong data-start=\"1078\" data-end=\"1089\">5 bar<\/strong> bl\u00e6setryk og kan kombineres, hvis det \u00f8nskes <strong data-start=\"1143\" data-end=\"1168\">med ballistisk beskyttelse<\/strong>.<\/p>\n<h3 class=\"\" data-start=\"232\" data-end=\"258\"><strong data-start=\"236\" data-end=\"258\">Hovedtr\u00e6k:<\/strong><\/h3>\n<ul>\n<li class=\"\" data-start=\"1189\" data-end=\"1233\">\n<p class=\"\" data-start=\"1191\" data-end=\"1233\">Modst\u00e5r eksplosionstryk og st\u00f8d p\u00e5 op til 5 bar<\/p>\n<\/li>\n<li class=\"\" data-start=\"1234\" data-end=\"1311\">\n<p class=\"\" data-start=\"1236\" data-end=\"1311\">Fremstillet af forst\u00e6rket glas, aluminiumsprofiler og st\u00e5lrammer<\/p>\n<\/li>\n<li class=\"\" data-start=\"1312\" data-end=\"1391\">\n<p class=\"\" data-start=\"1314\" data-end=\"1391\">Overholdelse af <strong data-start=\"1323\" data-end=\"1338\">GSA niveau 1<\/strong> eksplosionsbeskyttelse og <strong data-start=\"1360\" data-end=\"1377\">GSA TS01-2003<\/strong> norm<\/p>\n<\/li>\n<li class=\"\" data-start=\"1392\" data-end=\"1459\">\n<p class=\"\" data-start=\"1394\" data-end=\"1459\">Tilfredsstillende <strong data-start=\"1400\" data-end=\"1425\">Offentlige bygninger<\/strong>, samtidig med at den visuelle \u00e6stetik opretholdes<\/p>\n<\/li>\n<\/ul>","protected":false},"featured_media":19332,"template":"","meta":[],"product_brand":[],"product_cat":[167],"product_tag":[],"class_list":{"0":"post-19331","1":"product","2":"type-product","3":"status-publish","4":"has-post-thumbnail","6":"product_cat-varjumiskohad","8":"first","9":"instock","10":"taxable","11":"shipping-taxable","12":"product-type-simple"},"_links":{"self":[{"href":"https:\/\/flameguard.ee\/da\/wp-json\/wp\/v2\/product\/19331","targetHints":{"allow":["GET"]}}],"collection":[{"href":"https:\/\/flameguard.ee\/da\/wp-json\/wp\/v2\/product"}],"about":[{"href":"https:\/\/flameguard.ee\/da\/wp-json\/wp\/v2\/types\/product"}],"version-history":[{"count":3,"href":"https:\/\/flameguard.ee\/da\/wp-json\/wp\/v2\/product\/19331\/revisions"}],"predecessor-version":[{"id":19344,"href":"https:\/\/flameguard.ee\/da\/wp-json\/wp\/v2\/product\/19331\/revisions\/19344"}],"wp:featuredmedia":[{"embeddable":true,"href":"https:\/\/flameguard.ee\/da\/wp-json\/wp\/v2\/media\/19332"}],"wp:attachment":[{"href":"https:\/\/flameguard.ee\/da\/wp-json\/wp\/v2\/media?parent=19331"}],"wp:term":[{"taxonomy":"product_brand","embeddable":true,"href":"https:\/\/flameguard.ee\/da\/wp-json\/wp\/v2\/product_brand?post=19331"},{"taxonomy":"product_cat","embeddable":true,"href":"https:\/\/flameguard.ee\/da\/wp-json\/wp\/v2\/product_cat?post=19331"},{"taxonomy":"product_tag","embeddable":true,"href":"https:\/\/flameguard.ee\/da\/wp-json\/wp\/v2\/product_tag?post=19331"}],"curies":[{"name":"wp","href":"https:\/\/api.w.org\/{rel}","templated":true}]}}