{"id":19334,"date":"2025-05-13T12:19:01","date_gmt":"2025-05-13T09:19:01","guid":{"rendered":"https:\/\/flameguard.ee\/?post_type=product&#038;p=19334"},"modified":"2025-05-13T12:43:42","modified_gmt":"2025-05-13T09:43:42","slug":"akna-puudmise-susteem","status":"publish","type":"product","link":"https:\/\/flameguard.ee\/da\/product\/vinduesfang-system\/","title":{"rendered":"Modul k\u00f8jesenge"},"content":{"rendered":"<p data-start=\"715\" data-end=\"741\"><strong data-start=\"719\" data-end=\"741\">Anvendelsesomr\u00e5der:<\/strong><\/p>\n<p>Ideel til civilforsvarsbeskyttelsesrum, milit\u00e6re faciliteter, n\u00f8d- og kritisk infrastruktur, industrianl\u00e6g, andre h\u00f8jsikkerhedsobjekter<\/p>\n<p>&nbsp;<\/p>","protected":false},"excerpt":{"rendered":"<p class=\"\" data-start=\"92\" data-end=\"247\">Robuste og pladsbesparende k\u00f8jesenge designet til hurtig installation i n\u00f8dlye og bunkere. Kan samles i to eller tre niveauer efter behov.<\/p>\n<h3 class=\"\" data-start=\"232\" data-end=\"258\"><strong data-start=\"236\" data-end=\"258\">Hovedtr\u00e6k:<\/strong><\/h3>\n<ul>\n<li class=\"\" data-start=\"454\" data-end=\"494\">\n<p class=\"\" data-start=\"456\" data-end=\"494\">Hurtig og nem montering og demontering<\/p>\n<\/li>\n<li class=\"\" data-start=\"497\" data-end=\"528\">\n<p class=\"\" data-start=\"499\" data-end=\"528\">Hvert niveau kan b\u00e6re op til 150 kg<\/p>\n<\/li>\n<li class=\"\" data-start=\"531\" data-end=\"593\">\n<p class=\"\" data-start=\"533\" data-end=\"593\">Holdbar konstruktion lavet af metalr\u00f8r med bel\u00e6gning af h\u00f8j kvalitet<\/p>\n<\/li>\n<li class=\"\" data-start=\"596\" data-end=\"631\">\n<p class=\"\" data-start=\"598\" data-end=\"631\">Komfortable soveflader i stof<\/p>\n<\/li>\n<li class=\"\" data-start=\"634\" data-end=\"711\">\n<p class=\"\" data-start=\"636\" data-end=\"711\">Ideel til brug i krisecentre, lejre og n\u00f8dindkvartering<\/p>\n<\/li>\n<\/ul>","protected":false},"featured_media":19347,"template":"","meta":[],"product_brand":[],"product_cat":[167],"product_tag":[],"class_list":{"0":"post-19334","1":"product","2":"type-product","3":"status-publish","4":"has-post-thumbnail","6":"product_cat-varjumiskohad","8":"first","9":"instock","10":"taxable","11":"shipping-taxable","12":"product-type-simple"},"_links":{"self":[{"href":"https:\/\/flameguard.ee\/da\/wp-json\/wp\/v2\/product\/19334","targetHints":{"allow":["GET"]}}],"collection":[{"href":"https:\/\/flameguard.ee\/da\/wp-json\/wp\/v2\/product"}],"about":[{"href":"https:\/\/flameguard.ee\/da\/wp-json\/wp\/v2\/types\/product"}],"version-history":[{"count":5,"href":"https:\/\/flameguard.ee\/da\/wp-json\/wp\/v2\/product\/19334\/revisions"}],"predecessor-version":[{"id":19348,"href":"https:\/\/flameguard.ee\/da\/wp-json\/wp\/v2\/product\/19334\/revisions\/19348"}],"wp:featuredmedia":[{"embeddable":true,"href":"https:\/\/flameguard.ee\/da\/wp-json\/wp\/v2\/media\/19347"}],"wp:attachment":[{"href":"https:\/\/flameguard.ee\/da\/wp-json\/wp\/v2\/media?parent=19334"}],"wp:term":[{"taxonomy":"product_brand","embeddable":true,"href":"https:\/\/flameguard.ee\/da\/wp-json\/wp\/v2\/product_brand?post=19334"},{"taxonomy":"product_cat","embeddable":true,"href":"https:\/\/flameguard.ee\/da\/wp-json\/wp\/v2\/product_cat?post=19334"},{"taxonomy":"product_tag","embeddable":true,"href":"https:\/\/flameguard.ee\/da\/wp-json\/wp\/v2\/product_tag?post=19334"}],"curies":[{"name":"wp","href":"https:\/\/api.w.org\/{rel}","templated":true}]}}