{"id":19349,"date":"2025-05-13T12:45:52","date_gmt":"2025-05-13T09:45:52","guid":{"rendered":"https:\/\/flameguard.ee\/?post_type=product&#038;p=19349"},"modified":"2025-05-13T12:47:10","modified_gmt":"2025-05-13T09:47:10","slug":"voodid-taaskasutatud-plastikust","status":"publish","type":"product","link":"https:\/\/flameguard.ee\/da\/product\/senge-genbrugsplast-plast\/","title":{"rendered":"Senge lavet af genbrugsplast"},"content":{"rendered":"<p data-start=\"715\" data-end=\"741\"><strong data-start=\"719\" data-end=\"741\">Anvendelsesomr\u00e5der:<\/strong><\/p>\n<p>Ideel til civilforsvarsbeskyttelsesrum, milit\u00e6re faciliteter, n\u00f8d- og kritisk infrastruktur, industrianl\u00e6g, andre h\u00f8jsikkerhedsobjekter<\/p>\n<p>&nbsp;<\/p>","protected":false},"excerpt":{"rendered":"<p class=\"\" data-start=\"92\" data-end=\"247\">Milj\u00f8venlige og funktionelle senge, der kombinerer s\u00f8vn og siddende og giver opbevaringsplads til personlige ejendele. Velegnet til brug i civilbeskyttelsescentre og samfundsfaciliteter.<\/p>\n<h3 class=\"\" data-start=\"232\" data-end=\"258\"><strong data-start=\"236\" data-end=\"258\">Hovedtr\u00e6k:<\/strong><\/h3>\n<ul>\n<li class=\"\" data-start=\"1002\" data-end=\"1056\">\n<p class=\"\" data-start=\"1004\" data-end=\"1056\">Fremstillet af genbrugsplast og metalr\u00f8r<\/p>\n<\/li>\n<li class=\"\" data-start=\"1059\" data-end=\"1105\">\n<p class=\"\" data-start=\"1061\" data-end=\"1105\">Integrerede skuffer til personlige ejendele<\/p>\n<\/li>\n<li class=\"\" data-start=\"1108\" data-end=\"1152\">\n<p class=\"\" data-start=\"1110\" data-end=\"1152\">F\u00e5s i en r\u00e6kke forskellige designs og st\u00f8rrelser<\/p>\n<\/li>\n<li class=\"\" data-start=\"1155\" data-end=\"1201\">\n<p class=\"\" data-start=\"1157\" data-end=\"1201\">Milj\u00f8venlig og nem at reng\u00f8re<\/p>\n<\/li>\n<\/ul>","protected":false},"featured_media":19350,"template":"","meta":[],"product_brand":[],"product_cat":[167],"product_tag":[],"class_list":{"0":"post-19349","1":"product","2":"type-product","3":"status-publish","4":"has-post-thumbnail","6":"product_cat-varjumiskohad","8":"first","9":"instock","10":"taxable","11":"shipping-taxable","12":"product-type-simple"},"_links":{"self":[{"href":"https:\/\/flameguard.ee\/da\/wp-json\/wp\/v2\/product\/19349","targetHints":{"allow":["GET"]}}],"collection":[{"href":"https:\/\/flameguard.ee\/da\/wp-json\/wp\/v2\/product"}],"about":[{"href":"https:\/\/flameguard.ee\/da\/wp-json\/wp\/v2\/types\/product"}],"version-history":[{"count":1,"href":"https:\/\/flameguard.ee\/da\/wp-json\/wp\/v2\/product\/19349\/revisions"}],"predecessor-version":[{"id":19351,"href":"https:\/\/flameguard.ee\/da\/wp-json\/wp\/v2\/product\/19349\/revisions\/19351"}],"wp:featuredmedia":[{"embeddable":true,"href":"https:\/\/flameguard.ee\/da\/wp-json\/wp\/v2\/media\/19350"}],"wp:attachment":[{"href":"https:\/\/flameguard.ee\/da\/wp-json\/wp\/v2\/media?parent=19349"}],"wp:term":[{"taxonomy":"product_brand","embeddable":true,"href":"https:\/\/flameguard.ee\/da\/wp-json\/wp\/v2\/product_brand?post=19349"},{"taxonomy":"product_cat","embeddable":true,"href":"https:\/\/flameguard.ee\/da\/wp-json\/wp\/v2\/product_cat?post=19349"},{"taxonomy":"product_tag","embeddable":true,"href":"https:\/\/flameguard.ee\/da\/wp-json\/wp\/v2\/product_tag?post=19349"}],"curies":[{"name":"wp","href":"https:\/\/api.w.org\/{rel}","templated":true}]}}