{"id":19352,"date":"2025-05-13T12:47:20","date_gmt":"2025-05-13T09:47:20","guid":{"rendered":"https:\/\/flameguard.ee\/?post_type=product&#038;p=19352"},"modified":"2025-05-13T12:48:53","modified_gmt":"2025-05-13T09:48:53","slug":"kokkupandavad-voodid-pingid-istmed-ja-toolid","status":"publish","type":"product","link":"https:\/\/flameguard.ee\/da\/product\/klap-senge-baenke-saeder-og-stole\/","title":{"rendered":"Sammenklappelige senge, b\u00e6nke, s\u00e6der og stole"},"content":{"rendered":"<p data-start=\"715\" data-end=\"741\"><strong data-start=\"719\" data-end=\"741\">Anvendelsesomr\u00e5der:<\/strong><\/p>\n<p>Ideel til civilforsvarsbeskyttelsesrum, milit\u00e6re faciliteter, n\u00f8d- og kritisk infrastruktur, industrianl\u00e6g, andre h\u00f8jsikkerhedsobjekter<\/p>\n<p>&nbsp;<\/p>","protected":false},"excerpt":{"rendered":"<p class=\"\" data-start=\"92\" data-end=\"247\">Alsidige og pladsbesparende m\u00f8bler, der er velegnede til indretning af b\u00e5de midlertidige og permanente shelters. Fremstillet af genbrugsplast og metalkonstruktion.<\/p>\n<h3 class=\"\" data-start=\"232\" data-end=\"258\"><strong data-start=\"236\" data-end=\"258\">Hovedtr\u00e6k:<\/strong><\/h3>\n<ul>\n<li class=\"\" data-start=\"1453\" data-end=\"1500\">\n<p class=\"\" data-start=\"1455\" data-end=\"1500\">Foldbar og stabelbar \u2013 nem at opbevare<\/p>\n<\/li>\n<li class=\"\" data-start=\"1503\" data-end=\"1552\">\n<p class=\"\" data-start=\"1505\" data-end=\"1552\">Slidst\u00e6rkt, vejr- og slidst\u00e6rkt materiale<\/p>\n<\/li>\n<li class=\"\" data-start=\"1555\" data-end=\"1634\">\n<p class=\"\" data-start=\"1557\" data-end=\"1634\">Forskellige varianter til sove-, sidde- og multifunktionel brug<\/p>\n<\/li>\n<li class=\"\" data-start=\"1637\" data-end=\"1710\">\n<p class=\"\" data-start=\"1639\" data-end=\"1710\">Velegnet til krisecentre, kriselejre og evakueringscentre<\/p>\n<\/li>\n<\/ul>","protected":false},"featured_media":19353,"template":"","meta":[],"product_brand":[],"product_cat":[167],"product_tag":[],"class_list":{"0":"post-19352","1":"product","2":"type-product","3":"status-publish","4":"has-post-thumbnail","6":"product_cat-varjumiskohad","8":"first","9":"instock","10":"taxable","11":"shipping-taxable","12":"product-type-simple"},"_links":{"self":[{"href":"https:\/\/flameguard.ee\/da\/wp-json\/wp\/v2\/product\/19352","targetHints":{"allow":["GET"]}}],"collection":[{"href":"https:\/\/flameguard.ee\/da\/wp-json\/wp\/v2\/product"}],"about":[{"href":"https:\/\/flameguard.ee\/da\/wp-json\/wp\/v2\/types\/product"}],"version-history":[{"count":1,"href":"https:\/\/flameguard.ee\/da\/wp-json\/wp\/v2\/product\/19352\/revisions"}],"predecessor-version":[{"id":19354,"href":"https:\/\/flameguard.ee\/da\/wp-json\/wp\/v2\/product\/19352\/revisions\/19354"}],"wp:featuredmedia":[{"embeddable":true,"href":"https:\/\/flameguard.ee\/da\/wp-json\/wp\/v2\/media\/19353"}],"wp:attachment":[{"href":"https:\/\/flameguard.ee\/da\/wp-json\/wp\/v2\/media?parent=19352"}],"wp:term":[{"taxonomy":"product_brand","embeddable":true,"href":"https:\/\/flameguard.ee\/da\/wp-json\/wp\/v2\/product_brand?post=19352"},{"taxonomy":"product_cat","embeddable":true,"href":"https:\/\/flameguard.ee\/da\/wp-json\/wp\/v2\/product_cat?post=19352"},{"taxonomy":"product_tag","embeddable":true,"href":"https:\/\/flameguard.ee\/da\/wp-json\/wp\/v2\/product_tag?post=19352"}],"curies":[{"name":"wp","href":"https:\/\/api.w.org\/{rel}","templated":true}]}}