{"id":19358,"date":"2025-05-22T08:54:12","date_gmt":"2025-05-22T05:54:12","guid":{"rendered":"https:\/\/flameguard.ee\/?post_type=product&#038;p=19358"},"modified":"2025-05-22T08:57:40","modified_gmt":"2025-05-22T05:57:40","slug":"tuletokkeuks-delta-ei60-sa-s200-tsingitud-avale-1000-x-2050-mm","status":"publish","type":"product","link":"https:\/\/flameguard.ee\/da\/product\/brandsikker-dor-delta-ei60-sa-s200-galvaniseret-abning-1000-x-2050-mm\/","title":{"rendered":"Brandd\u00f8r Delta EI60 Sa\/S200 galvaniseret (til \u00e5bning 1000 x 2050 mm)"},"content":{"rendered":"<p>Produktet opfylder de tekniske krav og giver effektiv beskyttelse under en r\u00e6kke forskellige forhold og situationer.<\/p>\n<p><a style=\"color: #fe312e;\" href=\"\/wp-content\/uploads\/2025\/03\/delta-cten.pdf\" target=\"_blank\" rel=\"noopener\"><img decoding=\"async\" src=\"\/wp-content\/uploads\/2025\/02\/pdf-icon.webp\" \/> Produktkort<\/a><\/p>","protected":false},"excerpt":{"rendered":"<p><strong data-start=\"62\" data-end=\"76\">Delta EI60<\/strong> er af h\u00f8j kvalitet <strong data-start=\"92\" data-end=\"108\">Brandd\u00f8r<\/strong>, som er designet til at sikre brandsikkerheden i forskellige bygninger. Denne <strong data-start=\"173\" data-end=\"195\">galvaniseret st\u00e5l<\/strong> Den f\u00e6rdige d\u00f8r tilbyder <strong data-start=\"218\" data-end=\"240\">op til 60 minutter<\/strong> brandmodstand (EI60), der hj\u00e6lper med at forhindre spredning af brand og r\u00f8g i tilf\u00e6lde af brand.<\/p>\n<p><strong>Specifikationer:<\/strong><br \/>\nD\u00f8rblad tykkelse: 62 mm<br \/>\nD\u00f8rliste bredde: 28 mm<br \/>\nD\u00f8rblad: 0,6 mm koldvalset st\u00e5l<br \/>\nRamme: 1,2 mm koldvalset st\u00e5l.<br \/>\nUdvendig finish: Farvet<br \/>\nH\u00e6ngsler: 2 stk. (for\u00e5r)<br \/>\nL\u00e5s: + kerne 35*35<br \/>\nBeslag : d\u00f8rh\u00e5ndtag ( Sort)<br \/>\nDimensioner:<br \/>\nD\u00f8rblad st\u00f8rrelse: 900 x 2000 mm<br \/>\nUdvendige m\u00e5l p\u00e5 d\u00f8rkarmen: 980 x 2040 mm<br \/>\nD\u00f8rv\u00e6gt \u2013 76 kg<\/p>\n<p>&nbsp;<\/p>","protected":false},"featured_media":17668,"template":"","meta":[],"product_brand":[],"product_cat":[82],"product_tag":[],"class_list":{"0":"post-19358","1":"product","2":"type-product","3":"status-publish","4":"has-post-thumbnail","6":"product_cat-tuletokkeuksed","8":"first","9":"instock","10":"taxable","11":"shipping-taxable","12":"purchasable","13":"product-type-simple"},"_links":{"self":[{"href":"https:\/\/flameguard.ee\/da\/wp-json\/wp\/v2\/product\/19358","targetHints":{"allow":["GET"]}}],"collection":[{"href":"https:\/\/flameguard.ee\/da\/wp-json\/wp\/v2\/product"}],"about":[{"href":"https:\/\/flameguard.ee\/da\/wp-json\/wp\/v2\/types\/product"}],"version-history":[{"count":1,"href":"https:\/\/flameguard.ee\/da\/wp-json\/wp\/v2\/product\/19358\/revisions"}],"predecessor-version":[{"id":19359,"href":"https:\/\/flameguard.ee\/da\/wp-json\/wp\/v2\/product\/19358\/revisions\/19359"}],"wp:featuredmedia":[{"embeddable":true,"href":"https:\/\/flameguard.ee\/da\/wp-json\/wp\/v2\/media\/17668"}],"wp:attachment":[{"href":"https:\/\/flameguard.ee\/da\/wp-json\/wp\/v2\/media?parent=19358"}],"wp:term":[{"taxonomy":"product_brand","embeddable":true,"href":"https:\/\/flameguard.ee\/da\/wp-json\/wp\/v2\/product_brand?post=19358"},{"taxonomy":"product_cat","embeddable":true,"href":"https:\/\/flameguard.ee\/da\/wp-json\/wp\/v2\/product_cat?post=19358"},{"taxonomy":"product_tag","embeddable":true,"href":"https:\/\/flameguard.ee\/da\/wp-json\/wp\/v2\/product_tag?post=19358"}],"curies":[{"name":"wp","href":"https:\/\/api.w.org\/{rel}","templated":true}]}}