{"id":19539,"date":"2025-08-04T12:23:19","date_gmt":"2025-08-04T09:23:19","guid":{"rendered":"https:\/\/flameguard.ee\/?post_type=product&#038;p=19539"},"modified":"2025-09-10T16:02:13","modified_gmt":"2025-09-10T13:02:13","slug":"kaitsekiiver-ballistiline-vest","status":"publish","type":"product","link":"https:\/\/flameguard.ee\/da\/product\/sikkerhedshjelm-ballistisk-vest\/","title":{"rendered":"Sikkerhedshjelm + skudsikker vest"},"content":{"rendered":"<p><strong>Hjelm<\/strong> NIJ3+- Ballistisk og skudsikker taktisk Kevlar-hjelm. Denne hjelm har gennemg\u00e5et strenge tests i et internationalt laboratorium i henhold til de h\u00f8jeste kvalitets- og ballistiske sikkerhedsstandarder, der er fastsat af STANAG. F\u00e5s i st\u00f8rrelse M eller L.<\/p>\n<p><strong>Vest <\/strong>\u2013 Ballistisk pladeholder 1000D Mil-Spec Coyote 60\" stof \u2013 vandafvisende nylonfinish. Et holdbart materiale, der er st\u00e6rkt, alsidigt, hurtigt\u00f8rrende og let at reng\u00f8re. Pladerne er placeret i en speciel lomme p\u00e5 for- og bagsiden. F\u00e5s i st\u00f8rrelserne M, L og XL.<\/p>\n<p>Fremstillet i Estland.<\/p>\n<p><strong>Ballistisk fuldlegeringsplade \u2013 <\/strong>modstandsdygtig over for kuglebl\u00f8d kerne og MNJ, 762\u00d751. Speciel bel\u00e6gning uden risiko for skader p\u00e5 grund af fragmentering af kuglen. Dimensioner og v\u00e6gt p\u00e5 en plade: 250\u00d7300 mm, 4,9 kg. Fremstillet i Estland.<\/p>\n<p>&nbsp;<\/p>\n<p>&nbsp;<\/p>","protected":false},"excerpt":{"rendered":"<p>S\u00e6ttet indeholder:<\/p>\n<ul>\n<li>beskyttelseshjelm;<\/li>\n<li>ballistisk plade b\u00e6revest (farvemuligheder: oliven, brun, sort);<\/li>\n<li>2 x skudplader.<\/li>\n<\/ul>\n<p>&nbsp;<\/p>","protected":false},"featured_media":19547,"template":"","meta":[],"product_brand":[206],"product_cat":[169,167],"product_tag":[],"class_list":{"0":"post-19539","1":"product","2":"type-product","3":"status-publish","4":"has-post-thumbnail","6":"product_brand-bulletproof","7":"product_cat-kriisitooted","8":"product_cat-varjumiskohad","10":"first","11":"instock","12":"sale","13":"taxable","14":"shipping-taxable","15":"purchasable","16":"product-type-simple"},"_links":{"self":[{"href":"https:\/\/flameguard.ee\/da\/wp-json\/wp\/v2\/product\/19539","targetHints":{"allow":["GET"]}}],"collection":[{"href":"https:\/\/flameguard.ee\/da\/wp-json\/wp\/v2\/product"}],"about":[{"href":"https:\/\/flameguard.ee\/da\/wp-json\/wp\/v2\/types\/product"}],"version-history":[{"count":7,"href":"https:\/\/flameguard.ee\/da\/wp-json\/wp\/v2\/product\/19539\/revisions"}],"predecessor-version":[{"id":19558,"href":"https:\/\/flameguard.ee\/da\/wp-json\/wp\/v2\/product\/19539\/revisions\/19558"}],"wp:featuredmedia":[{"embeddable":true,"href":"https:\/\/flameguard.ee\/da\/wp-json\/wp\/v2\/media\/19547"}],"wp:attachment":[{"href":"https:\/\/flameguard.ee\/da\/wp-json\/wp\/v2\/media?parent=19539"}],"wp:term":[{"taxonomy":"product_brand","embeddable":true,"href":"https:\/\/flameguard.ee\/da\/wp-json\/wp\/v2\/product_brand?post=19539"},{"taxonomy":"product_cat","embeddable":true,"href":"https:\/\/flameguard.ee\/da\/wp-json\/wp\/v2\/product_cat?post=19539"},{"taxonomy":"product_tag","embeddable":true,"href":"https:\/\/flameguard.ee\/da\/wp-json\/wp\/v2\/product_tag?post=19539"}],"curies":[{"name":"wp","href":"https:\/\/api.w.org\/{rel}","templated":true}]}}