{"id":19611,"date":"2026-02-05T18:26:26","date_gmt":"2026-02-05T15:26:26","guid":{"rendered":"https:\/\/flameguard.ee\/?post_type=product&#038;p=19611"},"modified":"2026-02-05T18:27:59","modified_gmt":"2026-02-05T15:27:59","slug":"korteriuhistule-varjumiskoha-kohandamine","status":"publish","type":"product","link":"https:\/\/flameguard.ee\/da\/product\/tilpasning-af-lejlighedsforeningen-herberget\/","title":{"rendered":"Tilpasning af et herberg til en lejlighedsforening"},"content":{"rendered":"","protected":false},"excerpt":{"rendered":"<p>Form\u00e5let med tjenesten er at st\u00f8tte lejlighedsforeninger i at tilpasse herberger for at \u00f8ge sikkerheden og beredskabet for beboerne i lejlighedskomplekser i krisesituationer.<br \/>\nInden for rammerne af tjenesten st\u00f8tter vi foreningen ved at indsende et tilskud, hj\u00e6lpe med at udarbejde et tilbud p\u00e5 bestilling af forskellige produkter og tjenester<\/p>","protected":false},"featured_media":19612,"template":"","meta":[],"product_brand":[],"product_cat":[211],"product_tag":[],"class_list":{"0":"post-19611","1":"product","2":"type-product","3":"status-publish","4":"has-post-thumbnail","6":"product_cat-varjumiskohad-teenused","8":"first","9":"instock","10":"taxable","11":"shipping-taxable","12":"product-type-simple"},"_links":{"self":[{"href":"https:\/\/flameguard.ee\/da\/wp-json\/wp\/v2\/product\/19611","targetHints":{"allow":["GET"]}}],"collection":[{"href":"https:\/\/flameguard.ee\/da\/wp-json\/wp\/v2\/product"}],"about":[{"href":"https:\/\/flameguard.ee\/da\/wp-json\/wp\/v2\/types\/product"}],"version-history":[{"count":3,"href":"https:\/\/flameguard.ee\/da\/wp-json\/wp\/v2\/product\/19611\/revisions"}],"predecessor-version":[{"id":19614,"href":"https:\/\/flameguard.ee\/da\/wp-json\/wp\/v2\/product\/19611\/revisions\/19614"}],"wp:featuredmedia":[{"embeddable":true,"href":"https:\/\/flameguard.ee\/da\/wp-json\/wp\/v2\/media\/19612"}],"wp:attachment":[{"href":"https:\/\/flameguard.ee\/da\/wp-json\/wp\/v2\/media?parent=19611"}],"wp:term":[{"taxonomy":"product_brand","embeddable":true,"href":"https:\/\/flameguard.ee\/da\/wp-json\/wp\/v2\/product_brand?post=19611"},{"taxonomy":"product_cat","embeddable":true,"href":"https:\/\/flameguard.ee\/da\/wp-json\/wp\/v2\/product_cat?post=19611"},{"taxonomy":"product_tag","embeddable":true,"href":"https:\/\/flameguard.ee\/da\/wp-json\/wp\/v2\/product_tag?post=19611"}],"curies":[{"name":"wp","href":"https:\/\/api.w.org\/{rel}","templated":true}]}}