{"id":19617,"date":"2026-02-05T19:41:24","date_gmt":"2026-02-05T16:41:24","guid":{"rendered":"https:\/\/flameguard.ee\/?post_type=product&#038;p=19617"},"modified":"2026-02-05T19:52:45","modified_gmt":"2026-02-05T16:52:45","slug":"korteriuhistule-varjumiskoha-projekti-koostamine","status":"publish","type":"product","link":"https:\/\/flameguard.ee\/da\/product\/sammenstilling-projektet-til-lejlighedsforeningen\/","title":{"rendered":"Forberedelse af et shelter-projekt"},"content":{"rendered":"","protected":false},"excerpt":{"rendered":"<p data-start=\"160\" data-end=\"323\">Form\u00e5let med tjenesten er at st\u00f8tte lejlighedsforeninger i forberedelsen af et shelter-projekt.<br data-start=\"237\" data-end=\"240\" \/>For at tilpasse k\u00e6lderrummene hj\u00e6lper vi dig med at forberede et projekt til indsendelse af en byggemeddelelse.<\/p>\n<p data-start=\"330\" data-end=\"375\">Under projektet vil vi d\u00e6kke f\u00f8lgende omr\u00e5der:<\/p>\n<ul data-start=\"378\" data-end=\"520\">\n<li data-start=\"378\" data-end=\"408\">\n<p data-start=\"380\" data-end=\"408\">arkitektoniske l\u00f8sninger;<\/p>\n<\/li>\n<li data-start=\"411\" data-end=\"426\">\n<p data-start=\"413\" data-end=\"426\">brandsikkerhed;<\/p>\n<\/li>\n<li data-start=\"429\" data-end=\"462\">\n<p data-start=\"431\" data-end=\"462\">beskyttelseselementer og produkter;<\/p>\n<\/li>\n<li data-start=\"465\" data-end=\"499\">\n<p data-start=\"467\" data-end=\"499\">vandforsyning og kloakering;<\/p>\n<\/li>\n<li data-start=\"502\" data-end=\"520\">\n<p data-start=\"504\" data-end=\"520\">elforsyning.<\/p>\n<\/li>\n<\/ul>","protected":false},"featured_media":19618,"template":"","meta":[],"product_brand":[],"product_cat":[211],"product_tag":[],"class_list":{"0":"post-19617","1":"product","2":"type-product","3":"status-publish","4":"has-post-thumbnail","6":"product_cat-varjumiskohad-teenused","8":"first","9":"instock","10":"taxable","11":"shipping-taxable","12":"product-type-simple"},"_links":{"self":[{"href":"https:\/\/flameguard.ee\/da\/wp-json\/wp\/v2\/product\/19617","targetHints":{"allow":["GET"]}}],"collection":[{"href":"https:\/\/flameguard.ee\/da\/wp-json\/wp\/v2\/product"}],"about":[{"href":"https:\/\/flameguard.ee\/da\/wp-json\/wp\/v2\/types\/product"}],"version-history":[{"count":2,"href":"https:\/\/flameguard.ee\/da\/wp-json\/wp\/v2\/product\/19617\/revisions"}],"predecessor-version":[{"id":19620,"href":"https:\/\/flameguard.ee\/da\/wp-json\/wp\/v2\/product\/19617\/revisions\/19620"}],"wp:featuredmedia":[{"embeddable":true,"href":"https:\/\/flameguard.ee\/da\/wp-json\/wp\/v2\/media\/19618"}],"wp:attachment":[{"href":"https:\/\/flameguard.ee\/da\/wp-json\/wp\/v2\/media?parent=19617"}],"wp:term":[{"taxonomy":"product_brand","embeddable":true,"href":"https:\/\/flameguard.ee\/da\/wp-json\/wp\/v2\/product_brand?post=19617"},{"taxonomy":"product_cat","embeddable":true,"href":"https:\/\/flameguard.ee\/da\/wp-json\/wp\/v2\/product_cat?post=19617"},{"taxonomy":"product_tag","embeddable":true,"href":"https:\/\/flameguard.ee\/da\/wp-json\/wp\/v2\/product_tag?post=19617"}],"curies":[{"name":"wp","href":"https:\/\/api.w.org\/{rel}","templated":true}]}}