{"id":3,"date":"2024-12-17T08:05:39","date_gmt":"2024-12-17T08:05:39","guid":{"rendered":"http:\/\/flameguard.ee.dedi7782.your-server.de\/?page_id=3"},"modified":"2025-03-05T11:10:29","modified_gmt":"2025-03-05T09:10:29","slug":"privaatsuspoliitika","status":"publish","type":"page","link":"https:\/\/flameguard.ee\/fi\/tietosuojakaytanto\/","title":{"rendered":"Tietosuojak\u00e4yt\u00e4nt\u00f6"},"content":{"rendered":"<div data-elementor-type=\"wp-page\" data-elementor-id=\"3\" class=\"elementor elementor-3\">\n\t\t\t\t<div class=\"wd-negative-gap elementor-element elementor-element-ccef3f6 e-flex e-con-boxed e-con e-parent\" data-id=\"ccef3f6\" data-element_type=\"container\" data-e-type=\"container\">\n\t\t\t\t\t<div class=\"e-con-inner\">\n\t\t<div class=\"elementor-element elementor-element-c0fa00a e-con-full e-flex e-con e-child\" data-id=\"c0fa00a\" data-element_type=\"container\" data-e-type=\"container\">\n\t\t\t\t<div class=\"elementor-element elementor-element-dfe917a wd-width-100 elementor-widget elementor-widget-wd_title\" data-id=\"dfe917a\" data-element_type=\"widget\" data-e-type=\"widget\" data-widget_type=\"wd_title.default\">\n\t\t\t\t<div class=\"elementor-widget-container\">\n\t\t\t\t\t\t\t<div class=\"title-wrapper wd-set-mb reset-last-child wd-title-color-default wd-title-style-default wd-title-size-default text-left\">\n\n\t\t\t\n\t\t\t<div class=\"liner-continer\">\n\t\t\t\t<h4 class=\"woodmart-title-container title wd-fontsize-l\">TIETOSUOJAK\u00c4YT\u00c4NT\u00d6<\/h4> \n\t\t\t\t\t\t\t<\/div>\n\n\t\t\t\t\t<\/div>\n\t\t\t\t\t\t<\/div>\n\t\t\t\t<\/div>\n\t\t\t\t<div class=\"elementor-element elementor-element-7c4ba8c elementor-widget elementor-widget-wd_text_block\" data-id=\"7c4ba8c\" data-element_type=\"widget\" data-e-type=\"widget\" data-widget_type=\"wd_text_block.default\">\n\t\t\t\t<div class=\"elementor-widget-container\">\n\t\t\t\t\t\t\t<div class=\"wd-text-block reset-last-child text-left\">\n\t\t\t\n\t\t\t<p><strong>Flameguard Systems O\u00dc<\/strong> verkkokaupan on k\u00e4ytett\u00e4v\u00e4 ostajan toimittamia tietoja erityisesti ostotilauksen t\u00e4ytt\u00e4miseen eik\u00e4 se saa paljastaa kolmansille osapuolille tietoja asiakkaasta, joka on tullut tietoon ostoksia tehdess\u00e4\u00e4n, ellei laissa toisin s\u00e4\u00e4det\u00e4. Asiakastietojen k\u00e4ytt\u00f6 suoramarkkinoinnissa on mahdollista vain, jos asiakas antaa suostumuksensa tallentamalla henkil\u00f6kohtaisen yhteysosoitteen uutiskirjeen vastaanottajaksi rekister\u00f6itymisen yhteydess\u00e4 tai asiakasrekister\u00f6intilomakkeella.<\/p><p>Asiakas voi milloin tahansa peruuttaa halunsa saada henkil\u00f6kohtaisia tarjouksia. H\u00e4nell\u00e4 on my\u00f6s oikeus vaatia tietojensa k\u00e4sittelyn lopettamista tai poistamista, jos t\u00e4m\u00e4 oikeus perustuu tietosuojalakiin tai muuhun lains\u00e4\u00e4d\u00e4nt\u00f6\u00f6n.<\/p><h2>Yksityisyys<\/h2><p>1. www.flameguard.ee verkkosivustoa k\u00e4ytt\u00e4ess\u00e4\u00e4n asiakkaan on annettava nimenomainen ja tietoinen suostumus www.flameguard.ee henkil\u00f6tietojensa k\u00e4sittelyyn.<\/p><p>2. www.flameguard.ee saa k\u00e4ytt\u00e4\u00e4 asiakkaan antamia henkil\u00f6tietoja ainoastaan asiakkaan ostotilauksen t\u00e4ytt\u00e4miseen. Tietoja on k\u00e4sitelt\u00e4v\u00e4 luottamuksellisesti eik\u00e4 niit\u00e4 saa luovuttaa kolmansille osapuolille, paitsi jos asiakkaan valitsema toimitustapa sit\u00e4 edellytt\u00e4\u00e4 laissa s\u00e4\u00e4detyiss\u00e4 tapauksissa.<\/p><p>3. www.flameguard.ee varaa itselleen oikeuden l\u00e4hett\u00e4\u00e4 asiakkaalle tietoja uusista tuotteista ja alennustarjouksista, jos asiakas on tilannut www.flameguard.ee uutiskirjeen. Asiakkaalla on oikeus pyyt\u00e4\u00e4, ett\u00e4 h\u00e4nen tietonsa poistetaan www.flameguard.ee tietokannasta.<\/p><p>4. Asioissa, joista ei m\u00e4\u00e4r\u00e4t\u00e4 n\u00e4iss\u00e4 m\u00e4\u00e4r\u00e4yksiss\u00e4, asiakas ja www.flameguard.ee noudattavat Viron tasavallan voimassa olevaa lains\u00e4\u00e4d\u00e4nt\u00f6\u00e4 ja muita osapuolten v\u00e4lisi\u00e4 suhteita s\u00e4\u00e4ntelevi\u00e4 s\u00e4\u00e4d\u00f6ksi\u00e4.<\/p><p>5. Osapuolet ratkaisevat n\u00e4iden lausekkeiden noudattamisesta johtuvat erimielisyydet ja riidat erityisesti neuvottelemalla. Jos sopimusriitoja ei voida ratkaista osapuolten v\u00e4lisin neuvotteluin, sek\u00e4 asiakkaalla ett\u00e4 www.flameguard.ee:ll\u00e4 on oikeus vedota oikeuksiinsa kuluttajansuojavirastossa tai tuomioistuimessa.<\/p><p><strong>Flameguard Systems OU on henkil\u00f6tietojen rekisterinpit\u00e4j\u00e4, joka toimittaa maksujen suorittamiseen tarvittavat henkil\u00f6tiedot henkil\u00f6tietojen k\u00e4sittelij\u00e4lle Montonio Finance OU:lle.<\/strong><\/p>\n\t\t\t\t\t<\/div>\n\t\t\t\t\t\t<\/div>\n\t\t\t\t<\/div>\n\t\t\t\t<\/div>\n\t\t\t\t\t<\/div>\n\t\t\t\t<\/div>\n\t\t\t\t<\/div>","protected":false},"excerpt":{"rendered":"<p>TIETOSUOJALAINS\u00c4\u00c4D\u00c4NN\u00d6N Flameguard Systems Ou:n verkkokauppa k\u00e4ytt\u00e4\u00e4 ostajan antamia tietoja erityisesti ostotilauksen t\u00e4ytt\u00e4miseen, eik\u00e4 se julkaise ostojen yhteydess\u00e4 saamiaan tietoja<\/p>","protected":false},"author":1,"featured_media":0,"parent":0,"menu_order":0,"comment_status":"closed","ping_status":"closed","template":"","meta":{"footnotes":""},"class_list":["post-3","page","type-page","status-publish","hentry"],"_links":{"self":[{"href":"https:\/\/flameguard.ee\/fi\/wp-json\/wp\/v2\/pages\/3","targetHints":{"allow":["GET"]}}],"collection":[{"href":"https:\/\/flameguard.ee\/fi\/wp-json\/wp\/v2\/pages"}],"about":[{"href":"https:\/\/flameguard.ee\/fi\/wp-json\/wp\/v2\/types\/page"}],"author":[{"embeddable":true,"href":"https:\/\/flameguard.ee\/fi\/wp-json\/wp\/v2\/users\/1"}],"replies":[{"embeddable":true,"href":"https:\/\/flameguard.ee\/fi\/wp-json\/wp\/v2\/comments?post=3"}],"version-history":[{"count":14,"href":"https:\/\/flameguard.ee\/fi\/wp-json\/wp\/v2\/pages\/3\/revisions"}],"predecessor-version":[{"id":17009,"href":"https:\/\/flameguard.ee\/fi\/wp-json\/wp\/v2\/pages\/3\/revisions\/17009"}],"wp:attachment":[{"href":"https:\/\/flameguard.ee\/fi\/wp-json\/wp\/v2\/media?parent=3"}],"curies":[{"name":"wp","href":"https:\/\/api.w.org\/{rel}","templated":true}]}}