{"id":4400,"date":"2021-10-12T15:51:09","date_gmt":"2021-10-12T15:51:09","guid":{"rendered":"http:\/\/dummy.xtemos.com\/woodmart2\/elementor\/?page_id=4400"},"modified":"2025-07-16T14:53:22","modified_gmt":"2025-07-16T11:53:22","slug":"ettevottest","status":"publish","type":"page","link":"https:\/\/flameguard.ee\/fi\/yrityksesta\/","title":{"rendered":"Yrityksest\u00e4"},"content":{"rendered":"<div data-elementor-type=\"wp-page\" data-elementor-id=\"4400\" class=\"elementor elementor-4400\">\n\t\t\t\t<div class=\"wd-negative-gap elementor-element elementor-element-681b278 e-flex e-con-boxed e-con e-parent\" data-id=\"681b278\" data-element_type=\"container\" data-e-type=\"container\">\n\t\t\t\t\t<div class=\"e-con-inner\">\n\t\t<div class=\"elementor-element elementor-element-34a2dc1 e-con-full e-flex e-con e-child\" data-id=\"34a2dc1\" data-element_type=\"container\" data-e-type=\"container\">\n\t\t\t\t<div class=\"elementor-element elementor-element-81a7900 wd-width-100 elementor-widget elementor-widget-wd_title\" data-id=\"81a7900\" data-element_type=\"widget\" data-e-type=\"widget\" data-widget_type=\"wd_title.default\">\n\t\t\t\t<div class=\"elementor-widget-container\">\n\t\t\t\t\t\t\t<div class=\"title-wrapper wd-set-mb reset-last-child wd-title-color-default wd-title-style-default wd-title-size-default text-left\">\n\n\t\t\t\n\t\t\t<div class=\"liner-continer\">\n\t\t\t\t<h4 class=\"woodmart-title-container title wd-fontsize-l\">YRITYKSEST\u00c4<\/h4> \n\t\t\t\t\t\t\t<\/div>\n\n\t\t\t\t\t<\/div>\n\t\t\t\t\t\t<\/div>\n\t\t\t\t<\/div>\n\t\t\t\t<div class=\"elementor-element elementor-element-e7a6160 elementor-widget elementor-widget-wd_text_block\" data-id=\"e7a6160\" data-element_type=\"widget\" data-e-type=\"widget\" data-widget_type=\"wd_text_block.default\">\n\t\t\t\t<div class=\"elementor-widget-container\">\n\t\t\t\t\t\t\t<div class=\"wd-text-block reset-last-child text-left\">\n\t\t\t\n\t\t\t<h5 style=\"font-weight: bold;\">Flameguard \u2013 luotettava SHEQ-turvakumppani Pohjoismaissa ja Baltiassa.<\/h5><p>Flameguard on Pohjoismaissa ja Baltiassa toimiva yritys, joka myy kattavia ratkaisuja siviilipuolustukseen, ty\u00f6- ja paloturvallisuuteen, ymp\u00e4rist\u00f6\u00f6n ja laatuun (SHEQ) liittyviin palveluihin ja turvallisuustuotteisiin. Valmistamme Tallinnassa korkealaatuisia ja sertifioituja palontorjuntaverhoja, jotka t\u00e4ytt\u00e4v\u00e4t korkeat turvallisuusvaatimukset ja jotka voidaan liitt\u00e4\u00e4 tavanomaisiin automaattisiin palonhavaitsemisj\u00e4rjestelmiin. Keskitymme ydintoiminnassamme puolustusteollisuuteen, julkiseen sektoriin, yksityisiin ja yritysasiakkaisiin. Flameguard-verkkokaupan valikoimasta l\u00f6ytyy laadukkaita ja innovatiivisia suoja- ja turvatuotteita, jotka soveltuvat sek\u00e4 yritysasiakkaille ett\u00e4 DIY:n yksityisasiakkaille.<\/p><p>Flameguard-yksik\u00f6n huolto- ja asennushenkil\u00f6st\u00f6 asentaa tuotteita erilaisissa olosuhteissa, mik\u00e4 antaa mahdollisuuden testata erilaisia tuotteita ja l\u00f6yt\u00e4\u00e4 uusia k\u00e4ytt\u00f6tapoja tai parantaa niit\u00e4. Lis\u00e4arvona autamme rakentajia ja vakuutusyhti\u00f6it\u00e4 testaamaan eri materiaalien paloteknist\u00e4 k\u00e4ytt\u00e4ytymist\u00e4 tai palonkest\u00e4vyytt\u00e4. T\u00e4m\u00e4n ansiosta tuote- ja palveluvalikoima laajenee jatkuvasti, ja se on yrityksemme kest\u00e4vyyden perusta.<\/p><p>P\u00e4ivitt\u00e4isen\u00e4 tavoitteenamme on olla ammattimainen kumppani, jonka asiantunteva neuvonta ja kokemus auttavat v\u00e4hent\u00e4m\u00e4\u00e4n kustannuksia, ehk\u00e4isem\u00e4\u00e4n vahinkoja ja varmistamaan, ett\u00e4 ne t\u00e4ytt\u00e4v\u00e4t my\u00f6s kaikkein monimutkaisimmat vaatimukset. Flameguard-asiantuntijat toimivat p\u00e4ivitt\u00e4in turvallisuuden ja ymp\u00e4rist\u00f6yst\u00e4v\u00e4llisen toiminnan varmistamiseksi.<\/p><h5 style=\"font-weight: bold;\">Mit\u00e4 tarjoamme?<\/h5><p>\u2705 <strong>Riskinhallintapalvelut<\/strong><br \/>Autamme ymm\u00e4rt\u00e4m\u00e4\u00e4n ja ratkaisemaan paloturvallisuuteen ja SHEQIIN liittyv\u00e4t haasteet. Tarjoamme konsultointia, k\u00e4yt\u00e4nn\u00f6n ratkaisuja ja asiantuntijatukea sen varmistamiseksi, ett\u00e4 voimassa olevia turvallisuusvaatimuksia noudatetaan tai ett\u00e4 omistaja valvoo niit\u00e4.<\/p><p>\u2705 <strong>Turvallisuusauditoinnit ja riskianalyysit<\/strong><br \/>Tarkastamme rakennusten ja ty\u00f6ymp\u00e4rist\u00f6n paloturvallisuuden, tunnistamme mahdolliset vaaratekij\u00e4t ja annamme suosituksia niiden ehk\u00e4isemiseksi. Auditoinnemme auttavat t\u00e4ytt\u00e4m\u00e4\u00e4n lakis\u00e4\u00e4teiset vaatimukset ja v\u00e4hent\u00e4m\u00e4\u00e4n riskej\u00e4.<\/p><p>\u2705 <strong>Palontorjuntaty\u00f6t ja palon levi\u00e4misen est\u00e4minen<\/strong><br \/>Asennamme ja yll\u00e4pid\u00e4mme paloturvallisuuslaitteistoja ja tarjoamme paloturvallisuuden hallintapalvelua. Lis\u00e4ksi teemme julkisivu- ja sis\u00e4paloaukkoja est\u00e4\u00e4ksemme tulen levi\u00e4misen ja suojellaksemme ihmisi\u00e4 tai omaisuutta.<\/p><p>\u2705 <strong>Ymp\u00e4rist\u00f6asioiden hallinta<\/strong><br \/>Tarjoamme <strong>ymp\u00e4rist\u00f6asioiden hallintapalvelut<\/strong>, jotka auttavat yrityksi\u00e4 t\u00e4ytt\u00e4m\u00e4\u00e4n ymp\u00e4rist\u00f6vaatimukset, v\u00e4hent\u00e4m\u00e4\u00e4n ymp\u00e4rist\u00f6vaikutuksia ja parantamaan resurssien k\u00e4ytt\u00f6\u00e4. Autamme ottamaan k\u00e4ytt\u00f6\u00f6n ymp\u00e4rist\u00f6j\u00e4rjestelmi\u00e4 ja varmistamaan, ett\u00e4 ne ovat kansainv\u00e4listen standardien mukaisia.<\/p><p>\u2705 <strong>Koulutus ja tiedotus<\/strong><br \/>Tarjoamme <strong>monenlaista koulutusta<\/strong>, mukaan lukien v\u00e4est\u00f6nsuojelu, paloturvallisuus, ty\u00f6turvallisuus, ymp\u00e4rist\u00f6asioiden hallinta ja SHEQ-kysymykset. Koulutuksemme on k\u00e4yt\u00e4nn\u00f6llist\u00e4 ja sill\u00e4 pyrit\u00e4\u00e4n lis\u00e4\u00e4m\u00e4\u00e4n tietoisuutta. Autamme parantamaan taitoja, jotta ty\u00f6ntekij\u00e4t ymm\u00e4rt\u00e4isiv\u00e4t paremmin ja ryhtyisiv\u00e4t tarvittaviin turvatoimiin.<\/p><p>\u2705 <strong>Paloturvallisuustuotteet ja s\u00e4hk\u00f6inen kauppa<\/strong><br \/>Tarjoamme laadukkaita ja innovatiivisia puolustus- ja paloturvallisuustuotteita, jotka voidaan tilata mukavasti verkkokaupastamme. Lis\u00e4ksi olemme useiden kansainv\u00e4listen tuotemerkkien virallinen edustaja ja maahantuoja.<\/p><p>\u2705 <strong>Digitaaliset ratkaisut ja \u00e4lykk\u00e4\u00e4t ty\u00f6kalut<\/strong><br \/>Verkko- ja mobiility\u00f6kalujemme avulla voit hallita ja valvoa turvallisuutta entist\u00e4 tehokkaammin ja turvallisemmin ty\u00f6ymp\u00e4rist\u00f6ss\u00e4.<\/p>\n\t\t\t\t\t<\/div>\n\t\t\t\t\t\t<\/div>\n\t\t\t\t<\/div>\n\t\t\t\t<div class=\"elementor-element elementor-element-505cc68 e-grid-align-left elementor-shape-rounded elementor-grid-0 elementor-widget elementor-widget-social-icons\" data-id=\"505cc68\" data-element_type=\"widget\" data-e-type=\"widget\" data-widget_type=\"social-icons.default\">\n\t\t\t\t<div class=\"elementor-widget-container\">\n\t\t\t\t\t\t\t<div class=\"elementor-social-icons-wrapper elementor-grid\" role=\"list\">\n\t\t\t\t\t\t\t<span class=\"elementor-grid-item\" role=\"listitem\">\n\t\t\t\t\t<a class=\"elementor-icon elementor-social-icon elementor-social-icon-facebook elementor-repeater-item-0ca661d\" href=\"https:\/\/www.facebook.com\/FlameguardSystems\" target=\"_blank\" rel=\"noopener\">\n\t\t\t\t\t\t<span class=\"elementor-screen-only\">Facebook<\/span>\n\t\t\t\t\t\t<svg aria-hidden=\"true\" class=\"e-font-icon-svg e-fab-facebook\" viewbox=\"0 0 512 512\" xmlns=\"http:\/\/www.w3.org\/2000\/svg\"><path d=\"M504 256C504 119 393 8 256 8S8 119 8 256c0 123.78 90.69 226.38 209.25 245V327.69h-63V256h63v-54.64c0-62.15 37-96.48 93.67-96.48 27.14 0 55.52 4.84 55.52 4.84v61h-31.28c-30.8 0-40.41 19.12-40.41 38.73V256h68.78l-11 71.69h-57.78V501C413.31 482.38 504 379.78 504 256z\"><\/path><\/svg>\t\t\t\t\t<\/a>\n\t\t\t\t<\/span>\n\t\t\t\t\t\t\t<span class=\"elementor-grid-item\" role=\"listitem\">\n\t\t\t\t\t<a class=\"elementor-icon elementor-social-icon elementor-social-icon-linkedin elementor-repeater-item-b31b56a\" href=\"https:\/\/www.linkedin.com\/company\/flameguard-systems\/\" target=\"_blank\" rel=\"noopener\">\n\t\t\t\t\t\t<span class=\"elementor-screen-only\">LinkedIn<\/span>\n\t\t\t\t\t\t<svg aria-hidden=\"true\" class=\"e-font-icon-svg e-fab-linkedin\" viewbox=\"0 0 448 512\" xmlns=\"http:\/\/www.w3.org\/2000\/svg\"><path d=\"M416 32H31.9C14.3 32 0 46.5 0 64.3v383.4C0 465.5 14.3 480 31.9 480H416c17.6 0 32-14.5 32-32.3V64.3c0-17.8-14.4-32.3-32-32.3zM135.4 416H69V202.2h66.5V416zm-33.2-243c-21.3 0-38.5-17.3-38.5-38.5S80.9 96 102.2 96c21.2 0 38.5 17.3 38.5 38.5 0 21.3-17.2 38.5-38.5 38.5zm282.1 243h-66.4V312c0-24.8-.5-56.7-34.5-56.7-34.6 0-39.9 27-39.9 54.9V416h-66.4V202.2h63.7v29.2h.9c8.9-16.8 30.6-34.5 62.9-34.5 67.2 0 79.7 44.3 79.7 101.9V416z\"><\/path><\/svg>\t\t\t\t\t<\/a>\n\t\t\t\t<\/span>\n\t\t\t\t\t\t\t<span class=\"elementor-grid-item\" role=\"listitem\">\n\t\t\t\t\t<a class=\"elementor-icon elementor-social-icon elementor-social-icon-instagram elementor-repeater-item-d3e6fed\" href=\"https:\/\/www.instagram.com\/flameguard_systems\/\" target=\"_blank\" rel=\"noopener\">\n\t\t\t\t\t\t<span class=\"elementor-screen-only\">Instagram<\/span>\n\t\t\t\t\t\t<svg aria-hidden=\"true\" class=\"e-font-icon-svg e-fab-instagram\" viewbox=\"0 0 448 512\" xmlns=\"http:\/\/www.w3.org\/2000\/svg\"><path d=\"M224.1 141c-63.6 0-114.9 51.3-114.9 114.9s51.3 114.9 114.9 114.9S339 319.5 339 255.9 287.7 141 224.1 141zm0 189.6c-41.1 0-74.7-33.5-74.7-74.7s33.5-74.7 74.7-74.7 74.7 33.5 74.7 74.7-33.6 74.7-74.7 74.7zm146.4-194.3c0 14.9-12 26.8-26.8 26.8-14.9 0-26.8-12-26.8-26.8s12-26.8 26.8-26.8 26.8 12 26.8 26.8zm76.1 27.2c-1.7-35.9-9.9-67.7-36.2-93.9-26.2-26.2-58-34.4-93.9-36.2-37-2.1-147.9-2.1-184.9 0-35.8 1.7-67.6 9.9-93.9 36.1s-34.4 58-36.2 93.9c-2.1 37-2.1 147.9 0 184.9 1.7 35.9 9.9 67.7 36.2 93.9s58 34.4 93.9 36.2c37 2.1 147.9 2.1 184.9 0 35.9-1.7 67.7-9.9 93.9-36.2 26.2-26.2 34.4-58 36.2-93.9 2.1-37 2.1-147.8 0-184.8zM398.8 388c-7.8 19.6-22.9 34.7-42.6 42.6-29.5 11.7-99.5 9-132.1 9s-102.7 2.6-132.1-9c-19.6-7.8-34.7-22.9-42.6-42.6-11.7-29.5-9-99.5-9-132.1s-2.6-102.7 9-132.1c7.8-19.6 22.9-34.7 42.6-42.6 29.5-11.7 99.5-9 132.1-9s102.7-2.6 132.1 9c19.6 7.8 34.7 22.9 42.6 42.6 11.7 29.5 9 99.5 9 132.1s2.7 102.7-9 132.1z\"><\/path><\/svg>\t\t\t\t\t<\/a>\n\t\t\t\t<\/span>\n\t\t\t\t\t<\/div>\n\t\t\t\t\t\t<\/div>\n\t\t\t\t<\/div>\n\t\t\t\t<div class=\"elementor-element elementor-element-9f3f305 elementor-widget elementor-widget-wd_text_block\" data-id=\"9f3f305\" data-element_type=\"widget\" data-e-type=\"widget\" data-widget_type=\"wd_text_block.default\">\n\t\t\t\t<div class=\"elementor-widget-container\">\n\t\t\t\t\t\t\t<div class=\"wd-text-block reset-last-child text-left\">\n\t\t\t\n\t\t\t<p><strong>EAS tuki Flameguard Systems OU:n hanketta \u201dEI-luokkaisten palontorjuntaverhojen testaus ja sertifiointi (hanke 2014\u20132020.4.4.04.21\u20132107)\u201d.<\/strong><\/p><p><strong>Hankkeen lyhyt kuvaus:<\/strong> Hankkeen aikana tuote on prototyyppitestattava, testattava ja sertifioitava.<br \/><strong>Hankkeen tulos:<\/strong> Tuotteen prototyyppi on testattu EN-16034-standardin mukaisesti ja sertifioitu.<\/p><p><img decoding=\"async\" style=\"max-width: 300px; height: auto; margin-top: 15px;\" src=\"\/wp-content\/uploads\/2025\/02\/EAS_SF_RGB_EST1.png\" \/><\/p>\n\t\t\t\t\t<\/div>\n\t\t\t\t\t\t<\/div>\n\t\t\t\t<\/div>\n\t\t\t\t<div class=\"elementor-element elementor-element-6b9226a wd-width-100 elementor-widget elementor-widget-wd_title\" data-id=\"6b9226a\" data-element_type=\"widget\" data-e-type=\"widget\" data-widget_type=\"wd_title.default\">\n\t\t\t\t<div class=\"elementor-widget-container\">\n\t\t\t\t\t\t\t<div class=\"title-wrapper wd-set-mb reset-last-child wd-title-color-default wd-title-style-default wd-title-size-default text-left\">\n\n\t\t\t\n\t\t\t<div class=\"liner-continer\">\n\t\t\t\t<h4 class=\"woodmart-title-container title wd-fontsize-l\">TEHTY TY\u00d6<\/h4> \n\t\t\t\t\t\t\t<\/div>\n\n\t\t\t\t\t<\/div>\n\t\t\t\t\t\t<\/div>\n\t\t\t\t<\/div>\n\t\t\t\t<div class=\"elementor-element elementor-element-78a44f7 project-block elementor-widget elementor-widget-wd_infobox_carousel\" data-id=\"78a44f7\" data-element_type=\"widget\" data-e-type=\"widget\" data-widget_type=\"wd_infobox_carousel.default\">\n\t\t\t\t<div class=\"elementor-widget-container\">\n\t\t\t\t\t\t\t<div class=\"wd-carousel-container info-box-carousel-wrapper\">\n\t\t\t<div class=\"wd-carousel-inner\">\n\t\t\t\t<div class=\"wd-carousel wd-grid info-box-carousel\" data-scroll_per_page=\"yes\" style=\"--wd-col-lg:2;--wd-col-md:2;--wd-col-sm:1;--wd-gap-lg:30px;--wd-gap-sm:10px;\">\n\t\t\t\t\t<div class=\"wd-carousel-wrap\">\n\t\t\t\t\t\t\t\t\t\t\t\t\t\t\t\t\t\t\t\t\t\t<div class=\"info-box-wrapper wd-carousel-item\">\n\t\t\t<div class=\"wd-info-box text-left box-icon-align-left box-style-shadow color-scheme-  elementor-repeater-item-1fcc0c5 wd-items-middle with-btn box-btn-static\">\n\t\t\t\t\t\t\t\t\t<div class=\"box-icon-wrapper  box-with-icon box-icon-simple\">\n\t\t\t\t\t\t<div class=\"info-box-icon\">\n\t\t\t\t\t\t\t\t\t\t\t\t\t\t\t<img fetchpriority=\"high\" decoding=\"async\" width=\"500\" height=\"360\" src=\"https:\/\/flameguard.ee\/wp-content\/uploads\/2025\/02\/nordlin_ehitus_flame.webp\" class=\"attachment-full size-full\" alt=\"\" srcset=\"https:\/\/flameguard.ee\/wp-content\/uploads\/2025\/02\/nordlin_ehitus_flame.webp 500w, https:\/\/flameguard.ee\/wp-content\/uploads\/2025\/02\/nordlin_ehitus_flame-400x288.webp 400w, https:\/\/flameguard.ee\/wp-content\/uploads\/2025\/02\/nordlin_ehitus_flame-430x310.webp 430w, https:\/\/flameguard.ee\/wp-content\/uploads\/2025\/02\/nordlin_ehitus_flame-150x108.webp 150w\" sizes=\"(max-width: 500px) 100vw, 500px\" \/>\t\t\t\t\t\t\t\t\t\t\t\t\t<\/div>\n\t\t\t\t\t<\/div>\n\t\t\t\t\n\t\t\t\t<div class=\"info-box-content\">\n\t\t\t\t\t\n\t\t\t\t\t\n\t\t\t\t\t<div class=\"info-box-inner reset-last-child\"data-elementor-setting-key=\"content\"><p><strong>Objekti:<\/strong><br \/>Saku-lukio<\/p>\n<p><strong>Tuote:<\/strong><br \/>Palosuojaverhot<\/p>\n<p><strong>Tilaaja:<\/strong><br \/>Nordlin rakentaminen<\/p>\n<\/div>\n\n\t\t\t\t\t\t\t\t\t\t\t<div class=\"info-btn-wrapper\">\n\t\t\t\t\t\t\t\t\t<div class=\"wd-button-wrapper text-left\" >\n\t\t\t<a class=\"btn btn-style-default btn-shape-rectangle btn-size-default btn-icon-pos-right\" >\n\t\t\t\t<span class=\"wd-btn-text\" data-elementor-setting-key=\"text\">\n\t\t\t\t\tRivit more\t\t\t\t<\/span>\n\n\t\t\t\t\t\t\t<\/a>\n\t\t<\/div>\n\t\t\t\t\t\t\t\t<\/div>\n\t\t\t\t\t\t\t\t\t<\/div>\n\n\t\t\t\t\t\t\t<\/div>\n\t\t<\/div>\n\t\t\t\t\t\t\t\t\t\t\t\t\t\t\t\t\t\t\t\t\t\t\t\t<div class=\"info-box-wrapper wd-carousel-item\">\n\t\t\t<div class=\"wd-info-box text-left box-icon-align-left box-style-shadow color-scheme-  elementor-repeater-item-350621f wd-items-middle with-btn box-btn-static\">\n\t\t\t\t\t\t\t\t\t<div class=\"box-icon-wrapper  box-with-icon box-icon-simple\">\n\t\t\t\t\t\t<div class=\"info-box-icon\">\n\t\t\t\t\t\t\t\t\t\t\t\t\t\t\t<img decoding=\"async\" width=\"500\" height=\"360\" src=\"https:\/\/flameguard.ee\/wp-content\/uploads\/2025\/02\/projekt-2.webp\" class=\"attachment-full size-full\" alt=\"\" srcset=\"https:\/\/flameguard.ee\/wp-content\/uploads\/2025\/02\/projekt-2.webp 500w, https:\/\/flameguard.ee\/wp-content\/uploads\/2025\/02\/projekt-2-400x288.webp 400w, https:\/\/flameguard.ee\/wp-content\/uploads\/2025\/02\/projekt-2-430x310.webp 430w, https:\/\/flameguard.ee\/wp-content\/uploads\/2025\/02\/projekt-2-150x108.webp 150w\" sizes=\"(max-width: 500px) 100vw, 500px\" \/>\t\t\t\t\t\t\t\t\t\t\t\t\t<\/div>\n\t\t\t\t\t<\/div>\n\t\t\t\t\n\t\t\t\t<div class=\"info-box-content\">\n\t\t\t\t\t\n\t\t\t\t\t\n\t\t\t\t\t<div class=\"info-box-inner reset-last-child\"data-elementor-setting-key=\"content\"><p><strong>Objekti:<\/strong><br \/>Tallinnan Vanasataman D-terminaali<\/p>\n<p><strong>Tuote:<\/strong><br \/>Palosuojaverhot, Savuverhot<\/p>\n<p><strong>Tilaaja:<\/strong><br \/>Nordecon AS<\/p>\n<\/div>\n\n\t\t\t\t\t\t\t\t\t\t\t<div class=\"info-btn-wrapper\">\n\t\t\t\t\t\t\t\t\t<div class=\"wd-button-wrapper text-left\" >\n\t\t\t<a class=\"btn btn-style-default btn-shape-rectangle btn-size-default btn-icon-pos-right\" >\n\t\t\t\t<span class=\"wd-btn-text\" data-elementor-setting-key=\"text\">\n\t\t\t\t\tRivit more\t\t\t\t<\/span>\n\n\t\t\t\t\t\t\t<\/a>\n\t\t<\/div>\n\t\t\t\t\t\t\t\t<\/div>\n\t\t\t\t\t\t\t\t\t<\/div>\n\n\t\t\t\t\t\t\t<\/div>\n\t\t<\/div>\n\t\t\t\t\t\t\t\t\t\t\t\t\t\t\t\t\t\t\t\t\t\t\t\t<div class=\"info-box-wrapper wd-carousel-item\">\n\t\t\t<div class=\"wd-info-box text-left box-icon-align-left box-style-shadow color-scheme-  elementor-repeater-item-aa51906 wd-items-middle with-btn box-btn-static\">\n\t\t\t\t\t\t\t\t\t<div class=\"box-icon-wrapper  box-with-icon box-icon-simple\">\n\t\t\t\t\t\t<div class=\"info-box-icon\">\n\t\t\t\t\t\t\t\t\t\t\t\t\t\t\t<img decoding=\"async\" width=\"500\" height=\"360\" src=\"https:\/\/flameguard.ee\/wp-content\/uploads\/2025\/02\/projekt-3.webp\" class=\"attachment-full size-full\" alt=\"\" srcset=\"https:\/\/flameguard.ee\/wp-content\/uploads\/2025\/02\/projekt-3.webp 500w, https:\/\/flameguard.ee\/wp-content\/uploads\/2025\/02\/projekt-3-400x288.webp 400w, https:\/\/flameguard.ee\/wp-content\/uploads\/2025\/02\/projekt-3-430x310.webp 430w, https:\/\/flameguard.ee\/wp-content\/uploads\/2025\/02\/projekt-3-150x108.webp 150w\" sizes=\"(max-width: 500px) 100vw, 500px\" \/>\t\t\t\t\t\t\t\t\t\t\t\t\t<\/div>\n\t\t\t\t\t<\/div>\n\t\t\t\t\n\t\t\t\t<div class=\"info-box-content\">\n\t\t\t\t\t\n\t\t\t\t\t\n\t\t\t\t\t<div class=\"info-box-inner reset-last-child\"data-elementor-setting-key=\"content\"><p><strong>Objekti:<\/strong><br \/>Tavukoulu<\/p>\n<p><strong>Tuote:<\/strong><br \/>Palosuojaverhot<\/p>\n<p><strong>Tilaaja:<\/strong><br \/>Tesron Rakennus OU<\/p>\n<\/div>\n\n\t\t\t\t\t\t\t\t\t\t\t<div class=\"info-btn-wrapper\">\n\t\t\t\t\t\t\t\t\t<div class=\"wd-button-wrapper text-left\" >\n\t\t\t<a class=\"btn btn-style-default btn-shape-rectangle btn-size-default btn-icon-pos-right\" >\n\t\t\t\t<span class=\"wd-btn-text\" data-elementor-setting-key=\"text\">\n\t\t\t\t\tRivit more\t\t\t\t<\/span>\n\n\t\t\t\t\t\t\t<\/a>\n\t\t<\/div>\n\t\t\t\t\t\t\t\t<\/div>\n\t\t\t\t\t\t\t\t\t<\/div>\n\n\t\t\t\t\t\t\t<\/div>\n\t\t<\/div>\n\t\t\t\t\t\t\t\t\t\t\t\t\t\t\t\t\t\t\t\t\t\t\t\t<div class=\"info-box-wrapper wd-carousel-item\">\n\t\t\t<div class=\"wd-info-box text-left box-icon-align-left box-style-shadow color-scheme-  elementor-repeater-item-09b4f72 wd-items-middle with-btn box-btn-static\">\n\t\t\t\t\t\t\t\t\t<div class=\"box-icon-wrapper  box-with-icon box-icon-simple\">\n\t\t\t\t\t\t<div class=\"info-box-icon\">\n\t\t\t\t\t\t\t\t\t\t\t\t\t\t\t<img loading=\"lazy\" decoding=\"async\" width=\"500\" height=\"360\" src=\"https:\/\/flameguard.ee\/wp-content\/uploads\/2025\/02\/projekt-4.webp\" class=\"attachment-full size-full\" alt=\"\" srcset=\"https:\/\/flameguard.ee\/wp-content\/uploads\/2025\/02\/projekt-4.webp 500w, https:\/\/flameguard.ee\/wp-content\/uploads\/2025\/02\/projekt-4-400x288.webp 400w, https:\/\/flameguard.ee\/wp-content\/uploads\/2025\/02\/projekt-4-430x310.webp 430w, https:\/\/flameguard.ee\/wp-content\/uploads\/2025\/02\/projekt-4-150x108.webp 150w\" sizes=\"(max-width: 500px) 100vw, 500px\" \/>\t\t\t\t\t\t\t\t\t\t\t\t\t<\/div>\n\t\t\t\t\t<\/div>\n\t\t\t\t\n\t\t\t\t<div class=\"info-box-content\">\n\t\t\t\t\t\n\t\t\t\t\t\n\t\t\t\t\t<div class=\"info-box-inner reset-last-child\"data-elementor-setting-key=\"content\"><p><strong>Objekti:<\/strong><br \/>Kartanon parkkitalo<\/p>\n<p><strong>Tuote:<\/strong><br \/>Palosuojaverhot<\/p>\n<p><strong>Tilaaja:<\/strong><br \/>Nordecon betoni OU<\/p>\n<\/div>\n\n\t\t\t\t\t\t\t\t\t\t\t<div class=\"info-btn-wrapper\">\n\t\t\t\t\t\t\t\t\t<div class=\"wd-button-wrapper text-left\" >\n\t\t\t<a class=\"btn btn-style-default btn-shape-rectangle btn-size-default btn-icon-pos-right\" >\n\t\t\t\t<span class=\"wd-btn-text\" data-elementor-setting-key=\"text\">\n\t\t\t\t\tRivit more\t\t\t\t<\/span>\n\n\t\t\t\t\t\t\t<\/a>\n\t\t<\/div>\n\t\t\t\t\t\t\t\t<\/div>\n\t\t\t\t\t\t\t\t\t<\/div>\n\n\t\t\t\t\t\t\t<\/div>\n\t\t<\/div>\n\t\t\t\t\t\t\t\t\t\t\t\t\t<\/div>\n\t\t\t\t<\/div>\n\n\t\t\t\t\t\t\t\t\t\t\t<div class=\"wd-nav-arrows wd-pos-sep wd-hover-1 wd-icon-1\">\n\t\t\t<div class=\"wd-btn-arrow wd-prev wd-disabled\">\n\t\t\t\t<div class=\"wd-arrow-inner\"><\/div>\n\t\t\t<\/div>\n\t\t\t<div class=\"wd-btn-arrow wd-next\">\n\t\t\t\t<div class=\"wd-arrow-inner\"><\/div>\n\t\t\t<\/div>\n\t\t<\/div>\n\t\t\t\t\t\t\t\t\t<\/div>\n\n\t\t\t\t\t<div class=\"wd-nav-pagin-wrap text-center wd-style-shape wd-hide-md-sm wd-hide-sm\">\n\t\t\t<ul class=\"wd-nav-pagin\"><\/ul>\n\t\t<\/div>\n\t\t\t\t\t\t\t<\/div>\n\t\t\t\t\t\t<\/div>\n\t\t\t\t<\/div>\n\t\t\t\t<\/div>\n\t\t\t\t\t<\/div>\n\t\t\t\t<\/div>\n\t\t\t\t<\/div>","protected":false},"excerpt":{"rendered":"<p>FLAMEGUARD \u2013 luotettava SHEQ-turvakumppani Pohjoismaissa ja Baltiassa. Flameguard on siviilipuolustukseen, ty\u00f6- ja paloturvallisuuteen, ymp\u00e4rist\u00f6\u00f6n ja laatuun (SHEQ) liittyvien palvelujen<\/p>","protected":false},"author":1,"featured_media":0,"parent":0,"menu_order":0,"comment_status":"closed","ping_status":"closed","template":"","meta":{"footnotes":""},"class_list":["post-4400","page","type-page","status-publish","hentry"],"_links":{"self":[{"href":"https:\/\/flameguard.ee\/fi\/wp-json\/wp\/v2\/pages\/4400","targetHints":{"allow":["GET"]}}],"collection":[{"href":"https:\/\/flameguard.ee\/fi\/wp-json\/wp\/v2\/pages"}],"about":[{"href":"https:\/\/flameguard.ee\/fi\/wp-json\/wp\/v2\/types\/page"}],"author":[{"embeddable":true,"href":"https:\/\/flameguard.ee\/fi\/wp-json\/wp\/v2\/users\/1"}],"replies":[{"embeddable":true,"href":"https:\/\/flameguard.ee\/fi\/wp-json\/wp\/v2\/comments?post=4400"}],"version-history":[{"count":182,"href":"https:\/\/flameguard.ee\/fi\/wp-json\/wp\/v2\/pages\/4400\/revisions"}],"predecessor-version":[{"id":19374,"href":"https:\/\/flameguard.ee\/fi\/wp-json\/wp\/v2\/pages\/4400\/revisions\/19374"}],"wp:attachment":[{"href":"https:\/\/flameguard.ee\/fi\/wp-json\/wp\/v2\/media?parent=4400"}],"curies":[{"name":"wp","href":"https:\/\/api.w.org\/{rel}","templated":true}]}}