{"id":16251,"date":"2025-01-28T15:22:11","date_gmt":"2025-01-28T13:22:11","guid":{"rendered":"http:\/\/flameguard.ee.dedi7782.your-server.de\/?post_type=product&#038;p=16251"},"modified":"2025-03-11T09:49:25","modified_gmt":"2025-03-11T07:49:25","slug":"tuletokke-akruul-intu-fr-mastic","status":"publish","type":"product","link":"https:\/\/flameguard.ee\/fi\/product\/palo-akruul-intu-fr-mastic\/","title":{"rendered":"Palontorjuntaakryyli \u2013 INTU FR MASTIC"},"content":{"rendered":"","protected":false},"excerpt":{"rendered":"<p><strong>INTU FR MASTIC<\/strong> on akryylimatti, jonka tarkoituksena on est\u00e4\u00e4 tulen, savun ja kaasujen levi\u00e4minen tulenkest\u00e4vien seinien ja lattioiden aukkojen kautta. INTU FR MASTIC laajenee tulipalon sattuessa ja sulkee tiiviisti putkien tai kaapeleiden ymp\u00e4rill\u00e4 olevat aukot muodostaen tehokkaan esteen tulipaloa, savua ja kaasua vastaan. Masto t\u00e4ytt\u00e4\u00e4 tehokkaasti asemointiaukkojen aukot varmistamalla, ett\u00e4 palonkest\u00e4vyysluokka EI ole 120 EIK\u00c4 240 eheys- ja eristysastetta (yksityiskohtaiset tiedot vaatimustenmukaisuusasiakirjoissa).<\/p>","protected":false},"featured_media":16261,"template":"","meta":[],"product_brand":[],"product_cat":[88],"product_tag":[],"class_list":{"0":"post-16251","1":"product","2":"type-product","3":"status-publish","4":"has-post-thumbnail","6":"product_cat-tuletokketooted","8":"first","9":"instock","10":"taxable","11":"shipping-taxable","12":"purchasable","13":"product-type-variable"},"_links":{"self":[{"href":"https:\/\/flameguard.ee\/fi\/wp-json\/wp\/v2\/product\/16251","targetHints":{"allow":["GET"]}}],"collection":[{"href":"https:\/\/flameguard.ee\/fi\/wp-json\/wp\/v2\/product"}],"about":[{"href":"https:\/\/flameguard.ee\/fi\/wp-json\/wp\/v2\/types\/product"}],"version-history":[{"count":3,"href":"https:\/\/flameguard.ee\/fi\/wp-json\/wp\/v2\/product\/16251\/revisions"}],"predecessor-version":[{"id":18653,"href":"https:\/\/flameguard.ee\/fi\/wp-json\/wp\/v2\/product\/16251\/revisions\/18653"}],"wp:featuredmedia":[{"embeddable":true,"href":"https:\/\/flameguard.ee\/fi\/wp-json\/wp\/v2\/media\/16261"}],"wp:attachment":[{"href":"https:\/\/flameguard.ee\/fi\/wp-json\/wp\/v2\/media?parent=16251"}],"wp:term":[{"taxonomy":"product_brand","embeddable":true,"href":"https:\/\/flameguard.ee\/fi\/wp-json\/wp\/v2\/product_brand?post=16251"},{"taxonomy":"product_cat","embeddable":true,"href":"https:\/\/flameguard.ee\/fi\/wp-json\/wp\/v2\/product_cat?post=16251"},{"taxonomy":"product_tag","embeddable":true,"href":"https:\/\/flameguard.ee\/fi\/wp-json\/wp\/v2\/product_tag?post=16251"}],"curies":[{"name":"wp","href":"https:\/\/api.w.org\/{rel}","templated":true}]}}