{"id":16292,"date":"2025-01-28T13:02:46","date_gmt":"2025-01-28T11:02:46","guid":{"rendered":"http:\/\/flameguard.ee.dedi7782.your-server.de\/?post_type=product&#038;p=16292"},"modified":"2025-03-11T12:48:42","modified_gmt":"2025-03-11T10:48:42","slug":"tuletokke-vuugitihend-intu-fr-ej-seal","status":"publish","type":"product","link":"https:\/\/flameguard.ee\/fi\/product\/palo-saumaustiiviste-intu-fr-ej-siella\/","title":{"rendered":"Palosuojatiiviste \u2013 INTU FR EJ SIELL\u00c4"},"content":{"rendered":"","protected":false},"excerpt":{"rendered":"<p><strong>Joustava saumaustiiviste INTU FR EJ SIELL\u00c4<\/strong> ne on valmistettu palamattomista vaahdoista, joiden paksuus vaihtelee ja joiden v\u00e4liss\u00e4 on grafiittipohjaisia paisuvia materiaalikerroksia. Tulipalossa materiaali laajenee ja muodostuu palovaahdolla t\u00e4ytetty v\u00e4li, joka t\u00e4ytt\u00e4\u00e4 sauman. J\u00e4rjestelm\u00e4 on eritt\u00e4in joustava, joten se on ihanteellinen k\u00e4ytett\u00e4v\u00e4ksi saumoissa, joissa on suuri muodonmuutos.<\/p>\n<p><strong>INTU FR EJ:n ominaisuudet:<\/strong><br \/>\nPalontorjuntaluokka enint\u00e4\u00e4n 120.<br \/>\nAsennus seiniin ja lattioihin.<br \/>\nYksinkertainen asennus ilman erikoisty\u00f6kaluja.<br \/>\nSuuri joustavuus.<br \/>\nKest\u00e4\u00e4 vaikeita s\u00e4\u00e4oloja.<\/p>","protected":false},"featured_media":16302,"template":"","meta":[],"product_brand":[],"product_cat":[88],"product_tag":[],"class_list":{"0":"post-16292","1":"product","2":"type-product","3":"status-publish","4":"has-post-thumbnail","6":"product_cat-tuletokketooted","8":"first","9":"instock","10":"taxable","11":"shipping-taxable","12":"purchasable","13":"product-type-variable"},"_links":{"self":[{"href":"https:\/\/flameguard.ee\/fi\/wp-json\/wp\/v2\/product\/16292","targetHints":{"allow":["GET"]}}],"collection":[{"href":"https:\/\/flameguard.ee\/fi\/wp-json\/wp\/v2\/product"}],"about":[{"href":"https:\/\/flameguard.ee\/fi\/wp-json\/wp\/v2\/types\/product"}],"version-history":[{"count":4,"href":"https:\/\/flameguard.ee\/fi\/wp-json\/wp\/v2\/product\/16292\/revisions"}],"predecessor-version":[{"id":16566,"href":"https:\/\/flameguard.ee\/fi\/wp-json\/wp\/v2\/product\/16292\/revisions\/16566"}],"wp:featuredmedia":[{"embeddable":true,"href":"https:\/\/flameguard.ee\/fi\/wp-json\/wp\/v2\/media\/16302"}],"wp:attachment":[{"href":"https:\/\/flameguard.ee\/fi\/wp-json\/wp\/v2\/media?parent=16292"}],"wp:term":[{"taxonomy":"product_brand","embeddable":true,"href":"https:\/\/flameguard.ee\/fi\/wp-json\/wp\/v2\/product_brand?post=16292"},{"taxonomy":"product_cat","embeddable":true,"href":"https:\/\/flameguard.ee\/fi\/wp-json\/wp\/v2\/product_cat?post=16292"},{"taxonomy":"product_tag","embeddable":true,"href":"https:\/\/flameguard.ee\/fi\/wp-json\/wp\/v2\/product_tag?post=16292"}],"curies":[{"name":"wp","href":"https:\/\/api.w.org\/{rel}","templated":true}]}}