{"id":16321,"date":"2025-01-28T13:32:04","date_gmt":"2025-01-28T11:32:04","guid":{"rendered":"http:\/\/flameguard.ee.dedi7782.your-server.de\/?post_type=product&#038;p=16321"},"modified":"2025-03-11T12:47:16","modified_gmt":"2025-03-11T10:47:16","slug":"tuletokkeketas-kaablile-intu-fr-disc","status":"publish","type":"product","link":"https:\/\/flameguard.ee\/fi\/product\/palokiekko-kaapeli-intu-fr-disc\/","title":{"rendered":"Kaapelin palontorjuntalevy \u2013 INTU FR DISC"},"content":{"rendered":"","protected":false},"excerpt":{"rendered":"<p><strong>INTU FR DISC<\/strong> on \u00d865 x 3 mm:n suuruinen itsekiinnittyv\u00e4 palosuojalevy, joka kiinnitet\u00e4\u00e4n rajapintaan ja voidaan muovata pienten aukkojen ymp\u00e4rille (halkaisijaltaan enint\u00e4\u00e4n \u00d825 mm) asennusten ymp\u00e4rille. INTU FR DISC laajenee l\u00e4mp\u00f6tilassa ja muodostaa tulenkest\u00e4v\u00e4n tiivisteen laipion l\u00e4pi kulkevia laitteistoja varten ja takaa palonkest\u00e4vyysluokan EI120.<\/p>","protected":false},"featured_media":16323,"template":"","meta":[],"product_brand":[],"product_cat":[88],"product_tag":[],"class_list":{"0":"post-16321","1":"product","2":"type-product","3":"status-publish","4":"has-post-thumbnail","6":"product_cat-tuletokketooted","8":"first","9":"instock","10":"taxable","11":"shipping-taxable","12":"purchasable","13":"product-type-simple"},"_links":{"self":[{"href":"https:\/\/flameguard.ee\/fi\/wp-json\/wp\/v2\/product\/16321","targetHints":{"allow":["GET"]}}],"collection":[{"href":"https:\/\/flameguard.ee\/fi\/wp-json\/wp\/v2\/product"}],"about":[{"href":"https:\/\/flameguard.ee\/fi\/wp-json\/wp\/v2\/types\/product"}],"version-history":[{"count":1,"href":"https:\/\/flameguard.ee\/fi\/wp-json\/wp\/v2\/product\/16321\/revisions"}],"predecessor-version":[{"id":16322,"href":"https:\/\/flameguard.ee\/fi\/wp-json\/wp\/v2\/product\/16321\/revisions\/16322"}],"wp:featuredmedia":[{"embeddable":true,"href":"https:\/\/flameguard.ee\/fi\/wp-json\/wp\/v2\/media\/16323"}],"wp:attachment":[{"href":"https:\/\/flameguard.ee\/fi\/wp-json\/wp\/v2\/media?parent=16321"}],"wp:term":[{"taxonomy":"product_brand","embeddable":true,"href":"https:\/\/flameguard.ee\/fi\/wp-json\/wp\/v2\/product_brand?post=16321"},{"taxonomy":"product_cat","embeddable":true,"href":"https:\/\/flameguard.ee\/fi\/wp-json\/wp\/v2\/product_cat?post=16321"},{"taxonomy":"product_tag","embeddable":true,"href":"https:\/\/flameguard.ee\/fi\/wp-json\/wp\/v2\/product_tag?post=16321"}],"curies":[{"name":"wp","href":"https:\/\/api.w.org\/{rel}","templated":true}]}}