{"id":16331,"date":"2025-01-28T13:38:56","date_gmt":"2025-01-28T11:38:56","guid":{"rendered":"http:\/\/flameguard.ee.dedi7782.your-server.de\/?post_type=product&#038;p=16331"},"modified":"2025-03-11T12:43:36","modified_gmt":"2025-03-11T10:43:36","slug":"tuletokkemansett-intu-fr-collar","status":"publish","type":"product","link":"https:\/\/flameguard.ee\/fi\/product\/palokalvopaallyste-intu-fr-collar\/","title":{"rendered":"Palontorjuntak\u00e4sineet \u2013 INTU FR COLLAR"},"content":{"rendered":"","protected":false},"excerpt":{"rendered":"<p><strong>Palosuojakalvosinnappi INTU FR COLLAR<\/strong> koostuu joustavasta sis\u00e4osasta, joka on valmistettu grafiittipohjaisesta materiaalista, ja ulkokuoresta, joka on valmistettu 1,0 mm:n paksuisesta ter\u00e4slevyst\u00e4, joka on suojattu ruosteenkest\u00e4v\u00e4ll\u00e4 punaisella maalikerroksella. Ter\u00e4svaipassa on lukitusmekanismi, joka on tarkoitettu p\u00e4iden kiinnitt\u00e4miseen ja putken vakauttamiseen, sek\u00e4 kiinnityskonsolit, jotka kiinnitt\u00e4v\u00e4t ympyr\u00e4n laipioon. Renkaat takaavat palonkest\u00e4vyysluokan ENINT\u00c4\u00c4N 240.<\/p>","protected":false},"featured_media":16333,"template":"","meta":[],"product_brand":[],"product_cat":[88],"product_tag":[],"class_list":{"0":"post-16331","1":"product","2":"type-product","3":"status-publish","4":"has-post-thumbnail","6":"product_cat-tuletokketooted","8":"first","9":"instock","10":"taxable","11":"shipping-taxable","12":"purchasable","13":"product-type-variable"},"_links":{"self":[{"href":"https:\/\/flameguard.ee\/fi\/wp-json\/wp\/v2\/product\/16331","targetHints":{"allow":["GET"]}}],"collection":[{"href":"https:\/\/flameguard.ee\/fi\/wp-json\/wp\/v2\/product"}],"about":[{"href":"https:\/\/flameguard.ee\/fi\/wp-json\/wp\/v2\/types\/product"}],"version-history":[{"count":1,"href":"https:\/\/flameguard.ee\/fi\/wp-json\/wp\/v2\/product\/16331\/revisions"}],"predecessor-version":[{"id":16332,"href":"https:\/\/flameguard.ee\/fi\/wp-json\/wp\/v2\/product\/16331\/revisions\/16332"}],"wp:featuredmedia":[{"embeddable":true,"href":"https:\/\/flameguard.ee\/fi\/wp-json\/wp\/v2\/media\/16333"}],"wp:attachment":[{"href":"https:\/\/flameguard.ee\/fi\/wp-json\/wp\/v2\/media?parent=16331"}],"wp:term":[{"taxonomy":"product_brand","embeddable":true,"href":"https:\/\/flameguard.ee\/fi\/wp-json\/wp\/v2\/product_brand?post=16331"},{"taxonomy":"product_cat","embeddable":true,"href":"https:\/\/flameguard.ee\/fi\/wp-json\/wp\/v2\/product_cat?post=16331"},{"taxonomy":"product_tag","embeddable":true,"href":"https:\/\/flameguard.ee\/fi\/wp-json\/wp\/v2\/product_tag?post=16331"}],"curies":[{"name":"wp","href":"https:\/\/api.w.org\/{rel}","templated":true}]}}