{"id":16368,"date":"2025-01-28T13:59:02","date_gmt":"2025-01-28T11:59:02","guid":{"rendered":"http:\/\/flameguard.ee.dedi7782.your-server.de\/?post_type=product&#038;p=16368"},"modified":"2025-03-11T11:08:40","modified_gmt":"2025-03-11T09:08:40","slug":"tuletokkemahis-intu-fr-wrap","status":"publish","type":"product","link":"https:\/\/flameguard.ee\/fi\/product\/sytytysmehu-intu-fr-wrap\/","title":{"rendered":"Palonestok\u00e4\u00e4mi \u2013 INTU FR WRAP"},"content":{"rendered":"","protected":false},"excerpt":{"rendered":"<p><strong>Intu FR WRAP palonestok\u00e4\u00e4miss\u00e4<\/strong> se on valmistettu grafiittipohjaisesta materiaalista. Materiaali laajenee korkeiden l\u00e4mp\u00f6tilojen (noin 140 \u00b0C) vaikutuksesta ja t\u00e4ytt\u00e4\u00e4 palavien asennusten palamisen j\u00e4lkeen syntyv\u00e4n tilan kokonaisuudessaan.<\/p>\n<p>INTU FR WRAPia k\u00e4ytet\u00e4\u00e4n palosuojaukseen muoviputkien (PVC, PP, PE, HDPE, PEX\/Al\/PEX, PE-RT\/Al\/PE-RT, PP-R\/Al\/PP-R, PP-R GLASS) l\u00e4pivientej\u00e4 varten tulenkest\u00e4viss\u00e4 v\u00e4liseiniss\u00e4.<\/p>\n<p><strong>INTU FR WRAP:n ominaisuudet:<\/strong><br \/>\nPalavien putkien suojaamiseen.<br \/>\nPalontorjunta 240 minuuttia.<br \/>\nSaatavilla 32\u2013200 mm:n kokoisina.<br \/>\nKorkea laajenemissuhde.<br \/>\nT\u00e4ydellinen asennettavaksi hyvin kapeisiin paikkoihin.<\/p>","protected":false},"featured_media":16390,"template":"","meta":[],"product_brand":[],"product_cat":[88],"product_tag":[],"class_list":{"0":"post-16368","1":"product","2":"type-product","3":"status-publish","4":"has-post-thumbnail","6":"product_cat-tuletokketooted","8":"first","9":"instock","10":"taxable","11":"shipping-taxable","12":"purchasable","13":"product-type-variable"},"_links":{"self":[{"href":"https:\/\/flameguard.ee\/fi\/wp-json\/wp\/v2\/product\/16368","targetHints":{"allow":["GET"]}}],"collection":[{"href":"https:\/\/flameguard.ee\/fi\/wp-json\/wp\/v2\/product"}],"about":[{"href":"https:\/\/flameguard.ee\/fi\/wp-json\/wp\/v2\/types\/product"}],"version-history":[{"count":2,"href":"https:\/\/flameguard.ee\/fi\/wp-json\/wp\/v2\/product\/16368\/revisions"}],"predecessor-version":[{"id":16370,"href":"https:\/\/flameguard.ee\/fi\/wp-json\/wp\/v2\/product\/16368\/revisions\/16370"}],"wp:featuredmedia":[{"embeddable":true,"href":"https:\/\/flameguard.ee\/fi\/wp-json\/wp\/v2\/media\/16390"}],"wp:attachment":[{"href":"https:\/\/flameguard.ee\/fi\/wp-json\/wp\/v2\/media?parent=16368"}],"wp:term":[{"taxonomy":"product_brand","embeddable":true,"href":"https:\/\/flameguard.ee\/fi\/wp-json\/wp\/v2\/product_brand?post=16368"},{"taxonomy":"product_cat","embeddable":true,"href":"https:\/\/flameguard.ee\/fi\/wp-json\/wp\/v2\/product_cat?post=16368"},{"taxonomy":"product_tag","embeddable":true,"href":"https:\/\/flameguard.ee\/fi\/wp-json\/wp\/v2\/product_tag?post=16368"}],"curies":[{"name":"wp","href":"https:\/\/api.w.org\/{rel}","templated":true}]}}