{"id":16410,"date":"2025-01-28T14:26:53","date_gmt":"2025-01-28T12:26:53","guid":{"rendered":"http:\/\/flameguard.ee.dedi7782.your-server.de\/?post_type=product&#038;p=16410"},"modified":"2025-03-11T10:35:57","modified_gmt":"2025-03-11T08:35:57","slug":"tuletokkeplokk-intu-fr-brick","status":"publish","type":"product","link":"https:\/\/flameguard.ee\/fi\/product\/sytytinyksikko-intu-fr-brick\/","title":{"rendered":"Palontorjuntayksikk\u00f6 \u2013 INTU FR BRICK"},"content":{"rendered":"","protected":false},"excerpt":{"rendered":"<p><strong>Ylikuormitusyksikk\u00f6 INTU FR BRICK<\/strong> valmistettu intumementtipolyuretaanivaahtomuovista, jossa on halogeenittomia paloturvallisuuslis\u00e4aineita. Pime\u00e4herkk\u00e4 vaahto sulkee rei\u00e4n tulipalon aikana ja est\u00e4\u00e4 tulen ja savun levi\u00e4misen.<\/p>\n<p><strong>INTU FR BRICKIN ominaisuudet:<\/strong><br \/>\nPalontorjuntaluokka enint\u00e4\u00e4n 120.<br \/>\nYhdistettyjen l\u00e4pivientien tiivistys.<br \/>\nKeskisuurten ja suurten palosuojal\u00e4pivientien tiivist\u00e4miseen.<br \/>\nPakkaa l\u00e4piviennit, joissa asennukset muuttuvat usein.<br \/>\nK\u00e4ytett\u00e4v\u00e4ksi seiniss\u00e4 ja lattioissa.<\/p>","protected":false},"featured_media":16412,"template":"","meta":[],"product_brand":[],"product_cat":[88],"product_tag":[],"class_list":{"0":"post-16410","1":"product","2":"type-product","3":"status-publish","4":"has-post-thumbnail","6":"product_cat-tuletokketooted","8":"first","9":"instock","10":"taxable","11":"shipping-taxable","12":"purchasable","13":"product-type-simple"},"_links":{"self":[{"href":"https:\/\/flameguard.ee\/fi\/wp-json\/wp\/v2\/product\/16410","targetHints":{"allow":["GET"]}}],"collection":[{"href":"https:\/\/flameguard.ee\/fi\/wp-json\/wp\/v2\/product"}],"about":[{"href":"https:\/\/flameguard.ee\/fi\/wp-json\/wp\/v2\/types\/product"}],"version-history":[{"count":1,"href":"https:\/\/flameguard.ee\/fi\/wp-json\/wp\/v2\/product\/16410\/revisions"}],"predecessor-version":[{"id":16411,"href":"https:\/\/flameguard.ee\/fi\/wp-json\/wp\/v2\/product\/16410\/revisions\/16411"}],"wp:featuredmedia":[{"embeddable":true,"href":"https:\/\/flameguard.ee\/fi\/wp-json\/wp\/v2\/media\/16412"}],"wp:attachment":[{"href":"https:\/\/flameguard.ee\/fi\/wp-json\/wp\/v2\/media?parent=16410"}],"wp:term":[{"taxonomy":"product_brand","embeddable":true,"href":"https:\/\/flameguard.ee\/fi\/wp-json\/wp\/v2\/product_brand?post=16410"},{"taxonomy":"product_cat","embeddable":true,"href":"https:\/\/flameguard.ee\/fi\/wp-json\/wp\/v2\/product_cat?post=16410"},{"taxonomy":"product_tag","embeddable":true,"href":"https:\/\/flameguard.ee\/fi\/wp-json\/wp\/v2\/product_tag?post=16410"}],"curies":[{"name":"wp","href":"https:\/\/api.w.org\/{rel}","templated":true}]}}