{"id":16418,"date":"2025-01-28T14:32:12","date_gmt":"2025-01-28T12:32:12","guid":{"rendered":"http:\/\/flameguard.ee.dedi7782.your-server.de\/?post_type=product&#038;p=16418"},"modified":"2025-03-11T10:31:36","modified_gmt":"2025-03-11T08:31:36","slug":"tuletokkevaht-intu-fr-foam-2k","status":"publish","type":"product","link":"https:\/\/flameguard.ee\/fi\/product\/palovaahto-intu-fr-foam-2-k\/","title":{"rendered":"Palontorjuntavaahto \u2013 INTU FR FOAM 2K"},"content":{"rendered":"<p>Tuote on teknisten vaatimusten mukainen ja tarjoaa tehokkaan suojan erilaisissa olosuhteissa ja olosuhteissa.<\/p>\n<p><a style=\"color: #fe312e;\" href=\"\/wp-content\/uploads\/2025\/02\/INTU_FR_FOAM_2K_TDS_EN_KO_MP_1.0.pdf\"><img decoding=\"async\" src=\"\/wp-content\/uploads\/2025\/02\/pdf-icon.webp\" \/> Tuotekortti<\/a><\/p>\n<p><a style=\"color: #fe312e;\" href=\"\/wp-content\/uploads\/2025\/02\/DoPZZ330-20180701-FOAM-2K.pdf\"><img decoding=\"async\" src=\"\/wp-content\/uploads\/2025\/02\/pdf-icon.webp\" \/> Vaatimustenmukaisuusvakuutus<\/a><\/p>","protected":false},"excerpt":{"rendered":"<p><strong>INTU FR FOAM 2K<\/strong> on polyuretaanista valmistettu laajeneva palonsuojavaahto, johon on lis\u00e4tty palontorjuntaan soveltuvia lis\u00e4aineita. Sit\u00e4 k\u00e4ytet\u00e4\u00e4n aukkojen palonkest\u00e4v\u00e4\u00e4n tiivist\u00e4miseen kaapelikoteloiden, kaapelijohdinnippujen, palavien ja palamattomien putkien ymp\u00e4rille. Levityksen j\u00e4lkeen se reagoi ja lis\u00e4\u00e4 tilavuuttaan. Palon sattuessa kaksikomponenttinen vaahto est\u00e4\u00e4 tulen ja savun levi\u00e4misen tulenkest\u00e4viin v\u00e4liseiniin.<\/p>\n<p><strong>INTU FR FOAM 2K ominaisuudet:<\/strong><br \/>\nPalontorjuntaluokka enint\u00e4\u00e4n 120.<br \/>\nNopeat asennus- ja tiivistysty\u00f6t vaikeap\u00e4\u00e4syisiss\u00e4 l\u00e4pivientireiteiss\u00e4.<br \/>\nAsentaminen on mahdollista vain toiselta puolelta.<br \/>\nEritt\u00e4in tehokas k\u00e4sittely.<br \/>\nIhana tartunta pinnalla.<br \/>\nYhdistetyt l\u00e4piviennit, kaapelitikkaat, kaapeliliittimet.<br \/>\nK\u00e4ytett\u00e4v\u00e4ksi muovi-, alumiinikomposiitti- ja metalliputkissa.<br \/>\nK\u00e4ytett\u00e4v\u00e4ksi seiniss\u00e4 ja lattioissa.<\/p>","protected":false},"featured_media":16420,"template":"","meta":[],"product_brand":[],"product_cat":[88],"product_tag":[],"class_list":{"0":"post-16418","1":"product","2":"type-product","3":"status-publish","4":"has-post-thumbnail","6":"product_cat-tuletokketooted","8":"first","9":"instock","10":"taxable","11":"shipping-taxable","12":"purchasable","13":"product-type-simple"},"_links":{"self":[{"href":"https:\/\/flameguard.ee\/fi\/wp-json\/wp\/v2\/product\/16418","targetHints":{"allow":["GET"]}}],"collection":[{"href":"https:\/\/flameguard.ee\/fi\/wp-json\/wp\/v2\/product"}],"about":[{"href":"https:\/\/flameguard.ee\/fi\/wp-json\/wp\/v2\/types\/product"}],"version-history":[{"count":6,"href":"https:\/\/flameguard.ee\/fi\/wp-json\/wp\/v2\/product\/16418\/revisions"}],"predecessor-version":[{"id":18658,"href":"https:\/\/flameguard.ee\/fi\/wp-json\/wp\/v2\/product\/16418\/revisions\/18658"}],"wp:featuredmedia":[{"embeddable":true,"href":"https:\/\/flameguard.ee\/fi\/wp-json\/wp\/v2\/media\/16420"}],"wp:attachment":[{"href":"https:\/\/flameguard.ee\/fi\/wp-json\/wp\/v2\/media?parent=16418"}],"wp:term":[{"taxonomy":"product_brand","embeddable":true,"href":"https:\/\/flameguard.ee\/fi\/wp-json\/wp\/v2\/product_brand?post=16418"},{"taxonomy":"product_cat","embeddable":true,"href":"https:\/\/flameguard.ee\/fi\/wp-json\/wp\/v2\/product_cat?post=16418"},{"taxonomy":"product_tag","embeddable":true,"href":"https:\/\/flameguard.ee\/fi\/wp-json\/wp\/v2\/product_tag?post=16418"}],"curies":[{"name":"wp","href":"https:\/\/api.w.org\/{rel}","templated":true}]}}