{"id":16425,"date":"2025-01-28T14:46:19","date_gmt":"2025-01-28T12:46:19","guid":{"rendered":"http:\/\/flameguard.ee.dedi7782.your-server.de\/?post_type=product&#038;p=16425"},"modified":"2026-04-09T08:45:27","modified_gmt":"2026-04-09T05:45:27","slug":"tuletokkeplaat-intu-fr-board-a","status":"publish","type":"product","link":"https:\/\/flameguard.ee\/fi\/product\/palokiekko-intu-fr-board-a\/","title":{"rendered":"Palontorjuntalevy \u2013 INTU FR BOARD A"},"content":{"rendered":"","protected":false},"excerpt":{"rendered":"<p><strong>Palontorjuntalevy INTU FR BOARD A<\/strong> koostuu 150 kg ja 60 mm:n paksuisesta mineraalivillalaatasta, jonka yhdelt\u00e4 puolelta on p\u00e4\u00e4llystetty ablatiivisella v\u00e4rill\u00e4 INTU FR COAT A. Tuotepakkaus on tarkoitettu palonkest\u00e4vien l\u00e4pivientien tiivist\u00e4miseen ja tulenlaajennussaumojen valmisteluun palonkest\u00e4vyysluokkaan 240. Tulipalossa ja korkeassa l\u00e4mp\u00f6tilassa tuote aiheuttaa endotermisi\u00e4 reaktioita. Maali absorboi l\u00e4mp\u00f6\u00e4 hidastaen merkitt\u00e4v\u00e4sti palon vaikutusta rakenneosiin.<\/p>","protected":false},"featured_media":16430,"template":"","meta":[],"product_brand":[],"product_cat":[88],"product_tag":[],"class_list":{"0":"post-16425","1":"product","2":"type-product","3":"status-publish","4":"has-post-thumbnail","6":"product_cat-tuletokketooted","8":"first","9":"instock","10":"taxable","11":"shipping-taxable","12":"purchasable","13":"product-type-variable"},"_links":{"self":[{"href":"https:\/\/flameguard.ee\/fi\/wp-json\/wp\/v2\/product\/16425","targetHints":{"allow":["GET"]}}],"collection":[{"href":"https:\/\/flameguard.ee\/fi\/wp-json\/wp\/v2\/product"}],"about":[{"href":"https:\/\/flameguard.ee\/fi\/wp-json\/wp\/v2\/types\/product"}],"version-history":[{"count":1,"href":"https:\/\/flameguard.ee\/fi\/wp-json\/wp\/v2\/product\/16425\/revisions"}],"predecessor-version":[{"id":16426,"href":"https:\/\/flameguard.ee\/fi\/wp-json\/wp\/v2\/product\/16425\/revisions\/16426"}],"wp:featuredmedia":[{"embeddable":true,"href":"https:\/\/flameguard.ee\/fi\/wp-json\/wp\/v2\/media\/16430"}],"wp:attachment":[{"href":"https:\/\/flameguard.ee\/fi\/wp-json\/wp\/v2\/media?parent=16425"}],"wp:term":[{"taxonomy":"product_brand","embeddable":true,"href":"https:\/\/flameguard.ee\/fi\/wp-json\/wp\/v2\/product_brand?post=16425"},{"taxonomy":"product_cat","embeddable":true,"href":"https:\/\/flameguard.ee\/fi\/wp-json\/wp\/v2\/product_cat?post=16425"},{"taxonomy":"product_tag","embeddable":true,"href":"https:\/\/flameguard.ee\/fi\/wp-json\/wp\/v2\/product_tag?post=16425"}],"curies":[{"name":"wp","href":"https:\/\/api.w.org\/{rel}","templated":true}]}}