{"id":16444,"date":"2025-01-28T15:02:17","date_gmt":"2025-01-28T13:02:17","guid":{"rendered":"http:\/\/flameguard.ee.dedi7782.your-server.de\/?post_type=product&#038;p=16444"},"modified":"2026-04-09T08:38:16","modified_gmt":"2026-04-09T05:38:16","slug":"tuletokkevarv-intu-fr-coat-a","status":"publish","type":"product","link":"https:\/\/flameguard.ee\/fi\/product\/tulivarsi-intu-fr-coat-a\/","title":{"rendered":"Palonestopinnoite \u2013 INTU FR COAT A"},"content":{"rendered":"","protected":false},"excerpt":{"rendered":"<p><strong>NTU FR COAT A<\/strong> on yksikomponenttinen palontorjuntamaali, joka on suunniteltu tiivist\u00e4m\u00e4\u00e4n palonkest\u00e4vi\u00e4 l\u00e4pivientej\u00e4 ja laajenemissaumoja palonkest\u00e4vyysluokassa ENINT\u00c4\u00c4N 240. Tulipalossa ja korkeassa l\u00e4mp\u00f6tilassa tuote reagoi endotermisesti. Maali imee paljon l\u00e4mp\u00f6\u00e4 ja hidastaa palon vaikutusta rakenneosiin. Tuotetta k\u00e4ytet\u00e4\u00e4n yhdess\u00e4 mineraalivillalevyn kanssa, jonka tiheys on v\u00e4hint\u00e4\u00e4n 150 kg\/m ja v\u00e4himm\u00e4ispaksuus 60 mm l\u00e4pivientien tiivist\u00e4miseen ja tiheys v\u00e4hint\u00e4\u00e4n 50 kg\/m\/m lineaaristen saumojen tiivist\u00e4miseen. Valmiita\/valmistettuja palontorjuntapaneeleja on saatavilla MY\u00d6S INTU FR BOARD A.<\/p>","protected":false},"featured_media":16451,"template":"","meta":[],"product_brand":[],"product_cat":[88],"product_tag":[],"class_list":{"0":"post-16444","1":"product","2":"type-product","3":"status-publish","4":"has-post-thumbnail","6":"product_cat-tuletokketooted","8":"first","9":"instock","10":"taxable","11":"shipping-taxable","12":"purchasable","13":"product-type-variable"},"_links":{"self":[{"href":"https:\/\/flameguard.ee\/fi\/wp-json\/wp\/v2\/product\/16444","targetHints":{"allow":["GET"]}}],"collection":[{"href":"https:\/\/flameguard.ee\/fi\/wp-json\/wp\/v2\/product"}],"about":[{"href":"https:\/\/flameguard.ee\/fi\/wp-json\/wp\/v2\/types\/product"}],"version-history":[{"count":2,"href":"https:\/\/flameguard.ee\/fi\/wp-json\/wp\/v2\/product\/16444\/revisions"}],"predecessor-version":[{"id":19641,"href":"https:\/\/flameguard.ee\/fi\/wp-json\/wp\/v2\/product\/16444\/revisions\/19641"}],"wp:featuredmedia":[{"embeddable":true,"href":"https:\/\/flameguard.ee\/fi\/wp-json\/wp\/v2\/media\/16451"}],"wp:attachment":[{"href":"https:\/\/flameguard.ee\/fi\/wp-json\/wp\/v2\/media?parent=16444"}],"wp:term":[{"taxonomy":"product_brand","embeddable":true,"href":"https:\/\/flameguard.ee\/fi\/wp-json\/wp\/v2\/product_brand?post=16444"},{"taxonomy":"product_cat","embeddable":true,"href":"https:\/\/flameguard.ee\/fi\/wp-json\/wp\/v2\/product_cat?post=16444"},{"taxonomy":"product_tag","embeddable":true,"href":"https:\/\/flameguard.ee\/fi\/wp-json\/wp\/v2\/product_tag?post=16444"}],"curies":[{"name":"wp","href":"https:\/\/api.w.org\/{rel}","templated":true}]}}