{"id":16457,"date":"2025-01-28T15:09:20","date_gmt":"2025-01-28T13:09:20","guid":{"rendered":"http:\/\/flameguard.ee.dedi7782.your-server.de\/?post_type=product&#038;p=16457"},"modified":"2025-03-11T09:50:47","modified_gmt":"2025-03-11T07:50:47","slug":"paisuv-tuletokkemastiks-intu-fr-graphite","status":"publish","type":"product","link":"https:\/\/flameguard.ee\/fi\/product\/laajeneva-sytytysmastiksi-intu-fr-graphite\/","title":{"rendered":"Laajeneva palontorjuntamasto \u2013 INTU FR GRAPHITE"},"content":{"rendered":"","protected":false},"excerpt":{"rendered":"<p><strong>INTU FR GRAPHITE<\/strong> on grafiittiin pohjautuva erist\u00e4v\u00e4 ja laajeneva massa, joka on tarkoitettu tulenkest\u00e4vien putkien sek\u00e4 pienten ja keskisuurten aukkojen tiivist\u00e4miseen. Sill\u00e4 tiivistet\u00e4\u00e4n s\u00e4hk\u00f6kaapeleita, koaksiaalikaapeleita, valokuitukaapeleita ja ilmastointiputkien kupariputkia. Massa t\u00e4ytt\u00e4\u00e4 tehokkaasti huoltoaukkojen ymp\u00e4rill\u00e4 olevat aukot varmistamalla, ett\u00e4 laipio s\u00e4ilytt\u00e4\u00e4 palonkest\u00e4vyysluokan ja EI120 v\u00e4lisen tiiviyden ja eristyksen (viiteasiakirjojen mukaiset yksityiskohdat). Jos l\u00e4mp\u00f6tila on korkea (noin 140 \u00b0C), massa laajenee ja aukko sulkeutuu est\u00e4en tulen levi\u00e4misen.<\/p>","protected":false},"featured_media":16461,"template":"","meta":[],"product_brand":[],"product_cat":[88],"product_tag":[],"class_list":{"0":"post-16457","1":"product","2":"type-product","3":"status-publish","4":"has-post-thumbnail","6":"product_cat-tuletokketooted","8":"first","9":"instock","10":"taxable","11":"shipping-taxable","12":"purchasable","13":"product-type-simple"},"_links":{"self":[{"href":"https:\/\/flameguard.ee\/fi\/wp-json\/wp\/v2\/product\/16457","targetHints":{"allow":["GET"]}}],"collection":[{"href":"https:\/\/flameguard.ee\/fi\/wp-json\/wp\/v2\/product"}],"about":[{"href":"https:\/\/flameguard.ee\/fi\/wp-json\/wp\/v2\/types\/product"}],"version-history":[{"count":2,"href":"https:\/\/flameguard.ee\/fi\/wp-json\/wp\/v2\/product\/16457\/revisions"}],"predecessor-version":[{"id":18656,"href":"https:\/\/flameguard.ee\/fi\/wp-json\/wp\/v2\/product\/16457\/revisions\/18656"}],"wp:featuredmedia":[{"embeddable":true,"href":"https:\/\/flameguard.ee\/fi\/wp-json\/wp\/v2\/media\/16461"}],"wp:attachment":[{"href":"https:\/\/flameguard.ee\/fi\/wp-json\/wp\/v2\/media?parent=16457"}],"wp:term":[{"taxonomy":"product_brand","embeddable":true,"href":"https:\/\/flameguard.ee\/fi\/wp-json\/wp\/v2\/product_brand?post=16457"},{"taxonomy":"product_cat","embeddable":true,"href":"https:\/\/flameguard.ee\/fi\/wp-json\/wp\/v2\/product_cat?post=16457"},{"taxonomy":"product_tag","embeddable":true,"href":"https:\/\/flameguard.ee\/fi\/wp-json\/wp\/v2\/product_tag?post=16457"}],"curies":[{"name":"wp","href":"https:\/\/api.w.org\/{rel}","templated":true}]}}