{"id":16650,"date":"2025-02-04T13:24:27","date_gmt":"2025-02-04T11:24:27","guid":{"rendered":"http:\/\/flameguard.ee.dedi7782.your-server.de\/?post_type=product&#038;p=16650"},"modified":"2025-03-07T15:04:55","modified_gmt":"2025-03-07T13:04:55","slug":"esmaabi-grupikoolitus-8-h","status":"publish","type":"product","link":"https:\/\/flameguard.ee\/fi\/product\/ensiapuryhmakoulutus-8-h\/","title":{"rendered":"Ensiapuryhm\u00e4koulutus (8 h)"},"content":{"rendered":"<p><span data-contrast=\"auto\">Koulutuksemme on luvanvaraisten kouluttajien vastuulla. Kouluttajat ovat ammattilaisia, joten koulutus on k\u00e4yt\u00e4nn\u00f6llist\u00e4 ja osallistavaa. Kun koulutus on suoritettu hyv\u00e4ksytysti, on annettava valvontaviranomaisten hyv\u00e4ksym\u00e4 todistus.<\/span><span data-ccp-props=\"{&quot;201341983&quot;:0,&quot;335559739&quot;:0,&quot;335559740&quot;:240}\">\u00a0<\/span><\/p>\n<p><span data-contrast=\"auto\">\u00a0<\/span><span data-ccp-props=\"{&quot;201341983&quot;:0,&quot;335559739&quot;:0,&quot;335559740&quot;:240}\">\u00a0<\/span><\/p>","protected":false},"excerpt":{"rendered":"<p><span data-contrast=\"auto\">Ensiapukoulutuksen tavoitteena on antaa osallistujille keskeiset tiedot ja k\u00e4yt\u00e4nn\u00f6n taidot onnettomuuksien uhrien auttamiseksi ja ensiavun antamiseksi.<\/span><span data-ccp-props=\"{&quot;201341983&quot;:0,&quot;335559739&quot;:0,&quot;335559740&quot;:240}\">\u00a0<\/span><br \/>\n<span data-contrast=\"auto\">Jos tarvitset sis\u00e4ist\u00e4 koulutusta organisaatiossasi, voimme luoda r\u00e4\u00e4t\u00e4l\u00f6ity\u00e4 ensiapukoulutusta.<\/span><span data-ccp-props=\"{&quot;201341983&quot;:0,&quot;335559739&quot;:0,&quot;335559740&quot;:240}\">\u00a0<\/span><br \/>\n<span data-contrast=\"auto\">Ensiapukoulutus j\u00e4rjestet\u00e4\u00e4n luokassa tai reaaliajassa (online-periaatteella).<\/span><span data-ccp-props=\"{&quot;201341983&quot;:0,&quot;335559739&quot;:0,&quot;335559740&quot;:240}\">\u00a0<\/span><br \/>\n<span data-contrast=\"auto\">Lakis\u00e4\u00e4teisten vaatimusten lis\u00e4ksi ensiapu on jokap\u00e4iv\u00e4isess\u00e4 el\u00e4m\u00e4ss\u00e4 eritt\u00e4in t\u00e4rke\u00e4 taito, joka voi pelastaa jonkun hengen. <\/span><\/p>\n<p><span data-contrast=\"auto\">Ryhm\u00e4koulutukseen voi rekister\u00f6ity\u00e4 enint\u00e4\u00e4n 12 osallistujaa.<\/span><span data-ccp-props=\"{&quot;201341983&quot;:0,&quot;335559739&quot;:0,&quot;335559740&quot;:240}\">\u00a0<\/span><\/p>\n<p>Koulutusta voi tilata Viron, englannin ja Ven\u00e4j\u00e4n kielell\u00e4.<\/p>\n<p><strong>Jos teill\u00e4 on kysytt\u00e4v\u00e4\u00e4 ja erityisi\u00e4 toiveita, ottakaa meihin yhteytt\u00e4.\u00a0<\/strong><\/p>\n<p><strong>\u00a0<\/strong><\/p>","protected":false},"featured_media":18383,"template":"","meta":[],"product_brand":[],"product_cat":[124,116,119],"product_tag":[],"class_list":{"0":"post-16650","1":"product","2":"type-product","3":"status-publish","4":"has-post-thumbnail","6":"product_cat-koolitamine","7":"product_cat-teenused","8":"product_cat-tooohutus-ja-tervishoid","10":"first","11":"instock","12":"virtual","13":"taxable","14":"purchasable","15":"product-type-simple"},"_links":{"self":[{"href":"https:\/\/flameguard.ee\/fi\/wp-json\/wp\/v2\/product\/16650","targetHints":{"allow":["GET"]}}],"collection":[{"href":"https:\/\/flameguard.ee\/fi\/wp-json\/wp\/v2\/product"}],"about":[{"href":"https:\/\/flameguard.ee\/fi\/wp-json\/wp\/v2\/types\/product"}],"version-history":[{"count":7,"href":"https:\/\/flameguard.ee\/fi\/wp-json\/wp\/v2\/product\/16650\/revisions"}],"predecessor-version":[{"id":18402,"href":"https:\/\/flameguard.ee\/fi\/wp-json\/wp\/v2\/product\/16650\/revisions\/18402"}],"wp:featuredmedia":[{"embeddable":true,"href":"https:\/\/flameguard.ee\/fi\/wp-json\/wp\/v2\/media\/18383"}],"wp:attachment":[{"href":"https:\/\/flameguard.ee\/fi\/wp-json\/wp\/v2\/media?parent=16650"}],"wp:term":[{"taxonomy":"product_brand","embeddable":true,"href":"https:\/\/flameguard.ee\/fi\/wp-json\/wp\/v2\/product_brand?post=16650"},{"taxonomy":"product_cat","embeddable":true,"href":"https:\/\/flameguard.ee\/fi\/wp-json\/wp\/v2\/product_cat?post=16650"},{"taxonomy":"product_tag","embeddable":true,"href":"https:\/\/flameguard.ee\/fi\/wp-json\/wp\/v2\/product_tag?post=16650"}],"curies":[{"name":"wp","href":"https:\/\/api.w.org\/{rel}","templated":true}]}}