{"id":16655,"date":"2025-02-04T13:25:51","date_gmt":"2025-02-04T11:25:51","guid":{"rendered":"http:\/\/flameguard.ee.dedi7782.your-server.de\/?post_type=product&#038;p=16655"},"modified":"2025-03-08T19:53:50","modified_gmt":"2025-03-08T17:53:50","slug":"kohaliku-omavalitsuse-sisekoolitused","status":"publish","type":"product","link":"https:\/\/flameguard.ee\/fi\/product\/paikallishallinnon-sisainen-koulutus\/","title":{"rendered":"Paikallishallinnon sis\u00e4inen koulutus"},"content":{"rendered":"<p><span data-contrast=\"auto\">Koulutuksen avulla voidaan k\u00e4sitell\u00e4 seuraavia aiheita:<\/span><span data-ccp-props=\"{&quot;201341983&quot;:0,&quot;335559739&quot;:0,&quot;335559740&quot;:240}\">\u00a0<\/span><\/p>\n<p><span data-ccp-props=\"{&quot;201341983&quot;:0,&quot;335559739&quot;:0,&quot;335559740&quot;:240}\">\u00a0<\/span><b><span data-contrast=\"auto\">Paloriskien arviointi<\/span><\/b><br \/>\n<span data-contrast=\"auto\">1. Alueen paloturvallisuusriskien arviointi.<\/span><br \/>\n<span data-contrast=\"auto\">2. Rakennusten ja alueiden paloturvallisuuteen liittyvien riskien arviointi.<\/span><\/p>\n<p><b><span data-contrast=\"auto\">Rakennusten paloturvallisuuden arviointi<\/span><\/b><br \/>\n<span data-contrast=\"auto\">1. Rakennuksen, rakennuksen osan tai rakennushankkeen paloturvallisuusvaatimusten noudattamisen arviointi.<\/span><br \/>\n<span data-contrast=\"auto\">2. Paloturvallisuuslaitteistojen vaatimustenmukaisuuden arviointi.<\/span><br \/>\n<span data-contrast=\"auto\">3. Tuotteiden paloturvallisuusvaatimusten noudattamisen arviointi.<\/span><br \/>\n<span data-contrast=\"auto\">4. Palvelujen paloturvallisuusvaatimusten arviointi.<\/span><br \/>\n<span data-contrast=\"auto\">5. Arvioinnin laatiminen.<\/span><br \/>\n<span data-contrast=\"auto\">6. Paloturvallisuuteen liittyvien konsultointipalvelujen tarjoaminen.<\/span><\/p>\n<p><b><span data-contrast=\"auto\">Paloturvallisuuden organisatorinen arviointi<\/span><\/b><br \/>\n<span data-contrast=\"auto\">1. Territooriumi\/ehitise\/ruumi, laitteiston ja laitteen asianmukaisen k\u00e4yt\u00f6n arviointi.<\/span><br \/>\n<span data-contrast=\"auto\">2. Rakennuksen, laitoksen tai yrityksen paloturvallisuusj\u00e4rjestelyjen arviointi.<\/span><br \/>\n<span data-contrast=\"auto\">3. Arvioinnin laatiminen.<\/span><br \/>\n<span data-contrast=\"auto\">4. Asiakirjojen laatiminen\/p\u00e4ivitt\u00e4minen.<\/span><\/p>\n<p><b><span data-contrast=\"auto\">Paloturvallisuuteen liittyv\u00e4 tiedotus ja neuvonta<\/span><\/b><br \/>\n<span data-contrast=\"auto\">1. Paloturvallisuusvaatimuksista ilmoittaminen.<\/span><br \/>\n<span data-contrast=\"auto\">2. Palosuojeluun liittyv\u00e4 neuvonta.<\/span><\/p>\n<p><b><span data-contrast=\"auto\">Asiantuntijalausunnot ja auditoinnit, jotka liittyv\u00e4t paloturvallisuuden erityisosaan<\/span><\/b><br \/>\n<span data-contrast=\"auto\">1. Asiantuntijalausuntojen antaminen rakennushankkeen paloturvallisuuden erityisosasta.<\/span><br \/>\n<span data-contrast=\"auto\">2. Rakennuksen palotarkastuksen suorittaminen.<\/span><br \/>\n<span data-contrast=\"auto\">3. Asiantuntijoiden\/asiantuntijoiden valinta ja osallistuminen.<\/span><br \/>\n<span data-contrast=\"auto\">4. K\u00e4ytett\u00e4viss\u00e4 olevien tietojen arviointi, lis\u00e4aineiston ja lis\u00e4tutkimusten pyyt\u00e4minen.<\/span><br \/>\n<span data-contrast=\"auto\">5. Ty\u00f6prosessin koordinointi.<\/span><br \/>\n<span data-contrast=\"auto\">6. Tietojen analysointi.<\/span><br \/>\n<span data-contrast=\"auto\">7. Yhteenvetoasiantuntija -\/tilintarkastuskertomuksen laatiminen.<\/span><br \/>\n<span data-contrast=\"auto\">8. Rakennusten tai niiden osien paloturvallisuuteen liittyvien rakenneratkaisujen kehitt\u00e4minen.<\/span><br \/>\n<span data-contrast=\"auto\">9. Asiantuntija -\/tilintarkastusraporttien esittely ja suojaaminen.<\/span><br \/>\n<span data-contrast=\"auto\">10. Paloturvallisuusasiantuntija taso 6 p\u00e4tevyys ja yhteisty\u00f6mahdollisuudet<\/span><\/p>\n<p><b><span data-contrast=\"auto\">Luettelo rakennushankkeen paloturvallisuusosaa koskevista standardeista, joita voidaan k\u00e4sitell\u00e4 koulutuksessa\u00a0<\/span><\/b><\/p>\n<ol>\n<li><span data-contrast=\"auto\">EVS 812\u20132:2014+AC:2017 \u2013 Rakennusten paloturvallisuus. Osa 2: Ilmastointij\u00e4rjestelm\u00e4t<\/span><\/li>\n<li><span data-contrast=\"auto\">EVS 812\u20133:2018 \u2013 Rakennusten paloturvallisuus. Osa 3: L\u00e4mmitysj\u00e4rjestelm\u00e4t<\/span><\/li>\n<li><span data-contrast=\"auto\"> EVS 812\u20134:2018 \u2013 Rakennusten paloturvallisuus. Osa 4: Teollisuus- ja varastorakennusten ja autotallien paloturvallisuus<\/span><\/li>\n<li><span data-contrast=\"auto\"> EVS 812\u20135:2014 \u2013 Rakennusten paloturvallisuus. Osa 5: Polttoaineterminaalien ja huoltoasemien paloturvallisuus<\/span><\/li>\n<li><span data-contrast=\"auto\"> EVS 812\u20136:2012+A1:2013+AC:2016+A2:2017 \u2013 Rakennusten paloturvallisuus. Osa 6: Palovesihuolto<\/span><\/li>\n<li><span data-contrast=\"auto\"> EVS 812\u20137:2018 \u2013 Rakennusten paloturvallisuus. Osa 7: Rakennusten paloturvallisuusvaatimukset<\/span><\/li>\n<li><span data-contrast=\"auto\"> EVS 812\u20138:2018 \u2013 Rakennusten paloturvallisuus. Osa 8: Korkeiden rakennusten paloturvallisuus<\/span><\/li>\n<li><span data-contrast=\"auto\"> EVS 871:2017 \u2013 Palo- ja evakuointiovien aukot ja helat<\/span><\/li>\n<li><span data-contrast=\"auto\"> EVS-EN 1838:2013 \u2013 h\u00e4t\u00e4valaistus valaistustekniikkaa varten<\/span><\/li>\n<li><span data-contrast=\"auto\"> EVS-EN 50172:2005 \u2013 H\u00e4t\u00e4valaistusj\u00e4rjestelm\u00e4t<\/span><\/li>\n<li><span data-contrast=\"auto\"> CEN\/TS 54\u201314:2004 \u2013 Automaattinen paloh\u00e4lytysj\u00e4rjestelm\u00e4: suunnittelua, asennusta, tarkastusta, k\u00e4ytt\u00f6\u00e4 ja huoltoa koskevat s\u00e4\u00e4nn\u00f6t<\/span><\/li>\n<li><span data-contrast=\"auto\"> EVS-EN 12845:2015 \u2013 Kiinte\u00e4t palonsammutusj\u00e4rjestelm\u00e4t. Automaattiset sprinklerij\u00e4rjestelm\u00e4t. Suunnittelu, asennus ja huolto.<\/span><\/li>\n<li><span data-contrast=\"auto\"> EVS-EN 15004\u20131:2008 \u2013 Kiinte\u00e4t palonsammutusj\u00e4rjestelm\u00e4t. Kaasusammutusj\u00e4rjestelm\u00e4t: suunnittelu, <\/span><span data-contrast=\"auto\">asennus ja huolto<\/span><span data-ccp-props=\"{&quot;201341983&quot;:0,&quot;335559739&quot;:0,&quot;335559740&quot;:240}\">\u00a0<\/span><\/li>\n<li><span data-contrast=\"auto\"> EVS-EN 62305\u20131:2011+AC:2016 \u2013 ukkossuoja. Osa 1: Yleiset periaatteet<\/span><\/li>\n<li><span data-contrast=\"auto\"> EVS-EN 62305\u20132:2013 \u2013 ukkossuoja. Osa 2: Riskianalyysi<\/span><\/li>\n<li><span data-contrast=\"auto\"> EVS-EN 62305\u20133:2011 \u2013 ukkossuoja. Osa 3: Rakennusten fysikaaliset vauriot ja hengenvaarallisuus<\/span><\/li>\n<li><span data-contrast=\"auto\"> EVS-EN 62305\u20134:2011+AC:2016 \u2013 Rakennusten s\u00e4hk\u00f6- ja elektroniikkaj\u00e4rjestelm\u00e4t<\/span><\/li>\n<li><span data-contrast=\"auto\"> EVS 919:2013+A1:2014 \u2013 savuntorjunta. Suunnittelu, laitteiden asennus ja kunnossapito<\/span><\/li>\n<\/ol>\n<p><span data-contrast=\"auto\">HUOM.! Rakennushanketta luettaessa ja tulkittaessa on tarkistettava tietyn standardin p\u00e4tevyys Standardikeskuksesta (www.evs.ee).<\/span><span data-ccp-props=\"{&quot;201341983&quot;:0,&quot;335559739&quot;:0,&quot;335559740&quot;:240}\">\u00a0<\/span><\/p>","protected":false},"excerpt":{"rendered":"<p><span data-contrast=\"auto\">Koulutuksessa esitell\u00e4\u00e4n kunnallisille asiantuntijoille rakennushankkeiden paloturvallisuusvaatimukset ja selitet\u00e4\u00e4n, miten rakennusten turvallisuus on varmistettava voimassa olevien lakien ja standardien mukaisesti.\u00a0<\/span><span data-ccp-props=\"{&quot;201341983&quot;:0,&quot;335559739&quot;:0,&quot;335559740&quot;:240}\">\u00a0<\/span><\/p>\n<p><b><span data-contrast=\"auto\">1.3.2021 Alkaen paloturvallisuuskoulutusta saavat antaa ainoastaan ammattip\u00e4tevyyden omaavat paloturvallisuusasiantuntijat (taso 5) tai paloturvallisuusasiantuntijat (taso 5).<\/span><\/b><span data-contrast=\"auto\"> 6) jolla on my\u00f6s asianmukainen p\u00e4tevyys koulutuksen j\u00e4rjest\u00e4miseen. Suosittelemme tarkistamaan kouluttajan taustan <\/span><span style=\"color: #ff6600;\"><a style=\"color: #ff6600;\" href=\"http:\/\/www.kutsekoda.ee\/\">www.kutsekoda.ee<\/a>\u00a0<\/span><\/p>\n<p>Koulutusta voi tilata Viron, englannin ja Ven\u00e4j\u00e4n kielell\u00e4.<\/p>\n<p><strong>Jos sinulla on kysytt\u00e4v\u00e4\u00e4 ja haluat henkil\u00f6kohtaista ryhm\u00e4valmennusta, ota meihin yhteytt\u00e4.\u00a0\u00a0<\/strong><\/p>\n<p>&nbsp;<\/p>","protected":false},"featured_media":18373,"template":"","meta":[],"product_brand":[],"product_cat":[122,121,124,120,116,119,118],"product_tag":[],"class_list":{"0":"post-16655","1":"product","2":"type-product","3":"status-publish","4":"has-post-thumbnail","6":"product_cat-auditeerimine","7":"product_cat-keskkonnajuhtimine","8":"product_cat-koolitamine","9":"product_cat-kvaliteedijuhtimine","10":"product_cat-teenused","11":"product_cat-tooohutus-ja-tervishoid","12":"product_cat-tuleohutus","14":"first","15":"instock","16":"virtual","17":"taxable","18":"purchasable","19":"product-type-simple"},"_links":{"self":[{"href":"https:\/\/flameguard.ee\/fi\/wp-json\/wp\/v2\/product\/16655","targetHints":{"allow":["GET"]}}],"collection":[{"href":"https:\/\/flameguard.ee\/fi\/wp-json\/wp\/v2\/product"}],"about":[{"href":"https:\/\/flameguard.ee\/fi\/wp-json\/wp\/v2\/types\/product"}],"version-history":[{"count":11,"href":"https:\/\/flameguard.ee\/fi\/wp-json\/wp\/v2\/product\/16655\/revisions"}],"predecessor-version":[{"id":18409,"href":"https:\/\/flameguard.ee\/fi\/wp-json\/wp\/v2\/product\/16655\/revisions\/18409"}],"wp:featuredmedia":[{"embeddable":true,"href":"https:\/\/flameguard.ee\/fi\/wp-json\/wp\/v2\/media\/18373"}],"wp:attachment":[{"href":"https:\/\/flameguard.ee\/fi\/wp-json\/wp\/v2\/media?parent=16655"}],"wp:term":[{"taxonomy":"product_brand","embeddable":true,"href":"https:\/\/flameguard.ee\/fi\/wp-json\/wp\/v2\/product_brand?post=16655"},{"taxonomy":"product_cat","embeddable":true,"href":"https:\/\/flameguard.ee\/fi\/wp-json\/wp\/v2\/product_cat?post=16655"},{"taxonomy":"product_tag","embeddable":true,"href":"https:\/\/flameguard.ee\/fi\/wp-json\/wp\/v2\/product_tag?post=16655"}],"curies":[{"name":"wp","href":"https:\/\/api.w.org\/{rel}","templated":true}]}}