{"id":16657,"date":"2025-02-04T13:26:12","date_gmt":"2025-02-04T11:26:12","guid":{"rendered":"http:\/\/flameguard.ee.dedi7782.your-server.de\/?post_type=product&#038;p=16657"},"modified":"2025-03-07T15:51:59","modified_gmt":"2025-03-07T13:51:59","slug":"tootajate-tuleohutusalane-juhendamine","status":"publish","type":"product","link":"https:\/\/flameguard.ee\/fi\/product\/valmistajiin-ja-palontorjuntaan-liittyva-opastus\/","title":{"rendered":"Ty\u00f6ntekij\u00f6iden opastus paloturvallisuuden alalla"},"content":{"rendered":"<p><b><span data-contrast=\"auto\">Paloturvallisuusohjeiden yleinen osa:<\/span><\/b><span data-ccp-props=\"{&quot;201341983&quot;:0,&quot;335559739&quot;:0,&quot;335559740&quot;:240}\">\u00a0<\/span><\/p>\n<ul>\n<li data-leveltext=\"\uf0b7\" data-font=\"Symbol\" data-listid=\"5\" data-list-defn-props=\"{&quot;335552541&quot;:1,&quot;335559685&quot;:720,&quot;335559991&quot;:360,&quot;469769226&quot;:&quot;Symbol&quot;,&quot;469769242&quot;:[8226],&quot;469777803&quot;:&quot;left&quot;,&quot;469777804&quot;:&quot;\uf0b7&quot;,&quot;469777815&quot;:&quot;hybridMultilevel&quot;}\" aria-setsize=\"-1\" data-aria-posinset=\"1\" data-aria-level=\"1\"><span data-contrast=\"auto\">Paloturvallisuusvaatimusten esittely.<\/span><span data-ccp-props=\"{&quot;201341983&quot;:0,&quot;335559739&quot;:0,&quot;335559740&quot;:240}\">\u00a0<\/span><\/li>\n<\/ul>\n<ul>\n<li data-leveltext=\"\uf0b7\" data-font=\"Symbol\" data-listid=\"5\" data-list-defn-props=\"{&quot;335552541&quot;:1,&quot;335559685&quot;:720,&quot;335559991&quot;:360,&quot;469769226&quot;:&quot;Symbol&quot;,&quot;469769242&quot;:[8226],&quot;469777803&quot;:&quot;left&quot;,&quot;469777804&quot;:&quot;\uf0b7&quot;,&quot;469777815&quot;:&quot;hybridMultilevel&quot;}\" aria-setsize=\"-1\" data-aria-posinset=\"2\" data-aria-level=\"1\"><span data-contrast=\"auto\">Tutustuminen kohteen yleiseen ja ty\u00f6paikkakohtaiseen paloturvallisuusohjeeseen.<\/span><span data-ccp-props=\"{&quot;201341983&quot;:0,&quot;335559739&quot;:0,&quot;335559740&quot;:240}\">\u00a0<\/span><\/li>\n<\/ul>\n<ul>\n<li data-leveltext=\"\uf0b7\" data-font=\"Symbol\" data-listid=\"5\" data-list-defn-props=\"{&quot;335552541&quot;:1,&quot;335559685&quot;:720,&quot;335559991&quot;:360,&quot;469769226&quot;:&quot;Symbol&quot;,&quot;469769242&quot;:[8226],&quot;469777803&quot;:&quot;left&quot;,&quot;469777804&quot;:&quot;\uf0b7&quot;,&quot;469777815&quot;:&quot;hybridMultilevel&quot;}\" aria-setsize=\"-1\" data-aria-posinset=\"3\" data-aria-level=\"1\"><span data-contrast=\"auto\">Palo- ja r\u00e4j\u00e4hdysvaaroihin liittyvien riskien ja rakennusten erityispiirteiden esittely.<\/span><span data-ccp-props=\"{&quot;201341983&quot;:0,&quot;335559739&quot;:0,&quot;335559740&quot;:240}\">\u00a0<\/span><\/li>\n<\/ul>\n<ul>\n<li data-leveltext=\"\uf0b7\" data-font=\"Symbol\" data-listid=\"5\" data-list-defn-props=\"{&quot;335552541&quot;:1,&quot;335559685&quot;:720,&quot;335559991&quot;:360,&quot;469769226&quot;:&quot;Symbol&quot;,&quot;469769242&quot;:[8226],&quot;469777803&quot;:&quot;left&quot;,&quot;469777804&quot;:&quot;\uf0b7&quot;,&quot;469777815&quot;:&quot;hybridMultilevel&quot;}\" aria-setsize=\"-1\" data-aria-posinset=\"4\" data-aria-level=\"1\"><span data-contrast=\"auto\">Mahdollisten tulipalojen syiden ja niiden ehk\u00e4isemiseen t\u00e4ht\u00e4\u00e4vien toimenpiteiden ymm\u00e4rt\u00e4minen.<\/span><span data-ccp-props=\"{&quot;201341983&quot;:0,&quot;335559739&quot;:0,&quot;335559740&quot;:240}\">\u00a0<\/span><\/li>\n<\/ul>\n<ul>\n<li data-leveltext=\"\uf0b7\" data-font=\"Symbol\" data-listid=\"5\" data-list-defn-props=\"{&quot;335552541&quot;:1,&quot;335559685&quot;:720,&quot;335559991&quot;:360,&quot;469769226&quot;:&quot;Symbol&quot;,&quot;469769242&quot;:[8226],&quot;469777803&quot;:&quot;left&quot;,&quot;469777804&quot;:&quot;\uf0b7&quot;,&quot;469777815&quot;:&quot;hybridMultilevel&quot;}\" aria-setsize=\"-1\" data-aria-posinset=\"5\" data-aria-level=\"1\"><span data-contrast=\"auto\">Toiminta tulipalon tai muun onnettomuuden sattuessa (palonsammutus- ja pelastusryhm\u00e4n vet\u00e4minen, henkil\u00f6iden evakuointi, palonsammutusv\u00e4lineiden k\u00e4ytt\u00f6 jne.)<\/span><span data-ccp-props=\"{&quot;201341983&quot;:0,&quot;335559739&quot;:0,&quot;335559740&quot;:240}\">\u00a0<\/span><\/li>\n<\/ul>\n<ul>\n<li data-leveltext=\"\uf0b7\" data-font=\"Symbol\" data-listid=\"5\" data-list-defn-props=\"{&quot;335552541&quot;:1,&quot;335559685&quot;:720,&quot;335559991&quot;:360,&quot;469769226&quot;:&quot;Symbol&quot;,&quot;469769242&quot;:[8226],&quot;469777803&quot;:&quot;left&quot;,&quot;469777804&quot;:&quot;\uf0b7&quot;,&quot;469777815&quot;:&quot;hybridMultilevel&quot;}\" aria-setsize=\"-1\" data-aria-posinset=\"6\" data-aria-level=\"1\"><span data-contrast=\"auto\">Tietoa tulipalojen ehk\u00e4isyst\u00e4.<\/span><span data-ccp-props=\"{&quot;201341983&quot;:0,&quot;335559739&quot;:0,&quot;335559740&quot;:240}\">\u00a0<\/span><\/li>\n<\/ul>","protected":false},"excerpt":{"rendered":"<p><span data-contrast=\"auto\">Kun kaikki ty\u00f6ntekij\u00e4t aloittavat ty\u00f6skentelyn, heille on annettava paloturvallisuusohjeita. T\u00e4h\u00e4n sis\u00e4ltyv\u00e4t tiedot palontorjuntamenettelyist\u00e4, evakuointisuunnitelmista, palonsammutusv\u00e4lineiden k\u00e4yt\u00f6st\u00e4 ja turvallisuuss\u00e4\u00e4nn\u00f6ist\u00e4. Monissa virastoissa on erilliset vastuuhenkil\u00f6t, jotka vastaavat paloturvallisuudesta ja varmistavat, ett\u00e4 kaikkia vaatimuksia noudatetaan. N\u00e4m\u00e4 henkil\u00f6t ohjaavat ty\u00f6ntekij\u00f6it\u00e4, j\u00e4rjest\u00e4v\u00e4t s\u00e4\u00e4nn\u00f6llisi\u00e4 harjoituksia ja laativat riskianalyysej\u00e4. Koulutamme eri organisaatioita Viron yli ja mukautamme ohjausta ty\u00f6n luonteeseen. Esimerkiksi tuotantolaitoksissa keskitymme enemm\u00e4n koneiden ja laitteiden turvallisuuteen, kun taas toimistorakennuksissa korostamme k\u00e4yt\u00f6st\u00e4mme evakuoinnissa ja s\u00e4hk\u00f6turvallisuutta. Koulutuksessa voimme suorittaa k\u00e4yt\u00e4nn\u00f6n harjoituksia, joissa ty\u00f6ntekij\u00e4t voivat kokeilla sammuttimien ja muiden laitteiden k\u00e4ytt\u00f6\u00e4 valvotussa ymp\u00e4rist\u00f6ss\u00e4. Lis\u00e4ksi tarjoamme verkkokursseja, jotka mahdollistavat joustavan oppimisen ja tiedon p\u00e4ivitt\u00e4misen s\u00e4\u00e4nn\u00f6llisesti.<\/span><span data-ccp-props=\"{&quot;201341983&quot;:0,&quot;335559739&quot;:0,&quot;335559740&quot;:240}\">\u00a0<\/span><\/p>\n<p><b><span data-contrast=\"auto\">1.3.2021 Alkaen paloturvallisuuskoulutusta saavat antaa ainoastaan ammattip\u00e4tevyyden omaavat paloturvallisuusasiantuntijat (taso 5) tai paloturvallisuusasiantuntijat (taso 5).<\/span><\/b><span data-contrast=\"auto\"><strong> 6)<\/strong>6) jolla on my\u00f6s asianmukainen p\u00e4tevyys koulutuksen j\u00e4rjest\u00e4miseen. Suosittelemme tarkistamaan kouluttajan taustan <\/span><span style=\"color: #ff6600;\"><a style=\"color: #ff6600;\" href=\"http:\/\/www.kutsekoda.ee\/\">www.kutsekoda.ee<\/a><\/span><\/p>\n<p>Koulutusta voi tilata Viron, englannin ja Ven\u00e4j\u00e4n kielell\u00e4.<\/p>\n<p>&nbsp;<\/p>","protected":false},"featured_media":18413,"template":"","meta":[],"product_brand":[],"product_cat":[124,116,119,118],"product_tag":[],"class_list":{"0":"post-16657","1":"product","2":"type-product","3":"status-publish","4":"has-post-thumbnail","6":"product_cat-koolitamine","7":"product_cat-teenused","8":"product_cat-tooohutus-ja-tervishoid","9":"product_cat-tuleohutus","11":"first","12":"instock","13":"virtual","14":"taxable","15":"purchasable","16":"product-type-simple"},"_links":{"self":[{"href":"https:\/\/flameguard.ee\/fi\/wp-json\/wp\/v2\/product\/16657","targetHints":{"allow":["GET"]}}],"collection":[{"href":"https:\/\/flameguard.ee\/fi\/wp-json\/wp\/v2\/product"}],"about":[{"href":"https:\/\/flameguard.ee\/fi\/wp-json\/wp\/v2\/types\/product"}],"version-history":[{"count":4,"href":"https:\/\/flameguard.ee\/fi\/wp-json\/wp\/v2\/product\/16657\/revisions"}],"predecessor-version":[{"id":18418,"href":"https:\/\/flameguard.ee\/fi\/wp-json\/wp\/v2\/product\/16657\/revisions\/18418"}],"wp:featuredmedia":[{"embeddable":true,"href":"https:\/\/flameguard.ee\/fi\/wp-json\/wp\/v2\/media\/18413"}],"wp:attachment":[{"href":"https:\/\/flameguard.ee\/fi\/wp-json\/wp\/v2\/media?parent=16657"}],"wp:term":[{"taxonomy":"product_brand","embeddable":true,"href":"https:\/\/flameguard.ee\/fi\/wp-json\/wp\/v2\/product_brand?post=16657"},{"taxonomy":"product_cat","embeddable":true,"href":"https:\/\/flameguard.ee\/fi\/wp-json\/wp\/v2\/product_cat?post=16657"},{"taxonomy":"product_tag","embeddable":true,"href":"https:\/\/flameguard.ee\/fi\/wp-json\/wp\/v2\/product_tag?post=16657"}],"curies":[{"name":"wp","href":"https:\/\/api.w.org\/{rel}","templated":true}]}}