{"id":16661,"date":"2025-02-04T13:27:02","date_gmt":"2025-02-04T11:27:02","guid":{"rendered":"http:\/\/flameguard.ee.dedi7782.your-server.de\/?post_type=product&#038;p=16661"},"modified":"2025-03-07T15:07:13","modified_gmt":"2025-03-07T13:07:13","slug":"tulekustutusharjutus","status":"publish","type":"product","link":"https:\/\/flameguard.ee\/fi\/product\/palonsammutusharjoitus\/","title":{"rendered":"Palonsammutusharjoitus"},"content":{"rendered":"<p><span data-contrast=\"auto\">Koulutuksemme on luvanvaraisten kouluttajien vastuulla. Kouluttajat ovat ammattilaisia, joten koulutus on k\u00e4yt\u00e4nn\u00f6llist\u00e4 ja osallistavaa. <\/span><span data-ccp-props=\"{&quot;201341983&quot;:0,&quot;335559739&quot;:0,&quot;335559740&quot;:240}\">\u00a0<\/span><\/p>\n<p><strong>Koulutus voidaan yhdist\u00e4\u00e4 muuhun joukkueen koulutukseen kes\u00e4p\u00e4ivin\u00e4, tiedotusp\u00e4ivin\u00e4 tai uuden rakennuksen avaamisen yhteydess\u00e4.<\/strong><span data-ccp-props=\"{&quot;201341983&quot;:0,&quot;335559739&quot;:0,&quot;335559740&quot;:240}\">\u00a0<\/span><\/p>","protected":false},"excerpt":{"rendered":"<p><span data-contrast=\"auto\">Palonsammutusharjoituksen<\/span> <span data-contrast=\"auto\">tavoitteena on antaa osallistujille perustiedot ja k\u00e4yt\u00e4nn\u00f6n taidot sammuttimien k\u00e4yt\u00f6st\u00e4 tulipalon sattuessa.<\/span><span data-ccp-props=\"{&quot;201341983&quot;:0,&quot;335559739&quot;:0,&quot;335559740&quot;:240}\">\u00a0<\/span><span data-contrast=\"auto\">Jos tarvitset sis\u00e4ist\u00e4 koulutusta organisaatiossasi, voimme luoda tulensammutusharjoituksen, joka vastaa tarpeitasi.<\/span><span data-ccp-props=\"{&quot;201341983&quot;:0,&quot;335559739&quot;:0,&quot;335559740&quot;:240}\">\u00a0<\/span><span data-contrast=\"auto\">Harjoittelemme kent\u00e4ll\u00e4 ja k\u00e4yt\u00e4mme joko vaahtomuovia sis\u00e4lt\u00e4v\u00e4\u00e4 sammutinta tai yrityksess\u00e4 k\u00e4ytettyj\u00e4 todellisia sammuttimia. Ryhm\u00e4koulutukseen voi rekister\u00f6ity\u00e4 enint\u00e4\u00e4n 30 osallistujaa.<\/span><span data-ccp-props=\"{&quot;201341983&quot;:0,&quot;335559739&quot;:0,&quot;335559740&quot;:240}\">\u00a0<\/span><\/p>\n<p>Koulutusta voi tilata Viron, englannin ja Ven\u00e4j\u00e4n kielell\u00e4.<\/p>\n<p><strong>Jos teill\u00e4 on kysytt\u00e4v\u00e4\u00e4 ja erityisi\u00e4 toiveita, ottakaa meihin yhteytt\u00e4.\u00a0\u00a0<\/strong><\/p>\n<p>&nbsp;<\/p>","protected":false},"featured_media":18367,"template":"","meta":[],"product_brand":[],"product_cat":[124,116,118],"product_tag":[],"class_list":{"0":"post-16661","1":"product","2":"type-product","3":"status-publish","4":"has-post-thumbnail","6":"product_cat-koolitamine","7":"product_cat-teenused","8":"product_cat-tuleohutus","10":"first","11":"instock","12":"virtual","13":"taxable","14":"purchasable","15":"product-type-simple"},"_links":{"self":[{"href":"https:\/\/flameguard.ee\/fi\/wp-json\/wp\/v2\/product\/16661","targetHints":{"allow":["GET"]}}],"collection":[{"href":"https:\/\/flameguard.ee\/fi\/wp-json\/wp\/v2\/product"}],"about":[{"href":"https:\/\/flameguard.ee\/fi\/wp-json\/wp\/v2\/types\/product"}],"version-history":[{"count":5,"href":"https:\/\/flameguard.ee\/fi\/wp-json\/wp\/v2\/product\/16661\/revisions"}],"predecessor-version":[{"id":18404,"href":"https:\/\/flameguard.ee\/fi\/wp-json\/wp\/v2\/product\/16661\/revisions\/18404"}],"wp:featuredmedia":[{"embeddable":true,"href":"https:\/\/flameguard.ee\/fi\/wp-json\/wp\/v2\/media\/18367"}],"wp:attachment":[{"href":"https:\/\/flameguard.ee\/fi\/wp-json\/wp\/v2\/media?parent=16661"}],"wp:term":[{"taxonomy":"product_brand","embeddable":true,"href":"https:\/\/flameguard.ee\/fi\/wp-json\/wp\/v2\/product_brand?post=16661"},{"taxonomy":"product_cat","embeddable":true,"href":"https:\/\/flameguard.ee\/fi\/wp-json\/wp\/v2\/product_cat?post=16661"},{"taxonomy":"product_tag","embeddable":true,"href":"https:\/\/flameguard.ee\/fi\/wp-json\/wp\/v2\/product_tag?post=16661"}],"curies":[{"name":"wp","href":"https:\/\/api.w.org\/{rel}","templated":true}]}}