{"id":17148,"date":"2025-02-19T16:56:47","date_gmt":"2025-02-19T14:56:47","guid":{"rendered":"http:\/\/flameguard.ee.dedi7782.your-server.de\/?post_type=product&#038;p=17148"},"modified":"2025-02-21T20:28:28","modified_gmt":"2025-02-21T18:28:28","slug":"tulekustuti-6-kg-plus-pa-6-koos-kinnitusega-poola-55a-233b-c","status":"publish","type":"product","link":"https:\/\/flameguard.ee\/fi\/product\/sammutin-6-kg-plus-pa-6-kiintea-puola-55a-233b-c\/","title":{"rendered":"Palosammutin 6 kg plus PA-6 ja kiinnitys (Puola) 55A 233B\/C"},"content":{"rendered":"<p>OGNIOCHRON-jauhe t\u00e4ytt\u00e4\u00e4 tekniset vaatimukset ja tarjoaa tehokkaan suojan erilaisissa olosuhteissa ja tilanteissa.<\/p>\n<p><a style=\"color: #fe312e;\" href=\"\/wp-content\/uploads\/2025\/02\/card_gp-6x_abc_mp_plus.pdf\" target=\"_blank\" rel=\"noopener\"><img decoding=\"async\" src=\"\/wp-content\/uploads\/2025\/02\/pdf-icon.webp\" \/> K\u00e4ytt\u00f6turvallisuustiedote<\/a><\/p>","protected":false},"excerpt":{"rendered":"<p>T\u00e4m\u00e4 sammutintyyppi soveltuu sek\u00e4 sis\u00e4- ett\u00e4 ulkok\u00e4ytt\u00f6\u00f6n, l\u00e4mmitt\u00e4m\u00e4tt\u00f6miin tiloihin ja autoon. Sammuttimen tarkoituksena on sammuttaa kiinteiden aineiden, palonesteiden ja kaasujen aiheuttamia tulipaloja sek\u00e4 sammuttaa enint\u00e4\u00e4n 1000 j\u00e4nnitteiset s\u00e4hk\u00f6laitteet. sammutus on suoritettava v\u00e4hint\u00e4\u00e4n metrin et\u00e4isyydelt\u00e4.<\/p>\n<p><strong>Tekniset tiedot:<\/strong><br \/>\nJauheen m\u00e4\u00e4r\u00e4: 6 kg<br \/>\nSammuttimen paino: 9,3 kg<br \/>\nTy\u00f6aika (yht\u00e4jaksoinen): 15 sekuntia.<br \/>\nSammuttimen korkeus: 495 mm<br \/>\nRungon halkaisija: 160 mm<br \/>\nK\u00e4ytt\u00f6l\u00e4mp\u00f6tila: \u201330 \u00b0C \u2013 +60 \u00b0C<br \/>\nPoistoluokka: 55A 233B C E<br \/>\nTodistukset: CE, EN3<\/p>\n<p>&nbsp;<\/p>","protected":false},"featured_media":17149,"template":"","meta":[],"product_brand":[],"product_cat":[83],"product_tag":[],"class_list":{"0":"post-17148","1":"product","2":"type-product","3":"status-publish","4":"has-post-thumbnail","6":"product_cat-tulekustutid","8":"first","9":"instock","10":"taxable","11":"shipping-taxable","12":"purchasable","13":"product-type-simple"},"_links":{"self":[{"href":"https:\/\/flameguard.ee\/fi\/wp-json\/wp\/v2\/product\/17148","targetHints":{"allow":["GET"]}}],"collection":[{"href":"https:\/\/flameguard.ee\/fi\/wp-json\/wp\/v2\/product"}],"about":[{"href":"https:\/\/flameguard.ee\/fi\/wp-json\/wp\/v2\/types\/product"}],"version-history":[{"count":4,"href":"https:\/\/flameguard.ee\/fi\/wp-json\/wp\/v2\/product\/17148\/revisions"}],"predecessor-version":[{"id":17235,"href":"https:\/\/flameguard.ee\/fi\/wp-json\/wp\/v2\/product\/17148\/revisions\/17235"}],"wp:featuredmedia":[{"embeddable":true,"href":"https:\/\/flameguard.ee\/fi\/wp-json\/wp\/v2\/media\/17149"}],"wp:attachment":[{"href":"https:\/\/flameguard.ee\/fi\/wp-json\/wp\/v2\/media?parent=17148"}],"wp:term":[{"taxonomy":"product_brand","embeddable":true,"href":"https:\/\/flameguard.ee\/fi\/wp-json\/wp\/v2\/product_brand?post=17148"},{"taxonomy":"product_cat","embeddable":true,"href":"https:\/\/flameguard.ee\/fi\/wp-json\/wp\/v2\/product_cat?post=17148"},{"taxonomy":"product_tag","embeddable":true,"href":"https:\/\/flameguard.ee\/fi\/wp-json\/wp\/v2\/product_tag?post=17148"}],"curies":[{"name":"wp","href":"https:\/\/api.w.org\/{rel}","templated":true}]}}