{"id":17171,"date":"2025-02-19T17:21:14","date_gmt":"2025-02-19T15:21:14","guid":{"rendered":"http:\/\/flameguard.ee.dedi7782.your-server.de\/?post_type=product&#038;p=17171"},"modified":"2025-04-02T18:20:18","modified_gmt":"2025-04-02T15:20:18","slug":"vahttulekustuti-6l-21a-233b-40f","status":"publish","type":"product","link":"https:\/\/flameguard.ee\/fi\/product\/vaahtosammutin-6-l-21a-233b-40f\/","title":{"rendered":"Vaahtosammutin 6 L 21A 233B 40F"},"content":{"rendered":"<p>OGNIOCHRON-vaahtosammutin t\u00e4ytt\u00e4\u00e4 tekniset vaatimukset ja tarjoaa tehokkaan suojan erilaisissa olosuhteissa ja tilanteissa.<\/p>\n<p><a style=\"color: #fe312e;\" href=\"\/wp-content\/uploads\/2025\/02\/card_gpn-6x_abf_mp.pdf\" target=\"_blank\" rel=\"noopener\"><img decoding=\"async\" src=\"\/wp-content\/uploads\/2025\/02\/pdf-icon.webp\" \/> Tuotekortti<\/a><\/p>","protected":false},"excerpt":{"rendered":"<p>T\u00e4m\u00e4 sammutintyyppi soveltuu k\u00e4ytett\u00e4v\u00e4ksi sis\u00e4tiloissa. Sammutin on tarkoitettu kiinteiden aineiden, palonesteiden ja rasvojen aiheuttamien tulipalojen sammuttamiseen sek\u00e4 enint\u00e4\u00e4n 1000 j\u00e4nnitteisten s\u00e4hk\u00f6laitteiden sammuttamiseen. Sammutin soveltuu erityisen hyvin elintarvikkeiden ja el\u00e4inten rasvojen sammuttamiseen kodeissa, toimistokeitti\u00f6iss\u00e4, ruokaloissa, ravintoloissa ja vastaavissa paikoissa.<\/p>\n<p><strong>Tekniset tiedot:<\/strong><br \/>\nSammutusseoksen m\u00e4\u00e4r\u00e4: 6 L<br \/>\nSammuttimen paino: 9,7 kg<br \/>\nTy\u00f6aika (yht\u00e4jaksoinen): 15 sekuntia.<br \/>\nSammuttimen korkeus: 502 mm<br \/>\nRungon halkaisija: 160 mm<br \/>\nK\u00e4ytt\u00f6l\u00e4mp\u00f6tila: +5 \u00b0C \u2013 +60 \u00b0C<br \/>\nPoistoluokka: 21A 233B 40F E<br \/>\nTodistukset: CE, EN3<\/p>\n<p>&nbsp;<\/p>","protected":false},"featured_media":17172,"template":"","meta":[],"product_brand":[],"product_cat":[83],"product_tag":[],"class_list":{"0":"post-17171","1":"product","2":"type-product","3":"status-publish","4":"has-post-thumbnail","6":"product_cat-tulekustutid","8":"first","9":"instock","10":"taxable","11":"shipping-taxable","12":"purchasable","13":"product-type-simple"},"_links":{"self":[{"href":"https:\/\/flameguard.ee\/fi\/wp-json\/wp\/v2\/product\/17171","targetHints":{"allow":["GET"]}}],"collection":[{"href":"https:\/\/flameguard.ee\/fi\/wp-json\/wp\/v2\/product"}],"about":[{"href":"https:\/\/flameguard.ee\/fi\/wp-json\/wp\/v2\/types\/product"}],"version-history":[{"count":6,"href":"https:\/\/flameguard.ee\/fi\/wp-json\/wp\/v2\/product\/17171\/revisions"}],"predecessor-version":[{"id":17242,"href":"https:\/\/flameguard.ee\/fi\/wp-json\/wp\/v2\/product\/17171\/revisions\/17242"}],"wp:featuredmedia":[{"embeddable":true,"href":"https:\/\/flameguard.ee\/fi\/wp-json\/wp\/v2\/media\/17172"}],"wp:attachment":[{"href":"https:\/\/flameguard.ee\/fi\/wp-json\/wp\/v2\/media?parent=17171"}],"wp:term":[{"taxonomy":"product_brand","embeddable":true,"href":"https:\/\/flameguard.ee\/fi\/wp-json\/wp\/v2\/product_brand?post=17171"},{"taxonomy":"product_cat","embeddable":true,"href":"https:\/\/flameguard.ee\/fi\/wp-json\/wp\/v2\/product_cat?post=17171"},{"taxonomy":"product_tag","embeddable":true,"href":"https:\/\/flameguard.ee\/fi\/wp-json\/wp\/v2\/product_tag?post=17171"}],"curies":[{"name":"wp","href":"https:\/\/api.w.org\/{rel}","templated":true}]}}