{"id":17178,"date":"2025-02-19T17:29:01","date_gmt":"2025-02-19T15:29:01","guid":{"rendered":"http:\/\/flameguard.ee.dedi7782.your-server.de\/?post_type=product&#038;p=17178"},"modified":"2025-02-21T20:25:46","modified_gmt":"2025-02-21T18:25:46","slug":"co2-tulekustuti-oa-2-kg-34b","status":"publish","type":"product","link":"https:\/\/flameguard.ee\/fi\/product\/co2-sammutin-oa-2-kg-34b\/","title":{"rendered":"CO2 sammutin \u2013 OA-2 kg 34B"},"content":{"rendered":"<p>OGNIOCHRON CO2 - sammuttimen on t\u00e4ytett\u00e4v\u00e4 tekniset vaatimukset ja tarjottava tehokas suoja erilaisissa olosuhteissa ja tilanteissa.<\/p>\n<p><a style=\"color: #fe312e;\" href=\"\/wp-content\/uploads\/2025\/02\/card_gs-2x-b.pdf\" target=\"_blank\" rel=\"noopener\"><img decoding=\"async\" src=\"\/wp-content\/uploads\/2025\/02\/pdf-icon.webp\" \/> Tuotekortti<\/a><\/p>","protected":false},"excerpt":{"rendered":"<p>T\u00e4m\u00e4 sammutintyyppi soveltuu sek\u00e4 sis\u00e4- ett\u00e4 ulkok\u00e4ytt\u00f6\u00f6n, l\u00e4mmitt\u00e4m\u00e4tt\u00f6miin tiloihin ja autoon. Sammuttimen on tarkoitus sammuttaa kiinteit\u00e4 aineita, palavia nesteit\u00e4 ja kaasuja sek\u00e4 sammuttaa enint\u00e4\u00e4n 1000 j\u00e4nnitteiset s\u00e4hk\u00f6laitteet. Se soveltuu paremmin suljettuihin tiloihin, kuten museoihin, arkistoihin ja laboratorioihin, joissa on sammutettava helposti syttyvi\u00e4 ja palavia nesteit\u00e4 (bensiini, \u00f6ljy, alkoholi, rasvat jne.) tai j\u00e4nnitteisi\u00e4 s\u00e4hk\u00f6laitteita.<br \/>\nSammutin sammuttaa liekin kemiallisesti t\u00e4ytt\u00e4m\u00e4ll\u00e4 kiinte\u00e4n suljetun tilan CO2:ll\u00e4. Suuripitoisuuksinen CO2 est\u00e4\u00e4 hapettumisen est\u00e4m\u00e4ll\u00e4 liekkej\u00e4.<\/p>\n<p><strong>Tekniset tiedot:<\/strong><br \/>\nSammutuskaasun m\u00e4\u00e4r\u00e4: 2 kg<br \/>\nSammuttimen paino: 7 kg<br \/>\nTy\u00f6aika (yht\u00e4jaksoinen): 6 sekuntia.<br \/>\nSammuttimen korkeus: 543 mm<br \/>\nRungon halkaisija: 105 mm<br \/>\nK\u00e4ytt\u00f6l\u00e4mp\u00f6tila: \u201320 \u00b0C \u2013 +60 \u00b0C<br \/>\nPoistoluokka: 34B E<br \/>\nTodistukset: CE, EN3<\/p>\n<p>&nbsp;<\/p>","protected":false},"featured_media":17179,"template":"","meta":[],"product_brand":[],"product_cat":[83],"product_tag":[],"class_list":{"0":"post-17178","1":"product","2":"type-product","3":"status-publish","4":"has-post-thumbnail","6":"product_cat-tulekustutid","8":"first","9":"instock","10":"taxable","11":"shipping-taxable","12":"purchasable","13":"product-type-simple"},"_links":{"self":[{"href":"https:\/\/flameguard.ee\/fi\/wp-json\/wp\/v2\/product\/17178","targetHints":{"allow":["GET"]}}],"collection":[{"href":"https:\/\/flameguard.ee\/fi\/wp-json\/wp\/v2\/product"}],"about":[{"href":"https:\/\/flameguard.ee\/fi\/wp-json\/wp\/v2\/types\/product"}],"version-history":[{"count":8,"href":"https:\/\/flameguard.ee\/fi\/wp-json\/wp\/v2\/product\/17178\/revisions"}],"predecessor-version":[{"id":17226,"href":"https:\/\/flameguard.ee\/fi\/wp-json\/wp\/v2\/product\/17178\/revisions\/17226"}],"wp:featuredmedia":[{"embeddable":true,"href":"https:\/\/flameguard.ee\/fi\/wp-json\/wp\/v2\/media\/17179"}],"wp:attachment":[{"href":"https:\/\/flameguard.ee\/fi\/wp-json\/wp\/v2\/media?parent=17178"}],"wp:term":[{"taxonomy":"product_brand","embeddable":true,"href":"https:\/\/flameguard.ee\/fi\/wp-json\/wp\/v2\/product_brand?post=17178"},{"taxonomy":"product_cat","embeddable":true,"href":"https:\/\/flameguard.ee\/fi\/wp-json\/wp\/v2\/product_cat?post=17178"},{"taxonomy":"product_tag","embeddable":true,"href":"https:\/\/flameguard.ee\/fi\/wp-json\/wp\/v2\/product_tag?post=17178"}],"curies":[{"name":"wp","href":"https:\/\/api.w.org\/{rel}","templated":true}]}}