{"id":17190,"date":"2025-02-19T18:19:24","date_gmt":"2025-02-19T16:19:24","guid":{"rendered":"http:\/\/flameguard.ee.dedi7782.your-server.de\/?post_type=product&#038;p=17190"},"modified":"2025-06-01T00:00:23","modified_gmt":"2025-05-31T21:00:23","slug":"liitiumaku-tulekustuti-ver-dis-2l","status":"publish","type":"product","link":"https:\/\/flameguard.ee\/fi\/product\/litiumaku-sammutin-ver-dis-2-l\/","title":{"rendered":"Litiumakusammutin VER-DIS 2 L"},"content":{"rendered":"<p>OGNIOCHRON litiumsumuttimen on t\u00e4ytett\u00e4v\u00e4 tekniset vaatimukset ja tarjottava tehokas suoja erilaisissa olosuhteissa ja tilanteissa.<\/p>\n<p><a style=\"color: #fe312e;\" href=\"\/wp-content\/uploads\/2025\/02\/card_ver-dis_2x-1.pdf\" target=\"_blank\" rel=\"noopener\"><img decoding=\"async\" src=\"\/wp-content\/uploads\/2025\/02\/pdf-icon.webp\" \/> Tuotekortti<\/a><\/p>","protected":false},"excerpt":{"rendered":"<p>T\u00e4m\u00e4 sammutintyyppi soveltuu k\u00e4ytett\u00e4v\u00e4ksi sis\u00e4tiloissa. VER-DIS-sammuttimet, jotka on erityisesti suunniteltu litiumioniakkujen aiheuttamien tulipalojen sammuttamiseen ja jotka soveltuvat enint\u00e4\u00e4n 1000 j\u00e4nnitteisten s\u00e4hk\u00f6laitteiden sammuttamiseen. Innovatiivinen vermikuliittiin perustuva sammutusaine j\u00e4\u00e4hdytt\u00e4\u00e4 nopeasti akkua ja sammuttaa liekit. Ilmatiivis kerros est\u00e4\u00e4 hapen p\u00e4\u00e4syn ja est\u00e4\u00e4 tulen levi\u00e4misen. Akkujen sammuttamiseen tarkoitettu: enint\u00e4\u00e4n 200 Wh. K\u00e4ytt\u00f6tarkoitukset: kannettavat tietokoneet, taulutietokoneet, ladattavat akut jne.<\/p>\n<p><strong>Tekniset tiedot:<\/strong><br \/>\nSammutusseoksen m\u00e4\u00e4r\u00e4: 2 L<br \/>\nSammuttimen paino: 3,5 kg<br \/>\nTy\u00f6aika (yht\u00e4jaksoinen): 20 sekuntia.<br \/>\nSammuttimen korkeus: 368 mm<br \/>\nRungon halkaisija: 110 mm<br \/>\nK\u00e4ytt\u00f6l\u00e4mp\u00f6tila: +5 \u00b0C \u2013 +60 \u00b0C<br \/>\nPoistoluokka:a E litiumparistot<br \/>\nTodistukset: CE, EN3<\/p>\n<p>&nbsp;<\/p>","protected":false},"featured_media":17191,"template":"","meta":[],"product_brand":[],"product_cat":[83],"product_tag":[],"class_list":{"0":"post-17190","1":"product","2":"type-product","3":"status-publish","4":"has-post-thumbnail","6":"product_cat-tulekustutid","8":"first","9":"instock","10":"taxable","11":"shipping-taxable","12":"purchasable","13":"product-type-simple"},"_links":{"self":[{"href":"https:\/\/flameguard.ee\/fi\/wp-json\/wp\/v2\/product\/17190","targetHints":{"allow":["GET"]}}],"collection":[{"href":"https:\/\/flameguard.ee\/fi\/wp-json\/wp\/v2\/product"}],"about":[{"href":"https:\/\/flameguard.ee\/fi\/wp-json\/wp\/v2\/types\/product"}],"version-history":[{"count":7,"href":"https:\/\/flameguard.ee\/fi\/wp-json\/wp\/v2\/product\/17190\/revisions"}],"predecessor-version":[{"id":17231,"href":"https:\/\/flameguard.ee\/fi\/wp-json\/wp\/v2\/product\/17190\/revisions\/17231"}],"wp:featuredmedia":[{"embeddable":true,"href":"https:\/\/flameguard.ee\/fi\/wp-json\/wp\/v2\/media\/17191"}],"wp:attachment":[{"href":"https:\/\/flameguard.ee\/fi\/wp-json\/wp\/v2\/media?parent=17190"}],"wp:term":[{"taxonomy":"product_brand","embeddable":true,"href":"https:\/\/flameguard.ee\/fi\/wp-json\/wp\/v2\/product_brand?post=17190"},{"taxonomy":"product_cat","embeddable":true,"href":"https:\/\/flameguard.ee\/fi\/wp-json\/wp\/v2\/product_cat?post=17190"},{"taxonomy":"product_tag","embeddable":true,"href":"https:\/\/flameguard.ee\/fi\/wp-json\/wp\/v2\/product_tag?post=17190"}],"curies":[{"name":"wp","href":"https:\/\/api.w.org\/{rel}","templated":true}]}}