{"id":17212,"date":"2025-02-20T17:52:55","date_gmt":"2025-02-20T15:52:55","guid":{"rendered":"http:\/\/flameguard.ee.dedi7782.your-server.de\/?post_type=product&#038;p=17212"},"modified":"2025-03-13T12:08:59","modified_gmt":"2025-03-13T10:08:59","slug":"liitiumaku-tulekustuti-ver-dis-6l","status":"publish","type":"product","link":"https:\/\/flameguard.ee\/fi\/product\/litiumaku-sammutin-ver-dis-6-l\/","title":{"rendered":"Litiumakusammutin VER-DIS 6L"},"content":{"rendered":"<p>OGNIOCHRON litiumsumuttimen on t\u00e4ytett\u00e4v\u00e4 tekniset vaatimukset ja tarjottava tehokas suoja erilaisissa olosuhteissa ja tilanteissa.<\/p>\n<p><a style=\"color: #fe312e;\" href=\"\/wp-content\/uploads\/2025\/02\/card_ver-dis_6x-1.pdf\" target=\"_blank\" rel=\"noopener\"><img decoding=\"async\" src=\"\/wp-content\/uploads\/2025\/02\/pdf-icon.webp\" \/> Tuotekortti<\/a><\/p>","protected":false},"excerpt":{"rendered":"<div class=\"ewa-rteLine\">T\u00e4m\u00e4 sammutintyyppi soveltuu k\u00e4ytett\u00e4v\u00e4ksi my\u00f6s sis\u00e4tiloissa. VER-DIS-sammuttimet, jotka on erityisesti suunniteltu litiumioniakkujen aiheuttamien tulipalojen sammuttamiseen ja jotka soveltuvat enint\u00e4\u00e4n 1000 j\u00e4nnitteisten s\u00e4hk\u00f6laitteiden sammuttamiseen. Innovatiivinen vermikuliittiin perustuva sammutusaine j\u00e4\u00e4hdytt\u00e4\u00e4 nopeasti akkua ja sammuttaa liekit. Ilmatiivis kerros est\u00e4\u00e4 hapen p\u00e4\u00e4syn ja est\u00e4\u00e4 tulen levi\u00e4misen. K\u00e4ytt\u00f6tarkoitukset: sylimikrot, taulutietokoneet, latausakut, potkulaudat, skootterit, s\u00e4hk\u00f6ajoneuvot jne.<\/div>\n<div><\/div>\n<div>.<\/div>\n<div>\n<div class=\"ewa-rteLine\"><strong>Tekniset tiedot: <\/strong><\/div>\n<div class=\"ewa-rteLine\">Sammutusseoksen m\u00e4\u00e4r\u00e4: 6 L<\/div>\n<div class=\"ewa-rteLine\">Sammuttimen paino: 9,7 kg<\/div>\n<div class=\"ewa-rteLine\">Ty\u00f6aika (yht\u00e4jaksoinen): 40 sekki\u00e4.<\/div>\n<div class=\"ewa-rteLine\">Sammuttimen korkeus: 502 mm<\/div>\n<div class=\"ewa-rteLine\">Rungon halkaisija: 160 mm<\/div>\n<div class=\"ewa-rteLine\">K\u00e4ytt\u00f6l\u00e4mp\u00f6tila: +5 \u00b0C \u2013 +60 \u00b0C<\/div>\n<div class=\"ewa-rteLine\">Poistoluokka:a E litiumparistot<\/div>\n<div>Akkujen sammuttamiseen tarkoitettu: enint\u00e4\u00e4n 500 Wh.<\/div>\n<div class=\"ewa-rteLine\">Todistukset: CE, EN3<\/div>\n<\/div>\n<div class=\"ewa-rteLine\"><\/div>","protected":false},"featured_media":17287,"template":"","meta":[],"product_brand":[],"product_cat":[83],"product_tag":[],"class_list":{"0":"post-17212","1":"product","2":"type-product","3":"status-publish","4":"has-post-thumbnail","6":"product_cat-tulekustutid","8":"first","9":"instock","10":"sale","11":"taxable","12":"shipping-taxable","13":"purchasable","14":"product-type-simple"},"_links":{"self":[{"href":"https:\/\/flameguard.ee\/fi\/wp-json\/wp\/v2\/product\/17212","targetHints":{"allow":["GET"]}}],"collection":[{"href":"https:\/\/flameguard.ee\/fi\/wp-json\/wp\/v2\/product"}],"about":[{"href":"https:\/\/flameguard.ee\/fi\/wp-json\/wp\/v2\/types\/product"}],"version-history":[{"count":19,"href":"https:\/\/flameguard.ee\/fi\/wp-json\/wp\/v2\/product\/17212\/revisions"}],"predecessor-version":[{"id":18644,"href":"https:\/\/flameguard.ee\/fi\/wp-json\/wp\/v2\/product\/17212\/revisions\/18644"}],"wp:featuredmedia":[{"embeddable":true,"href":"https:\/\/flameguard.ee\/fi\/wp-json\/wp\/v2\/media\/17287"}],"wp:attachment":[{"href":"https:\/\/flameguard.ee\/fi\/wp-json\/wp\/v2\/media?parent=17212"}],"wp:term":[{"taxonomy":"product_brand","embeddable":true,"href":"https:\/\/flameguard.ee\/fi\/wp-json\/wp\/v2\/product_brand?post=17212"},{"taxonomy":"product_cat","embeddable":true,"href":"https:\/\/flameguard.ee\/fi\/wp-json\/wp\/v2\/product_cat?post=17212"},{"taxonomy":"product_tag","embeddable":true,"href":"https:\/\/flameguard.ee\/fi\/wp-json\/wp\/v2\/product_tag?post=17212"}],"curies":[{"name":"wp","href":"https:\/\/api.w.org\/{rel}","templated":true}]}}