{"id":17243,"date":"2025-02-20T15:24:53","date_gmt":"2025-02-20T13:24:53","guid":{"rendered":"http:\/\/flameguard.ee.dedi7782.your-server.de\/?post_type=product&#038;p=17243"},"modified":"2025-03-12T11:32:51","modified_gmt":"2025-03-12T09:32:51","slug":"liitiumaku-tulekustuti-ver-dis-2l-2","status":"publish","type":"product","link":"https:\/\/flameguard.ee\/fi\/product\/litiumakkupalosammutin-ver-dis-2-l-2\/","title":{"rendered":"Yleissammutin Firexo-2L"},"content":{"rendered":"<p>YRITYSTEN yleissammuttimen on t\u00e4ytett\u00e4v\u00e4 tekniset vaatimukset ja tarjottava tehokas suoja erilaisissa olosuhteissa ja tilanteissa.<\/p>\n<p><a style=\"color: #fe312e;\" href=\"\/wp-content\/uploads\/2025\/02\/2022-firexo-uk-data-sheet-2l-extinguisher.pdf\" target=\"_blank\" rel=\"noopener\"><img decoding=\"async\" src=\"\/wp-content\/uploads\/2025\/02\/pdf-icon.webp\" \/> Tuotekortti<\/a><\/p>\n<p><a style=\"color: #fe312e;\" href=\"\/wp-content\/uploads\/2025\/02\/2LTR-EH-18-1202-1070-DIELECTRIC-ONLY-13.12.18.pdf\" target=\"_blank\" rel=\"noopener\"><img decoding=\"async\" src=\"\/wp-content\/uploads\/2025\/02\/pdf-icon.webp\" \/> Vaatimustenmukaisuusvakuutus<\/a><\/p>\n<p><a style=\"color: #fe312e;\" href=\"\/wp-content\/uploads\/2025\/02\/Lithium-ion-Test.pdf\" target=\"_blank\" rel=\"noopener\"><img decoding=\"async\" src=\"\/wp-content\/uploads\/2025\/02\/pdf-icon.webp\" \/> Test_raport<\/a><\/p>","protected":false},"excerpt":{"rendered":"<p>Firexo ALL FIRES 2 litran sammutin soveltuu <strong>KAIKILLE<\/strong> paloluokkiin: kiinteiden aineiden, palavien nesteiden, kaasujen, j\u00e4nnitteisten s\u00e4hk\u00f6laitteiden (enint\u00e4\u00e4n 400 volttia), rasvapalojen, litiumioniakkujen aiheuttamien tulipalojen ja metallien sammuttamiseen. Se on ihanteellinen auto-, asuntovaunu-, koti-, autotalli-, puutarha - tai toimistok\u00e4ytt\u00f6\u00f6n.<\/p>\n<p><strong>Tekniset tiedot:<\/strong><br \/>\nSammutusseoksen m\u00e4\u00e4r\u00e4: 2 L<br \/>\nSammuttimen paino: 4 kg<br \/>\nTy\u00f6aika (yht\u00e4jaksoinen): 25 SEK<br \/>\nSammuttimen korkeus: 415 mm<br \/>\nRungon halkaisija: 110 mm<br \/>\nK\u00e4ytt\u00f6l\u00e4mp\u00f6tila: \u201315 \u00b0C \u2013 +60 \u00b0C<br \/>\nSammutusluokka: 13A 34B 25F C E D litiumparistot<\/p>\n<p>&nbsp;<\/p>","protected":false},"featured_media":17244,"template":"","meta":[],"product_brand":[],"product_cat":[83],"product_tag":[],"class_list":{"0":"post-17243","1":"product","2":"type-product","3":"status-publish","4":"has-post-thumbnail","6":"product_cat-tulekustutid","8":"first","9":"instock","10":"taxable","11":"shipping-taxable","12":"purchasable","13":"product-type-simple"},"_links":{"self":[{"href":"https:\/\/flameguard.ee\/fi\/wp-json\/wp\/v2\/product\/17243","targetHints":{"allow":["GET"]}}],"collection":[{"href":"https:\/\/flameguard.ee\/fi\/wp-json\/wp\/v2\/product"}],"about":[{"href":"https:\/\/flameguard.ee\/fi\/wp-json\/wp\/v2\/types\/product"}],"version-history":[{"count":9,"href":"https:\/\/flameguard.ee\/fi\/wp-json\/wp\/v2\/product\/17243\/revisions"}],"predecessor-version":[{"id":18695,"href":"https:\/\/flameguard.ee\/fi\/wp-json\/wp\/v2\/product\/17243\/revisions\/18695"}],"wp:featuredmedia":[{"embeddable":true,"href":"https:\/\/flameguard.ee\/fi\/wp-json\/wp\/v2\/media\/17244"}],"wp:attachment":[{"href":"https:\/\/flameguard.ee\/fi\/wp-json\/wp\/v2\/media?parent=17243"}],"wp:term":[{"taxonomy":"product_brand","embeddable":true,"href":"https:\/\/flameguard.ee\/fi\/wp-json\/wp\/v2\/product_brand?post=17243"},{"taxonomy":"product_cat","embeddable":true,"href":"https:\/\/flameguard.ee\/fi\/wp-json\/wp\/v2\/product_cat?post=17243"},{"taxonomy":"product_tag","embeddable":true,"href":"https:\/\/flameguard.ee\/fi\/wp-json\/wp\/v2\/product_tag?post=17243"}],"curies":[{"name":"wp","href":"https:\/\/api.w.org\/{rel}","templated":true}]}}