{"id":17264,"date":"2025-02-20T16:13:14","date_gmt":"2025-02-20T14:13:14","guid":{"rendered":"http:\/\/flameguard.ee.dedi7782.your-server.de\/?post_type=product&#038;p=17264"},"modified":"2025-11-20T14:26:53","modified_gmt":"2025-11-20T11:26:53","slug":"universaalne-tulekustuti-firexo-6l","status":"publish","type":"product","link":"https:\/\/flameguard.ee\/fi\/product\/yleissammutin-firexo-6-l\/","title":{"rendered":"Yleissammutin Firexo-6L"},"content":{"rendered":"<div data-elementor-type=\"wp-post\" data-elementor-id=\"17264\" class=\"elementor elementor-17264\">\n\t\t\t\t<div class=\"wd-negative-gap elementor-element elementor-element-6de4f627 e-flex e-con-boxed e-con e-parent\" data-id=\"6de4f627\" data-element_type=\"container\" data-e-type=\"container\">\n\t\t\t\t\t<div class=\"e-con-inner\">\n\t\t\t\t<div class=\"elementor-element elementor-element-319cfd6d color-scheme-inherit text-left elementor-widget elementor-widget-text-editor\" data-id=\"319cfd6d\" data-element_type=\"widget\" data-e-type=\"widget\" data-widget_type=\"text-editor.default\">\n\t\t\t\t<div class=\"elementor-widget-container\">\n\t\t\t\t\t\t\t\t\t<p>YRITYSTEN yleissammuttimen on t\u00e4ytett\u00e4v\u00e4 tekniset vaatimukset ja tarjottava tehokas suoja erilaisissa olosuhteissa ja tilanteissa.<\/p>\n<p><a style=\"color: #fe312e;\" href=\"\/wp-content\/uploads\/2025\/03\/2022-firexo-uk-data-sheet-6l-extinguisher.pdf\" target=\"_blank\" rel=\"noopener\"><img decoding=\"async\" src=\"\/wp-content\/uploads\/2025\/02\/pdf-icon.webp\"> Tuotekortti<\/a><\/p>\n<p><a style=\"color: #fe312e;\" href=\"\/wp-content\/uploads\/2025\/03\/6LTR-EH-18-1201-1070-1-12.04.2019.pdf\" target=\"_blank\" rel=\"noopener\"><img decoding=\"async\" src=\"\/wp-content\/uploads\/2025\/02\/pdf-icon.webp\"> Testi<\/a><\/p>\n<p><a style=\"color: #fe312e;\" href=\"\/wp-content\/uploads\/2025\/03\/Lithium-ion-Test.pdf\" target=\"_blank\" rel=\"noopener\"><img decoding=\"async\" src=\"\/wp-content\/uploads\/2025\/02\/pdf-icon.webp\"> Testi<\/a><\/p>\t\t\t\t\t\t\t\t<\/div>\n\t\t\t\t<\/div>\n\t\t\t\t\t<\/div>\n\t\t\t\t<\/div>\n\t\t\t\t<\/div>","protected":false},"excerpt":{"rendered":"<p>Firexo ALL FIRES 6 litran sammutin soveltuu <strong>KAIKILLE<\/strong> paloluokkiin: kiinteiden aineiden, palavien nesteiden, kaasujen, j\u00e4nnitteisten s\u00e4hk\u00f6laitteiden (enint\u00e4\u00e4n 400 volttia), rasvapalojen, litiumioniakkujen aiheuttamien tulipalojen ja metallien sammuttamiseen. Se on ihanteellinen auto-, asuntovaunu-, koti-, autotalli-, puutarha - tai toimistok\u00e4ytt\u00f6\u00f6n.<\/p>\n<p><strong> Tekniset tiedot:<\/strong><br \/>\nSammutusseoksen m\u00e4\u00e4r\u00e4: 6 L<br \/>\nSammuttimen paino: 10,65 kg k\u00e4ytt\u00f6aikaa (jatkuva): 30 SEK<br \/>\nSammuttimen korkeus: 430 mm<br \/>\nRungon halkaisija: 162 mm<br \/>\nK\u00e4ytt\u00f6l\u00e4mp\u00f6tila: \u201315 \u00b0C \u2013 +60 \u00b0C<br \/>\nSammutusluokka: 34A 113B 75F C E D litiumparistot<\/p>\n<p>&nbsp;<\/p>","protected":false},"featured_media":17636,"template":"","meta":[],"product_brand":[],"product_cat":[83],"product_tag":[],"class_list":{"0":"post-17264","1":"product","2":"type-product","3":"status-publish","4":"has-post-thumbnail","6":"product_cat-tulekustutid","8":"first","9":"instock","10":"sale","11":"taxable","12":"shipping-taxable","13":"purchasable","14":"product-type-simple"},"_links":{"self":[{"href":"https:\/\/flameguard.ee\/fi\/wp-json\/wp\/v2\/product\/17264","targetHints":{"allow":["GET"]}}],"collection":[{"href":"https:\/\/flameguard.ee\/fi\/wp-json\/wp\/v2\/product"}],"about":[{"href":"https:\/\/flameguard.ee\/fi\/wp-json\/wp\/v2\/types\/product"}],"version-history":[{"count":11,"href":"https:\/\/flameguard.ee\/fi\/wp-json\/wp\/v2\/product\/17264\/revisions"}],"predecessor-version":[{"id":19596,"href":"https:\/\/flameguard.ee\/fi\/wp-json\/wp\/v2\/product\/17264\/revisions\/19596"}],"wp:featuredmedia":[{"embeddable":true,"href":"https:\/\/flameguard.ee\/fi\/wp-json\/wp\/v2\/media\/17636"}],"wp:attachment":[{"href":"https:\/\/flameguard.ee\/fi\/wp-json\/wp\/v2\/media?parent=17264"}],"wp:term":[{"taxonomy":"product_brand","embeddable":true,"href":"https:\/\/flameguard.ee\/fi\/wp-json\/wp\/v2\/product_brand?post=17264"},{"taxonomy":"product_cat","embeddable":true,"href":"https:\/\/flameguard.ee\/fi\/wp-json\/wp\/v2\/product_cat?post=17264"},{"taxonomy":"product_tag","embeddable":true,"href":"https:\/\/flameguard.ee\/fi\/wp-json\/wp\/v2\/product_tag?post=17264"}],"curies":[{"name":"wp","href":"https:\/\/api.w.org\/{rel}","templated":true}]}}