{"id":17276,"date":"2025-02-20T17:32:36","date_gmt":"2025-02-20T15:32:36","guid":{"rendered":"http:\/\/flameguard.ee.dedi7782.your-server.de\/?post_type=product&#038;p=17276"},"modified":"2025-03-31T19:34:01","modified_gmt":"2025-03-31T16:34:01","slug":"tulekustutus-sprei-firesi-frse-fs","status":"publish","type":"product","link":"https:\/\/flameguard.ee\/fi\/product\/palosuihke-firesi-frse-fs\/","title":{"rendered":"Tulensammutus Firesi FRSE-FS"},"content":{"rendered":"<p>YRITYSTEN palosuihkeet ovat teknisten vaatimusten mukaisia ja tarjoavat tehokkaan suojan erilaisissa olosuhteissa ja tilanteissa.<\/p>\n<p><a style=\"color: #fe312e;\" href=\"\/wp-content\/uploads\/2025\/02\/Technical-data-FRSE-FS.pdf\" target=\"_blank\" rel=\"noopener\"><img decoding=\"async\" src=\"\/wp-content\/uploads\/2025\/02\/pdf-icon.webp\" \/> Tuotekortti<\/a><\/p>","protected":false},"excerpt":{"rendered":"<p>T\u00e4m\u00e4 sammutintyyppi on tarkoitettu k\u00e4ytett\u00e4v\u00e4ksi <strong>sis\u00e4tiloissa<\/strong>. Firesin sumute sopii <strong>KAIKILLE<\/strong> paloluokkiin: kiinteiden aineiden, palavien nesteiden, kaasujen, j\u00e4nnitteisten s\u00e4hk\u00f6laitteiden (enint\u00e4\u00e4n 400 volttia), rasvapalojen, litiumioniakkujen aiheuttamien tulipalojen ja metallien sammuttamiseen. Se on ihanteellinen auto-, asuntovaunu-, koti-, autotalli-, puutarha - tai toimistok\u00e4ytt\u00f6\u00f6n.<\/p>\n<p><strong>Tekniset tiedot:<\/strong><br \/>\nSammutusseoksen m\u00e4\u00e4r\u00e4: 400 ml<br \/>\nSammuttimen paino: 545 g k\u00e4ytt\u00f6aika (jatkuva): 11 SEK<br \/>\nSammuttimen korkeus: 570 mm<br \/>\nRungon halkaisija: 66 mm<br \/>\nK\u00e4ytt\u00f6l\u00e4mp\u00f6tila: \u201315 \u00b0C \u2013 +60 \u00b0C<br \/>\nSammutusluokka:a B F E C D litiumakut<\/p>\n<p>&nbsp;<\/p>","protected":false},"featured_media":17277,"template":"","meta":[],"product_brand":[],"product_cat":[83],"product_tag":[],"class_list":{"0":"post-17276","1":"product","2":"type-product","3":"status-publish","4":"has-post-thumbnail","6":"product_cat-tulekustutid","8":"first","9":"instock","10":"taxable","11":"shipping-taxable","12":"purchasable","13":"product-type-simple"},"_links":{"self":[{"href":"https:\/\/flameguard.ee\/fi\/wp-json\/wp\/v2\/product\/17276","targetHints":{"allow":["GET"]}}],"collection":[{"href":"https:\/\/flameguard.ee\/fi\/wp-json\/wp\/v2\/product"}],"about":[{"href":"https:\/\/flameguard.ee\/fi\/wp-json\/wp\/v2\/types\/product"}],"version-history":[{"count":5,"href":"https:\/\/flameguard.ee\/fi\/wp-json\/wp\/v2\/product\/17276\/revisions"}],"predecessor-version":[{"id":18881,"href":"https:\/\/flameguard.ee\/fi\/wp-json\/wp\/v2\/product\/17276\/revisions\/18881"}],"wp:featuredmedia":[{"embeddable":true,"href":"https:\/\/flameguard.ee\/fi\/wp-json\/wp\/v2\/media\/17277"}],"wp:attachment":[{"href":"https:\/\/flameguard.ee\/fi\/wp-json\/wp\/v2\/media?parent=17276"}],"wp:term":[{"taxonomy":"product_brand","embeddable":true,"href":"https:\/\/flameguard.ee\/fi\/wp-json\/wp\/v2\/product_brand?post=17276"},{"taxonomy":"product_cat","embeddable":true,"href":"https:\/\/flameguard.ee\/fi\/wp-json\/wp\/v2\/product_cat?post=17276"},{"taxonomy":"product_tag","embeddable":true,"href":"https:\/\/flameguard.ee\/fi\/wp-json\/wp\/v2\/product_tag?post=17276"}],"curies":[{"name":"wp","href":"https:\/\/api.w.org\/{rel}","templated":true}]}}