{"id":17293,"date":"2025-02-20T18:17:07","date_gmt":"2025-02-20T16:17:07","guid":{"rendered":"http:\/\/flameguard.ee.dedi7782.your-server.de\/?post_type=product&#038;p=17293"},"modified":"2025-03-12T11:39:44","modified_gmt":"2025-03-12T09:39:44","slug":"universaalne-tulekustuti-firesi-frse-f6","status":"publish","type":"product","link":"https:\/\/flameguard.ee\/fi\/product\/yleispalosammutin-firesi-frse-f6\/","title":{"rendered":"Yleissammutin Firesin FRSE-F6"},"content":{"rendered":"<p>YRITYSTEN yleissammuttimen on t\u00e4ytett\u00e4v\u00e4 tekniset vaatimukset ja tarjottava tehokas suoja erilaisissa olosuhteissa ja tilanteissa.<\/p>\n<p><a style=\"color: #fe312e;\" href=\"\/wp-content\/uploads\/2025\/02\/06_Datasheet_FRSE-F6-1.pdf\" target=\"_blank\" rel=\"noopener\"><img decoding=\"async\" src=\"\/wp-content\/uploads\/2025\/02\/pdf-icon.webp\" \/> Tuotekortti<\/a><\/p>\n<p><a style=\"color: #fe312e;\" href=\"\/wp-content\/uploads\/2025\/02\/09_EC-Declaration-of-Conformity_FRSE-F6-1.pdf\" target=\"_blank\" rel=\"noopener\"><img decoding=\"async\" src=\"\/wp-content\/uploads\/2025\/02\/pdf-icon.webp\" \/> Vaatimustenmukaisuusvakuutus<\/a><\/p>","protected":false},"excerpt":{"rendered":"<p>Eritt\u00e4in tehokas Firesin 6 litran sammutin soveltuu <strong>KAIKILLE<\/strong> paloluokkiin: kiinteiden aineiden, palavien nesteiden, kaasujen, j\u00e4nnitteisten s\u00e4hk\u00f6laitteiden (enint\u00e4\u00e4n 1000 voltin), rasvapalojen, litiumioniakkujen aiheuttamien tulipalojen ja metallien sammuttamiseen. Se on ihanteellinen auto-, asuntovaunu-, koti-, autotalli-, puutarha - tai toimistok\u00e4ytt\u00f6\u00f6n. Firexo ALL FIRES - sammutin on yksi turvallisimmista ja monipuolisimmista palontorjuntatuotteista.<\/p>\n<p><strong>Tekniset tiedot:<\/strong><br \/>\nSammutusseoksen m\u00e4\u00e4r\u00e4: 6 L<br \/>\nSammuttimen paino: 9,5 kg<br \/>\nTy\u00f6aika (yht\u00e4jaksoinen): 20 SEK<br \/>\nSammuttimen korkeus: 235 mm<br \/>\nRungon halkaisija: 150 mm<br \/>\nK\u00e4ytt\u00f6l\u00e4mp\u00f6tila: \u201315 \u00b0C \u2013 +60 \u00b0C<br \/>\nSammutusluokka:a B F C E litiumakut<\/p>\n<p>&nbsp;<\/p>","protected":false},"featured_media":17294,"template":"","meta":[],"product_brand":[],"product_cat":[83],"product_tag":[],"class_list":{"0":"post-17293","1":"product","2":"type-product","3":"status-publish","4":"has-post-thumbnail","6":"product_cat-tulekustutid","8":"first","9":"instock","10":"taxable","11":"shipping-taxable","12":"purchasable","13":"product-type-simple"},"_links":{"self":[{"href":"https:\/\/flameguard.ee\/fi\/wp-json\/wp\/v2\/product\/17293","targetHints":{"allow":["GET"]}}],"collection":[{"href":"https:\/\/flameguard.ee\/fi\/wp-json\/wp\/v2\/product"}],"about":[{"href":"https:\/\/flameguard.ee\/fi\/wp-json\/wp\/v2\/types\/product"}],"version-history":[{"count":5,"href":"https:\/\/flameguard.ee\/fi\/wp-json\/wp\/v2\/product\/17293\/revisions"}],"predecessor-version":[{"id":18696,"href":"https:\/\/flameguard.ee\/fi\/wp-json\/wp\/v2\/product\/17293\/revisions\/18696"}],"wp:featuredmedia":[{"embeddable":true,"href":"https:\/\/flameguard.ee\/fi\/wp-json\/wp\/v2\/media\/17294"}],"wp:attachment":[{"href":"https:\/\/flameguard.ee\/fi\/wp-json\/wp\/v2\/media?parent=17293"}],"wp:term":[{"taxonomy":"product_brand","embeddable":true,"href":"https:\/\/flameguard.ee\/fi\/wp-json\/wp\/v2\/product_brand?post=17293"},{"taxonomy":"product_cat","embeddable":true,"href":"https:\/\/flameguard.ee\/fi\/wp-json\/wp\/v2\/product_cat?post=17293"},{"taxonomy":"product_tag","embeddable":true,"href":"https:\/\/flameguard.ee\/fi\/wp-json\/wp\/v2\/product_tag?post=17293"}],"curies":[{"name":"wp","href":"https:\/\/api.w.org\/{rel}","templated":true}]}}