{"id":17315,"date":"2025-02-20T20:08:45","date_gmt":"2025-02-20T18:08:45","guid":{"rendered":"http:\/\/flameguard.ee.dedi7782.your-server.de\/?post_type=product&#038;p=17315"},"modified":"2025-03-13T18:43:25","modified_gmt":"2025-03-13T16:43:25","slug":"tulekustutustekk-autole-6x8m","status":"publish","type":"product","link":"https:\/\/flameguard.ee\/fi\/product\/palonsammutuspeitteet-ja-6x8m\/","title":{"rendered":"Autojen sammutuspeitteet 6x8m"},"content":{"rendered":"<p>Palon on oltava teknisten vaatimusten mukainen, ja sen on tarjottava tehokas suoja erilaisissa olosuhteissa ja tilanteissa.<\/p>\n<p><a style=\"color: #fe312e;\" href=\"\/wp-content\/uploads\/2025\/02\/Padtex-car-blanket_2021.pdf\" target=\"_blank\" rel=\"noopener\"><img decoding=\"async\" src=\"\/wp-content\/uploads\/2025\/02\/pdf-icon.webp\" \/> Tuotekortti<\/a><\/p>","protected":false},"excerpt":{"rendered":"<p>Paloh\u00e4lytys on tulenkest\u00e4v\u00e4st\u00e4 kankaasta valmistettu sammutusv\u00e4line, joka on paras keino valvoa, sammuttaa ja est\u00e4\u00e4 syttyneen auton, my\u00f6s s\u00e4hk\u00f6auton akkujen, aiheuttama tulipalo.<\/p>\n<p><strong>Tuotetiedot:<\/strong><br \/>\nTurvallinen ratkaisu, joka sopii sek\u00e4 s\u00e4hk\u00f6- ja hybridiajoneuvoihin ett\u00e4 diesel- ja bensiinimoottoreihin.<br \/>\nSopii kaikille ajoneuvoille, my\u00f6s maastoajoneuvoille (SUV).<br \/>\nToimitetaan pieness\u00e4 pussissa tai sein\u00e4\u00e4n kiinnitett\u00e4v\u00e4ss\u00e4 laatikossa.<br \/>\nSuunniteltu uudelleenk\u00e4ytt\u00f6\u00f6n \u2013 ei.<\/p>\n<p><strong>Mitat ja paino:<\/strong><br \/>\nVakiomitat: 6 m x 8 m.<br \/>\nSaatavilla olevat eri koot: 2 x 2 m, 5 x 5 m ja 7 x 10 m.<br \/>\nPaino: enint\u00e4\u00e4n 41 kg koon mukaan.\u201d<\/p>\n<p>&nbsp;<\/p>","protected":false},"featured_media":17316,"template":"","meta":[],"product_brand":[],"product_cat":[86],"product_tag":[],"class_list":{"0":"post-17315","1":"product","2":"type-product","3":"status-publish","4":"has-post-thumbnail","6":"product_cat-tuletekid","8":"first","9":"instock","10":"taxable","11":"shipping-taxable","12":"purchasable","13":"product-type-simple"},"_links":{"self":[{"href":"https:\/\/flameguard.ee\/fi\/wp-json\/wp\/v2\/product\/17315","targetHints":{"allow":["GET"]}}],"collection":[{"href":"https:\/\/flameguard.ee\/fi\/wp-json\/wp\/v2\/product"}],"about":[{"href":"https:\/\/flameguard.ee\/fi\/wp-json\/wp\/v2\/types\/product"}],"version-history":[{"count":3,"href":"https:\/\/flameguard.ee\/fi\/wp-json\/wp\/v2\/product\/17315\/revisions"}],"predecessor-version":[{"id":17326,"href":"https:\/\/flameguard.ee\/fi\/wp-json\/wp\/v2\/product\/17315\/revisions\/17326"}],"wp:featuredmedia":[{"embeddable":true,"href":"https:\/\/flameguard.ee\/fi\/wp-json\/wp\/v2\/media\/17316"}],"wp:attachment":[{"href":"https:\/\/flameguard.ee\/fi\/wp-json\/wp\/v2\/media?parent=17315"}],"wp:term":[{"taxonomy":"product_brand","embeddable":true,"href":"https:\/\/flameguard.ee\/fi\/wp-json\/wp\/v2\/product_brand?post=17315"},{"taxonomy":"product_cat","embeddable":true,"href":"https:\/\/flameguard.ee\/fi\/wp-json\/wp\/v2\/product_cat?post=17315"},{"taxonomy":"product_tag","embeddable":true,"href":"https:\/\/flameguard.ee\/fi\/wp-json\/wp\/v2\/product_tag?post=17315"}],"curies":[{"name":"wp","href":"https:\/\/api.w.org\/{rel}","templated":true}]}}