{"id":17335,"date":"2025-02-20T21:12:46","date_gmt":"2025-02-20T19:12:46","guid":{"rendered":"http:\/\/flameguard.ee.dedi7782.your-server.de\/?post_type=product&#038;p=17335"},"modified":"2025-03-13T14:02:10","modified_gmt":"2025-03-13T12:02:10","slug":"tulekustutustekk-120x120cm","status":"publish","type":"product","link":"https:\/\/flameguard.ee\/fi\/product\/sammutuspeitteet-ja-120x120cm\/","title":{"rendered":"Sammutuskansi 120x120cm"},"content":{"rendered":"","protected":false},"excerpt":{"rendered":"<p>Paloh\u00e4lytys on tulenkest\u00e4v\u00e4st\u00e4 kankaasta valmistettu sammutin, joka on v\u00e4ltt\u00e4m\u00e4t\u00f6n kaikissa kodeissa.<br \/>\nTulenkansi on kooltaan 120 x 120 cm, mink\u00e4 vuoksi se soveltuu ihanteellisesti pienempien palojen, rasvapalojen, pienempien kodinkoneiden tai ihmisten sammuttamiseen. Paloh\u00e4lytys on asennettava n\u00e4kyv\u00e4\u00e4n ja helppop\u00e4\u00e4syiseen keitti\u00f6\u00f6n, jotta sit\u00e4 voidaan tarvittaessa k\u00e4ytt\u00e4\u00e4 nopeasti.<\/p>","protected":false},"featured_media":17336,"template":"","meta":[],"product_brand":[],"product_cat":[86],"product_tag":[],"class_list":{"0":"post-17335","1":"product","2":"type-product","3":"status-publish","4":"has-post-thumbnail","6":"product_cat-tuletekid","8":"first","9":"instock","10":"taxable","11":"shipping-taxable","12":"purchasable","13":"product-type-simple"},"_links":{"self":[{"href":"https:\/\/flameguard.ee\/fi\/wp-json\/wp\/v2\/product\/17335","targetHints":{"allow":["GET"]}}],"collection":[{"href":"https:\/\/flameguard.ee\/fi\/wp-json\/wp\/v2\/product"}],"about":[{"href":"https:\/\/flameguard.ee\/fi\/wp-json\/wp\/v2\/types\/product"}],"version-history":[{"count":1,"href":"https:\/\/flameguard.ee\/fi\/wp-json\/wp\/v2\/product\/17335\/revisions"}],"predecessor-version":[{"id":17338,"href":"https:\/\/flameguard.ee\/fi\/wp-json\/wp\/v2\/product\/17335\/revisions\/17338"}],"wp:featuredmedia":[{"embeddable":true,"href":"https:\/\/flameguard.ee\/fi\/wp-json\/wp\/v2\/media\/17336"}],"wp:attachment":[{"href":"https:\/\/flameguard.ee\/fi\/wp-json\/wp\/v2\/media?parent=17335"}],"wp:term":[{"taxonomy":"product_brand","embeddable":true,"href":"https:\/\/flameguard.ee\/fi\/wp-json\/wp\/v2\/product_brand?post=17335"},{"taxonomy":"product_cat","embeddable":true,"href":"https:\/\/flameguard.ee\/fi\/wp-json\/wp\/v2\/product_cat?post=17335"},{"taxonomy":"product_tag","embeddable":true,"href":"https:\/\/flameguard.ee\/fi\/wp-json\/wp\/v2\/product_tag?post=17335"}],"curies":[{"name":"wp","href":"https:\/\/api.w.org\/{rel}","templated":true}]}}