{"id":17353,"date":"2025-02-21T08:36:38","date_gmt":"2025-02-21T06:36:38","guid":{"rendered":"http:\/\/flameguard.ee.dedi7782.your-server.de\/?post_type=product&#038;p=17353"},"modified":"2025-03-13T13:51:48","modified_gmt":"2025-03-13T11:51:48","slug":"tulekustutustekk-karbis-175x185cm","status":"publish","type":"product","link":"https:\/\/flameguard.ee\/fi\/product\/palonsammutuspeitto-175x185cm\/","title":{"rendered":"Palonsammutuskansi rasiassa 175x185cm"},"content":{"rendered":"","protected":false},"excerpt":{"rendered":"<p>Paloh\u00e4lytys on tulenkest\u00e4v\u00e4st\u00e4 kankaasta valmistettu sammutin, joka on v\u00e4ltt\u00e4m\u00e4t\u00f6n kaikissa kodeissa.<br \/>\nTulenkansi on kooltaan 175 x 185 cm, joten se soveltuu ihanteellisesti pienempien palojen, rasvapalojen, pienempien kodinkoneiden tai ihmisten sammuttamiseen. Paloh\u00e4lytys on asennettava n\u00e4kyv\u00e4\u00e4n ja helppop\u00e4\u00e4syiseen keitti\u00f6\u00f6n, jotta sit\u00e4 voidaan tarvittaessa k\u00e4ytt\u00e4\u00e4 nopeasti.<\/p>","protected":false},"featured_media":17355,"template":"","meta":[],"product_brand":[],"product_cat":[86],"product_tag":[],"class_list":{"0":"post-17353","1":"product","2":"type-product","3":"status-publish","4":"has-post-thumbnail","6":"product_cat-tuletekid","8":"first","9":"instock","10":"taxable","11":"shipping-taxable","12":"purchasable","13":"product-type-simple"},"_links":{"self":[{"href":"https:\/\/flameguard.ee\/fi\/wp-json\/wp\/v2\/product\/17353","targetHints":{"allow":["GET"]}}],"collection":[{"href":"https:\/\/flameguard.ee\/fi\/wp-json\/wp\/v2\/product"}],"about":[{"href":"https:\/\/flameguard.ee\/fi\/wp-json\/wp\/v2\/types\/product"}],"version-history":[{"count":1,"href":"https:\/\/flameguard.ee\/fi\/wp-json\/wp\/v2\/product\/17353\/revisions"}],"predecessor-version":[{"id":17357,"href":"https:\/\/flameguard.ee\/fi\/wp-json\/wp\/v2\/product\/17353\/revisions\/17357"}],"wp:featuredmedia":[{"embeddable":true,"href":"https:\/\/flameguard.ee\/fi\/wp-json\/wp\/v2\/media\/17355"}],"wp:attachment":[{"href":"https:\/\/flameguard.ee\/fi\/wp-json\/wp\/v2\/media?parent=17353"}],"wp:term":[{"taxonomy":"product_brand","embeddable":true,"href":"https:\/\/flameguard.ee\/fi\/wp-json\/wp\/v2\/product_brand?post=17353"},{"taxonomy":"product_cat","embeddable":true,"href":"https:\/\/flameguard.ee\/fi\/wp-json\/wp\/v2\/product_cat?post=17353"},{"taxonomy":"product_tag","embeddable":true,"href":"https:\/\/flameguard.ee\/fi\/wp-json\/wp\/v2\/product_tag?post=17353"}],"curies":[{"name":"wp","href":"https:\/\/api.w.org\/{rel}","templated":true}]}}