{"id":17371,"date":"2025-02-21T09:43:59","date_gmt":"2025-02-21T07:43:59","guid":{"rendered":"http:\/\/flameguard.ee.dedi7782.your-server.de\/?post_type=product&#038;p=17371"},"modified":"2025-03-14T18:19:32","modified_gmt":"2025-03-14T16:19:32","slug":"tulekustutustekk-liitiumakudele-155x200cm","status":"publish","type":"product","link":"https:\/\/flameguard.ee\/fi\/product\/palonsammutuskangas-litium-155x200cm\/","title":{"rendered":"Litiumhuopien tulensammutuspeitteet 155x200cm"},"content":{"rendered":"","protected":false},"excerpt":{"rendered":"<p>Paloh\u00e4lytys on tulenkest\u00e4v\u00e4st\u00e4 kankaasta valmistettu sammutin, joka on v\u00e4ltt\u00e4m\u00e4t\u00f6n kaikissa kodeissa.<br \/>\nSavupeiton koko on 155 x 200 cm, joten se soveltuu ihanteellisesti pienempien palojen, rasvapalojen, pienempien kodinkoneiden tai ihmisten sammuttamiseen. Kansi on erityisesti suunniteltu rajoittamaan litiumakkujen tulipaloja, joten se soveltuu ihanteellisesti akkuk\u00e4ytt\u00f6isten laitteiden sammuttamiseen ja tulen levi\u00e4misen est\u00e4miseen.<\/p>","protected":false},"featured_media":17362,"template":"","meta":[],"product_brand":[],"product_cat":[86],"product_tag":[],"class_list":{"0":"post-17371","1":"product","2":"type-product","3":"status-publish","4":"has-post-thumbnail","6":"product_cat-tuletekid","8":"first","9":"instock","10":"taxable","11":"shipping-taxable","12":"purchasable","13":"product-type-simple"},"_links":{"self":[{"href":"https:\/\/flameguard.ee\/fi\/wp-json\/wp\/v2\/product\/17371","targetHints":{"allow":["GET"]}}],"collection":[{"href":"https:\/\/flameguard.ee\/fi\/wp-json\/wp\/v2\/product"}],"about":[{"href":"https:\/\/flameguard.ee\/fi\/wp-json\/wp\/v2\/types\/product"}],"version-history":[{"count":1,"href":"https:\/\/flameguard.ee\/fi\/wp-json\/wp\/v2\/product\/17371\/revisions"}],"predecessor-version":[{"id":17372,"href":"https:\/\/flameguard.ee\/fi\/wp-json\/wp\/v2\/product\/17371\/revisions\/17372"}],"wp:featuredmedia":[{"embeddable":true,"href":"https:\/\/flameguard.ee\/fi\/wp-json\/wp\/v2\/media\/17362"}],"wp:attachment":[{"href":"https:\/\/flameguard.ee\/fi\/wp-json\/wp\/v2\/media?parent=17371"}],"wp:term":[{"taxonomy":"product_brand","embeddable":true,"href":"https:\/\/flameguard.ee\/fi\/wp-json\/wp\/v2\/product_brand?post=17371"},{"taxonomy":"product_cat","embeddable":true,"href":"https:\/\/flameguard.ee\/fi\/wp-json\/wp\/v2\/product_cat?post=17371"},{"taxonomy":"product_tag","embeddable":true,"href":"https:\/\/flameguard.ee\/fi\/wp-json\/wp\/v2\/product_tag?post=17371"}],"curies":[{"name":"wp","href":"https:\/\/api.w.org\/{rel}","templated":true}]}}