{"id":17373,"date":"2025-02-21T10:21:18","date_gmt":"2025-02-21T08:21:18","guid":{"rendered":"http:\/\/flameguard.ee.dedi7782.your-server.de\/?post_type=product&#038;p=17373"},"modified":"2025-02-23T16:54:09","modified_gmt":"2025-02-23T14:54:09","slug":"suitsuandur-kd-128b-5-a-aku","status":"publish","type":"product","link":"https:\/\/flameguard.ee\/fi\/product\/savunilmaisin-kd-128b-5-a-akku\/","title":{"rendered":"Savunilmaisin KD-128B (5 a akku)"},"content":{"rendered":"<p>Savunilmaisin KD-128B t\u00e4ytt\u00e4\u00e4 tekniset vaatimukset ja tarjoaa tehokkaan suojan erilaisissa olosuhteissa ja tilanteissa.<\/p>\n<p><a style=\"color: #fe312e;\" href=\"\/wp-content\/uploads\/2025\/02\/FN-SERVISS-dumu-detektors-instrukcija-KD-128B-WEB.pdf\" target=\"_blank\" rel=\"noopener\"><img decoding=\"async\" src=\"\/wp-content\/uploads\/2025\/02\/pdf-icon.webp\" \/> Asennusohjeet<\/a><\/p>","protected":false},"excerpt":{"rendered":"<p>Itsen\u00e4inen optinen paloh\u00e4lytin, jossa on sis\u00e4\u00e4nrakennettu akku. Akun elinik\u00e4 on viisi vuotta.<br \/>\nT\u00e4m\u00e4 tiivis ja tehokas paloh\u00e4lytin sopii erinomaisesti koteihin ja toimistoihin, mik\u00e4 takaa varhaisen palon havaitsemisen ja nopean reagoinnin.<\/p>\n<p><strong>Tekniset tiedot:<\/strong><br \/>\n\u00c4\u00e4nenvoimakkuus \u2265 85 dB (3 metrin p\u00e4\u00e4ss\u00e4)<br \/>\nK\u00e4ytt\u00f6l\u00e4mp\u00f6tila: -10 \u2103 \u2013 +40 \u2103<br \/>\nSuurin ilmankosteus: \u2264 95%<br \/>\nAkun k\u00e4ytt\u00f6ik\u00e4: 5 vuotta<br \/>\nTodistus: standardin EN 14604:2005\/AC:2008 mukainen<\/p>\n<p>&nbsp;<\/p>","protected":false},"featured_media":17374,"template":"","meta":[],"product_brand":[],"product_cat":[84],"product_tag":[],"class_list":{"0":"post-17373","1":"product","2":"type-product","3":"status-publish","4":"has-post-thumbnail","6":"product_cat-suitsuandurid","8":"first","9":"instock","10":"taxable","11":"shipping-taxable","12":"purchasable","13":"product-type-simple"},"_links":{"self":[{"href":"https:\/\/flameguard.ee\/fi\/wp-json\/wp\/v2\/product\/17373","targetHints":{"allow":["GET"]}}],"collection":[{"href":"https:\/\/flameguard.ee\/fi\/wp-json\/wp\/v2\/product"}],"about":[{"href":"https:\/\/flameguard.ee\/fi\/wp-json\/wp\/v2\/types\/product"}],"version-history":[{"count":6,"href":"https:\/\/flameguard.ee\/fi\/wp-json\/wp\/v2\/product\/17373\/revisions"}],"predecessor-version":[{"id":17389,"href":"https:\/\/flameguard.ee\/fi\/wp-json\/wp\/v2\/product\/17373\/revisions\/17389"}],"wp:featuredmedia":[{"embeddable":true,"href":"https:\/\/flameguard.ee\/fi\/wp-json\/wp\/v2\/media\/17374"}],"wp:attachment":[{"href":"https:\/\/flameguard.ee\/fi\/wp-json\/wp\/v2\/media?parent=17373"}],"wp:term":[{"taxonomy":"product_brand","embeddable":true,"href":"https:\/\/flameguard.ee\/fi\/wp-json\/wp\/v2\/product_brand?post=17373"},{"taxonomy":"product_cat","embeddable":true,"href":"https:\/\/flameguard.ee\/fi\/wp-json\/wp\/v2\/product_cat?post=17373"},{"taxonomy":"product_tag","embeddable":true,"href":"https:\/\/flameguard.ee\/fi\/wp-json\/wp\/v2\/product_tag?post=17373"}],"curies":[{"name":"wp","href":"https:\/\/api.w.org\/{rel}","templated":true}]}}