{"id":17399,"date":"2025-02-21T10:50:40","date_gmt":"2025-02-21T08:50:40","guid":{"rendered":"http:\/\/flameguard.ee.dedi7782.your-server.de\/?post_type=product&#038;p=17399"},"modified":"2025-02-23T16:50:56","modified_gmt":"2025-02-23T14:50:56","slug":"suitsuandur-lm-107a-10-a-aku","status":"publish","type":"product","link":"https:\/\/flameguard.ee\/fi\/product\/savunilmaisin-lm-107a-10-a-akku\/","title":{"rendered":"Savunilmaisin LM-107A (10 a akku)"},"content":{"rendered":"","protected":false},"excerpt":{"rendered":"<p>Itsen\u00e4inen optinen paloh\u00e4lytin, jossa on sis\u00e4\u00e4nrakennettu akku. Akun elinik\u00e4 on 10 vuotta.<br \/>\nT\u00e4m\u00e4 tiivis ja tehokas paloh\u00e4lytin sopii erinomaisesti koteihin ja toimistoihin, mik\u00e4 takaa varhaisen palon havaitsemisen ja nopean reagoinnin.<\/p>\n<p><strong>Tekniset tiedot:<\/strong><br \/>\n\u00c4\u00e4nenvoimakkuus \u2265 85 dB (3 metrin p\u00e4\u00e4ss\u00e4)<br \/>\nK\u00e4ytt\u00f6l\u00e4mp\u00f6tila: -10 \u2103 \u2013 +40 \u2103<br \/>\nSuurin ilmankosteus: \u2264 95%<br \/>\nAkun k\u00e4ytt\u00f6ik\u00e4: 10 vuotta<br \/>\nTodistus: standardin EN 14604:2005\/AC:2008 mukainen<\/p>\n<p>&nbsp;<\/p>","protected":false},"featured_media":17400,"template":"","meta":[],"product_brand":[],"product_cat":[84],"product_tag":[],"class_list":{"0":"post-17399","1":"product","2":"type-product","3":"status-publish","4":"has-post-thumbnail","6":"product_cat-suitsuandurid","8":"first","9":"instock","10":"taxable","11":"shipping-taxable","12":"purchasable","13":"product-type-simple"},"_links":{"self":[{"href":"https:\/\/flameguard.ee\/fi\/wp-json\/wp\/v2\/product\/17399","targetHints":{"allow":["GET"]}}],"collection":[{"href":"https:\/\/flameguard.ee\/fi\/wp-json\/wp\/v2\/product"}],"about":[{"href":"https:\/\/flameguard.ee\/fi\/wp-json\/wp\/v2\/types\/product"}],"version-history":[{"count":1,"href":"https:\/\/flameguard.ee\/fi\/wp-json\/wp\/v2\/product\/17399\/revisions"}],"predecessor-version":[{"id":17408,"href":"https:\/\/flameguard.ee\/fi\/wp-json\/wp\/v2\/product\/17399\/revisions\/17408"}],"wp:featuredmedia":[{"embeddable":true,"href":"https:\/\/flameguard.ee\/fi\/wp-json\/wp\/v2\/media\/17400"}],"wp:attachment":[{"href":"https:\/\/flameguard.ee\/fi\/wp-json\/wp\/v2\/media?parent=17399"}],"wp:term":[{"taxonomy":"product_brand","embeddable":true,"href":"https:\/\/flameguard.ee\/fi\/wp-json\/wp\/v2\/product_brand?post=17399"},{"taxonomy":"product_cat","embeddable":true,"href":"https:\/\/flameguard.ee\/fi\/wp-json\/wp\/v2\/product_cat?post=17399"},{"taxonomy":"product_tag","embeddable":true,"href":"https:\/\/flameguard.ee\/fi\/wp-json\/wp\/v2\/product_tag?post=17399"}],"curies":[{"name":"wp","href":"https:\/\/api.w.org\/{rel}","templated":true}]}}