{"id":17419,"date":"2025-02-21T12:29:19","date_gmt":"2025-02-21T10:29:19","guid":{"rendered":"http:\/\/flameguard.ee.dedi7782.your-server.de\/?post_type=product&#038;p=17419"},"modified":"2025-02-28T17:20:58","modified_gmt":"2025-02-28T15:20:58","slug":"co-andur-kd-218a","status":"publish","type":"product","link":"https:\/\/flameguard.ee\/fi\/product\/co-anturi-kd-218a\/","title":{"rendered":"CO-anturi KD-218A"},"content":{"rendered":"","protected":false},"excerpt":{"rendered":"<p>Hiilimonoksidianalysaattori KD-218A on luotettava ja erityisesti suunniteltu hiilimonoksidianalysaattori, joka varoittaa hiilimonoksidin (CO) vuotamisesta. Hiilimonoksidi on v\u00e4rit\u00f6n, mauton ja hajuton myrkyllinen kaasu, joka syntyy hiilipitoisten aineiden ep\u00e4t\u00e4ydellisest\u00e4 palamisesta.<\/p>\n<p><strong>Tekniset tiedot:<\/strong><br \/>\nVirtal\u00e4hde: 3-AA LR6 paristot<br \/>\nMitattava kaasu: hiilimonoksidi (CO)<br \/>\nAnturin k\u00e4ytt\u00f6ik\u00e4: 10 vuotta<br \/>\nK\u00e4ytt\u00f6l\u00e4mp\u00f6tila: -10 \u00b0C \u2013 +45 \u00b0C<br \/>\nSuhteellinen ilmankosteus: 0\u201393% RH<br \/>\nH\u00e4lytyksen \u00e4\u00e4nenvoimakkuus: \u2265 85 dB (3 metrin et\u00e4isyydelt\u00e4)<br \/>\nMitat: 107 \u00d7 77 \u00d7 36 mm<br \/>\nPaino: 116 g<br \/>\nStandardin mukaisuus: EN 50291\u20131:2018<\/p>\n<p>&nbsp;<\/p>","protected":false},"featured_media":17988,"template":"","meta":[],"product_brand":[],"product_cat":[84],"product_tag":[],"class_list":{"0":"post-17419","1":"product","2":"type-product","3":"status-publish","4":"has-post-thumbnail","6":"product_cat-suitsuandurid","8":"first","9":"instock","10":"taxable","11":"shipping-taxable","12":"purchasable","13":"product-type-simple"},"_links":{"self":[{"href":"https:\/\/flameguard.ee\/fi\/wp-json\/wp\/v2\/product\/17419","targetHints":{"allow":["GET"]}}],"collection":[{"href":"https:\/\/flameguard.ee\/fi\/wp-json\/wp\/v2\/product"}],"about":[{"href":"https:\/\/flameguard.ee\/fi\/wp-json\/wp\/v2\/types\/product"}],"version-history":[{"count":1,"href":"https:\/\/flameguard.ee\/fi\/wp-json\/wp\/v2\/product\/17419\/revisions"}],"predecessor-version":[{"id":17428,"href":"https:\/\/flameguard.ee\/fi\/wp-json\/wp\/v2\/product\/17419\/revisions\/17428"}],"wp:featuredmedia":[{"embeddable":true,"href":"https:\/\/flameguard.ee\/fi\/wp-json\/wp\/v2\/media\/17988"}],"wp:attachment":[{"href":"https:\/\/flameguard.ee\/fi\/wp-json\/wp\/v2\/media?parent=17419"}],"wp:term":[{"taxonomy":"product_brand","embeddable":true,"href":"https:\/\/flameguard.ee\/fi\/wp-json\/wp\/v2\/product_brand?post=17419"},{"taxonomy":"product_cat","embeddable":true,"href":"https:\/\/flameguard.ee\/fi\/wp-json\/wp\/v2\/product_cat?post=17419"},{"taxonomy":"product_tag","embeddable":true,"href":"https:\/\/flameguard.ee\/fi\/wp-json\/wp\/v2\/product_tag?post=17419"}],"curies":[{"name":"wp","href":"https:\/\/api.w.org\/{rel}","templated":true}]}}