{"id":17438,"date":"2025-02-21T12:42:57","date_gmt":"2025-02-21T10:42:57","guid":{"rendered":"http:\/\/flameguard.ee.dedi7782.your-server.de\/?post_type=product&#038;p=17438"},"modified":"2025-02-28T17:28:56","modified_gmt":"2025-02-28T15:28:56","slug":"gaasilekke-andur-hs-109b","status":"publish","type":"product","link":"https:\/\/flameguard.ee\/fi\/product\/kaasuvuotoanturi-hs-109b\/","title":{"rendered":"Kaasuvuotoanturi HS-109B"},"content":{"rendered":"","protected":false},"excerpt":{"rendered":"<p>Kaasuvuotojen ilmaisimet HS-109B, jotka tarjoavat luotettavan suojan kotitalouksien kaasu-, nestekaasu - (LPG) ja maakaasuvuotoja vastaan. Eritt\u00e4in herkk\u00e4 laite, joka reagoi nopeasti.<br \/>\nHavaitsee nestekaasuvuotoja (butaani, propaani), maakaasuvuotoja (metaani) ja kaupunkikaasuvuotoja.<br \/>\n\u00c4\u00e4ni- ja n\u00e4k\u00f6h\u00e4iri\u00f6t varoittavat k\u00e4ytt\u00e4ji\u00e4 vaarallisista kaasupitoisuuksista.<br \/>\nK\u00e4ytt\u00e4j\u00e4yst\u00e4v\u00e4llinen suunnittelu ja yksinkertainen asennus.<\/p>\n<p><strong>Tekniset tiedot:<\/strong><br \/>\nNimellisj\u00e4nnite: AC230V\/50\u201360Hz<br \/>\nEnergiankulutus: &lt; 6 W<br \/>\nK\u00e4ytt\u00f6l\u00e4mp\u00f6tila: -10 \u00b0C \u2013 +50 \u00b0C<br \/>\nIlmankosteus: 10\u201385% RH<br \/>\nH\u00e4lytystaso: \u2264 25 LEL kaasua% (pienin r\u00e4j\u00e4hdysvaarallinen pitoisuus)<br \/>\nTunnistettavissa olevat kaasut:<br \/>\nNestekaasu: Butaani, propaani (k\u00e4ytet\u00e4\u00e4n kaasupulloissa).<br \/>\nKaupunkikaasu: toimitetaan putkistojen kautta<br \/>\nMaakaasu: metaani<br \/>\n\u00c4\u00e4nenvoimakkuus: \u2265 85 dB (3 metrin et\u00e4isyydelt\u00e4)<br \/>\nMitat: 126 \u00d7 73 \u00d7 76 mm<br \/>\nTodistukset: CE, EN600065:2002 +A1:2006<\/p>\n<p>&nbsp;<\/p>","protected":false},"featured_media":17994,"template":"","meta":[],"product_brand":[],"product_cat":[84],"product_tag":[],"class_list":{"0":"post-17438","1":"product","2":"type-product","3":"status-publish","4":"has-post-thumbnail","6":"product_cat-suitsuandurid","8":"first","9":"instock","10":"taxable","11":"shipping-taxable","12":"purchasable","13":"product-type-simple"},"_links":{"self":[{"href":"https:\/\/flameguard.ee\/fi\/wp-json\/wp\/v2\/product\/17438","targetHints":{"allow":["GET"]}}],"collection":[{"href":"https:\/\/flameguard.ee\/fi\/wp-json\/wp\/v2\/product"}],"about":[{"href":"https:\/\/flameguard.ee\/fi\/wp-json\/wp\/v2\/types\/product"}],"version-history":[{"count":1,"href":"https:\/\/flameguard.ee\/fi\/wp-json\/wp\/v2\/product\/17438\/revisions"}],"predecessor-version":[{"id":17439,"href":"https:\/\/flameguard.ee\/fi\/wp-json\/wp\/v2\/product\/17438\/revisions\/17439"}],"wp:featuredmedia":[{"embeddable":true,"href":"https:\/\/flameguard.ee\/fi\/wp-json\/wp\/v2\/media\/17994"}],"wp:attachment":[{"href":"https:\/\/flameguard.ee\/fi\/wp-json\/wp\/v2\/media?parent=17438"}],"wp:term":[{"taxonomy":"product_brand","embeddable":true,"href":"https:\/\/flameguard.ee\/fi\/wp-json\/wp\/v2\/product_brand?post=17438"},{"taxonomy":"product_cat","embeddable":true,"href":"https:\/\/flameguard.ee\/fi\/wp-json\/wp\/v2\/product_cat?post=17438"},{"taxonomy":"product_tag","embeddable":true,"href":"https:\/\/flameguard.ee\/fi\/wp-json\/wp\/v2\/product_tag?post=17438"}],"curies":[{"name":"wp","href":"https:\/\/api.w.org\/{rel}","templated":true}]}}