{"id":17440,"date":"2025-02-21T13:28:49","date_gmt":"2025-02-21T11:28:49","guid":{"rendered":"http:\/\/flameguard.ee.dedi7782.your-server.de\/?post_type=product&#038;p=17440"},"modified":"2025-02-21T16:26:17","modified_gmt":"2025-02-21T14:26:17","slug":"tuletorjevoolik-38-mm-30-m-51-mm-bogdanov-liitmikuga","status":"publish","type":"product","link":"https:\/\/flameguard.ee\/fi\/product\/sytyttimen-letku-jossa-on-38-mm-30-m-51-mm-bogdanov-liitos\/","title":{"rendered":"Paloletku, jossa ON BOGDANOV-liitos, 38 mm, 30 m, 51 mm"},"content":{"rendered":"","protected":false},"excerpt":{"rendered":"<p>Korkealaatuinen, kevyt letku, joka taipuu helposti my\u00f6s alhaisissa l\u00e4mp\u00f6tiloissa. Letku on korroosionkest\u00e4v\u00e4 ja s\u00e4\u00e4nkest\u00e4v\u00e4. K\u00e4ytett\u00e4v\u00e4ksi teollisuudessa, merivedess\u00e4, teollisuusvedess\u00e4 ja tietyntyyppisiss\u00e4 palonsammutuskemikaaleissa. Kulutusta kest\u00e4v\u00e4 ja kemiallisesti inaktiivinen (ei yhteisvaikutuksia nesteen kanssa).<\/p>\n<p><strong>Tekniset tiedot:<\/strong><br \/>\nPituus 30 metri\u00e4<br \/>\nSuurin k\u00e4ytt\u00f6paine: 15 baaria<br \/>\nLiittyy BOGDANOV-yhdisteeseen<br \/>\nUlkopinta: laadukas polyesterikangas<br \/>\nSis\u00e4pinta: PVC, polyuretaani (PU)<br \/>\nL\u00e4mp\u00f6tilarajoitus: -30 \u00b0C \u2013 +80 \u00b0C<\/p>","protected":false},"featured_media":17441,"template":"","meta":[],"product_brand":[],"product_cat":[87],"product_tag":[],"class_list":{"0":"post-17440","1":"product","2":"type-product","3":"status-publish","4":"has-post-thumbnail","6":"product_cat-voolikususteem","8":"first","9":"instock","10":"taxable","11":"shipping-taxable","12":"purchasable","13":"product-type-simple"},"_links":{"self":[{"href":"https:\/\/flameguard.ee\/fi\/wp-json\/wp\/v2\/product\/17440","targetHints":{"allow":["GET"]}}],"collection":[{"href":"https:\/\/flameguard.ee\/fi\/wp-json\/wp\/v2\/product"}],"about":[{"href":"https:\/\/flameguard.ee\/fi\/wp-json\/wp\/v2\/types\/product"}],"version-history":[{"count":5,"href":"https:\/\/flameguard.ee\/fi\/wp-json\/wp\/v2\/product\/17440\/revisions"}],"predecessor-version":[{"id":17521,"href":"https:\/\/flameguard.ee\/fi\/wp-json\/wp\/v2\/product\/17440\/revisions\/17521"}],"wp:featuredmedia":[{"embeddable":true,"href":"https:\/\/flameguard.ee\/fi\/wp-json\/wp\/v2\/media\/17441"}],"wp:attachment":[{"href":"https:\/\/flameguard.ee\/fi\/wp-json\/wp\/v2\/media?parent=17440"}],"wp:term":[{"taxonomy":"product_brand","embeddable":true,"href":"https:\/\/flameguard.ee\/fi\/wp-json\/wp\/v2\/product_brand?post=17440"},{"taxonomy":"product_cat","embeddable":true,"href":"https:\/\/flameguard.ee\/fi\/wp-json\/wp\/v2\/product_cat?post=17440"},{"taxonomy":"product_tag","embeddable":true,"href":"https:\/\/flameguard.ee\/fi\/wp-json\/wp\/v2\/product_tag?post=17440"}],"curies":[{"name":"wp","href":"https:\/\/api.w.org\/{rel}","templated":true}]}}