{"id":17454,"date":"2025-02-21T13:48:55","date_gmt":"2025-02-21T11:48:55","guid":{"rendered":"http:\/\/flameguard.ee.dedi7782.your-server.de\/?post_type=product&#038;p=17454"},"modified":"2025-02-21T15:06:48","modified_gmt":"2025-02-21T13:06:48","slug":"tuletorjevoolik-38-mm-20-m-liitmikuta-kopeeri","status":"publish","type":"product","link":"https:\/\/flameguard.ee\/fi\/product\/kopioi-ilman-sytytinletku-38-mm-20-m-liitinta\/","title":{"rendered":"Paloletku, JONKA STORZ-liitos on 25 mm, 30 m"},"content":{"rendered":"","protected":false},"excerpt":{"rendered":"<p>Korkealaatuinen, kevyt letku, joka taipuu helposti my\u00f6s alhaisissa l\u00e4mp\u00f6tiloissa. Letku on korroosionkest\u00e4v\u00e4 ja s\u00e4\u00e4nkest\u00e4v\u00e4. Teollisuusk\u00e4ytt\u00f6\u00f6n, meriveden, teollisuusveden ja tietyntyyppisten sammutuskemikaalien k\u00e4ytt\u00f6\u00f6n. Kulumisenkest\u00e4v\u00e4 ja kemiallisesti inaktiivinen (ei nesteyhteisvaikutuksia).<\/p>\n<p><strong>Tekniset tiedot:<\/strong><br \/>\nPituus: 30 metri\u00e4<br \/>\nSuurin k\u00e4ytt\u00f6paine: 15 baaria<br \/>\nLiittyy STORTZ-yhteyteen<br \/>\nUlkopinta: laadukas polyesterikangas<br \/>\nSis\u00e4pinta: PVC, polyuretaani (PU)<br \/>\nL\u00e4mp\u00f6tilarajoitus: -30 \u00b0C \u2013 +80 \u00b0C<br \/>\nMED-todistuksen nro: BSI\/MED\/3.29\/770026<br \/>\nTuotteiden vaatimustenmukaisuustodistus: EN 14540:2014<\/p>\n<p>&nbsp;<\/p>","protected":false},"featured_media":17455,"template":"","meta":[],"product_brand":[],"product_cat":[87],"product_tag":[],"class_list":{"0":"post-17454","1":"product","2":"type-product","3":"status-publish","4":"has-post-thumbnail","6":"product_cat-voolikususteem","8":"first","9":"instock","10":"taxable","11":"shipping-taxable","12":"purchasable","13":"product-type-simple"},"_links":{"self":[{"href":"https:\/\/flameguard.ee\/fi\/wp-json\/wp\/v2\/product\/17454","targetHints":{"allow":["GET"]}}],"collection":[{"href":"https:\/\/flameguard.ee\/fi\/wp-json\/wp\/v2\/product"}],"about":[{"href":"https:\/\/flameguard.ee\/fi\/wp-json\/wp\/v2\/types\/product"}],"version-history":[{"count":4,"href":"https:\/\/flameguard.ee\/fi\/wp-json\/wp\/v2\/product\/17454\/revisions"}],"predecessor-version":[{"id":17515,"href":"https:\/\/flameguard.ee\/fi\/wp-json\/wp\/v2\/product\/17454\/revisions\/17515"}],"wp:featuredmedia":[{"embeddable":true,"href":"https:\/\/flameguard.ee\/fi\/wp-json\/wp\/v2\/media\/17455"}],"wp:attachment":[{"href":"https:\/\/flameguard.ee\/fi\/wp-json\/wp\/v2\/media?parent=17454"}],"wp:term":[{"taxonomy":"product_brand","embeddable":true,"href":"https:\/\/flameguard.ee\/fi\/wp-json\/wp\/v2\/product_brand?post=17454"},{"taxonomy":"product_cat","embeddable":true,"href":"https:\/\/flameguard.ee\/fi\/wp-json\/wp\/v2\/product_cat?post=17454"},{"taxonomy":"product_tag","embeddable":true,"href":"https:\/\/flameguard.ee\/fi\/wp-json\/wp\/v2\/product_tag?post=17454"}],"curies":[{"name":"wp","href":"https:\/\/api.w.org\/{rel}","templated":true}]}}