{"id":17503,"date":"2025-02-21T14:30:06","date_gmt":"2025-02-21T12:30:06","guid":{"rendered":"http:\/\/flameguard.ee.dedi7782.your-server.de\/?post_type=product&#038;p=17503"},"modified":"2025-02-21T14:58:53","modified_gmt":"2025-02-21T12:58:53","slug":"voolikususteemi-komplekt-d25-mm-pinnapealne","status":"publish","type":"product","link":"https:\/\/flameguard.ee\/fi\/product\/letkuteline-sarja-d25-mm-pinta-ala\/","title":{"rendered":"Pinnallinen letkuj\u00e4rjestelm\u00e4, D25 mm (sarja)"},"content":{"rendered":"","protected":false},"excerpt":{"rendered":"<p>Sarjassa puolij\u00e4ykk\u00e4 letku 25 mm, paloletku ja hana.<\/p>\n<p><strong>Tekniset tiedot:<\/strong><br \/>\nPituus: 20 metri\u00e4<br \/>\nKaapin mitat: 650 x 700 x 250 mm<br \/>\nAsennustyyppi: sis\u00e4\u00e4nrakennettu<\/p>","protected":false},"featured_media":17498,"template":"","meta":[],"product_brand":[],"product_cat":[87],"product_tag":[],"class_list":{"0":"post-17503","1":"product","2":"type-product","3":"status-publish","4":"has-post-thumbnail","6":"product_cat-voolikususteem","8":"first","9":"instock","10":"taxable","11":"shipping-taxable","12":"purchasable","13":"product-type-simple"},"_links":{"self":[{"href":"https:\/\/flameguard.ee\/fi\/wp-json\/wp\/v2\/product\/17503","targetHints":{"allow":["GET"]}}],"collection":[{"href":"https:\/\/flameguard.ee\/fi\/wp-json\/wp\/v2\/product"}],"about":[{"href":"https:\/\/flameguard.ee\/fi\/wp-json\/wp\/v2\/types\/product"}],"version-history":[{"count":6,"href":"https:\/\/flameguard.ee\/fi\/wp-json\/wp\/v2\/product\/17503\/revisions"}],"predecessor-version":[{"id":17510,"href":"https:\/\/flameguard.ee\/fi\/wp-json\/wp\/v2\/product\/17503\/revisions\/17510"}],"wp:featuredmedia":[{"embeddable":true,"href":"https:\/\/flameguard.ee\/fi\/wp-json\/wp\/v2\/media\/17498"}],"wp:attachment":[{"href":"https:\/\/flameguard.ee\/fi\/wp-json\/wp\/v2\/media?parent=17503"}],"wp:term":[{"taxonomy":"product_brand","embeddable":true,"href":"https:\/\/flameguard.ee\/fi\/wp-json\/wp\/v2\/product_brand?post=17503"},{"taxonomy":"product_cat","embeddable":true,"href":"https:\/\/flameguard.ee\/fi\/wp-json\/wp\/v2\/product_cat?post=17503"},{"taxonomy":"product_tag","embeddable":true,"href":"https:\/\/flameguard.ee\/fi\/wp-json\/wp\/v2\/product_tag?post=17503"}],"curies":[{"name":"wp","href":"https:\/\/api.w.org\/{rel}","templated":true}]}}