{"id":17537,"date":"2025-02-21T16:44:41","date_gmt":"2025-02-21T14:44:41","guid":{"rendered":"http:\/\/flameguard.ee.dedi7782.your-server.de\/?post_type=product&#038;p=17537"},"modified":"2025-02-21T18:07:16","modified_gmt":"2025-02-21T16:07:16","slug":"evakuatsioonivalgusti-gr-310-led-90-min","status":"publish","type":"product","link":"https:\/\/flameguard.ee\/fi\/product\/poistumisvalaisin-gr-310-led-90-min\/","title":{"rendered":"Poistumisvalaisin GR-310 LED, 90 min"},"content":{"rendered":"","protected":false},"excerpt":{"rendered":"<p>Evakuointivalaisin, GR-310\/LEDs, 1,5 h, on varustettu laadukkaalla ja innovatiivisella LED-teknologialla, joka toimii my\u00f6s s\u00e4hk\u00f6katkoksen sattuessa. Sopii avoimiin tiloihin, k\u00e4yt\u00e4viin ja poistumisreitteihin. Helppo asentaa.<\/p>\n<p><strong>Tekniset tiedot:<\/strong><br \/>\n2 k\u00e4ytt\u00f6tapaa:<br \/>\nValaisin palaa jatkuvasti<br \/>\nSyttyy vain, jos virta katkeaa<br \/>\nK\u00e4ytt\u00f6aika s\u00e4hk\u00f6katkoksen sattuessa: 90 minuuttia<br \/>\nTekniset tiedot:<br \/>\nMitat: 350 x 134 x 45 mm<br \/>\nPaino: 0,73 kg<br \/>\nTodistukset: CE, EN 60598\u20132, 2, \u0395\u039d 55015, \u0395\u039d 61547, \u0395\u039d 61000\u20133<\/p>\n<p>&nbsp;<\/p>","protected":false},"featured_media":17538,"template":"","meta":[],"product_brand":[],"product_cat":[89],"product_tag":[],"class_list":{"0":"post-17537","1":"product","2":"type-product","3":"status-publish","4":"has-post-thumbnail","6":"product_cat-turvavalgustid","8":"first","9":"instock","10":"taxable","11":"shipping-taxable","12":"purchasable","13":"product-type-simple"},"_links":{"self":[{"href":"https:\/\/flameguard.ee\/fi\/wp-json\/wp\/v2\/product\/17537","targetHints":{"allow":["GET"]}}],"collection":[{"href":"https:\/\/flameguard.ee\/fi\/wp-json\/wp\/v2\/product"}],"about":[{"href":"https:\/\/flameguard.ee\/fi\/wp-json\/wp\/v2\/types\/product"}],"version-history":[{"count":2,"href":"https:\/\/flameguard.ee\/fi\/wp-json\/wp\/v2\/product\/17537\/revisions"}],"predecessor-version":[{"id":17543,"href":"https:\/\/flameguard.ee\/fi\/wp-json\/wp\/v2\/product\/17537\/revisions\/17543"}],"wp:featuredmedia":[{"embeddable":true,"href":"https:\/\/flameguard.ee\/fi\/wp-json\/wp\/v2\/media\/17538"}],"wp:attachment":[{"href":"https:\/\/flameguard.ee\/fi\/wp-json\/wp\/v2\/media?parent=17537"}],"wp:term":[{"taxonomy":"product_brand","embeddable":true,"href":"https:\/\/flameguard.ee\/fi\/wp-json\/wp\/v2\/product_brand?post=17537"},{"taxonomy":"product_cat","embeddable":true,"href":"https:\/\/flameguard.ee\/fi\/wp-json\/wp\/v2\/product_cat?post=17537"},{"taxonomy":"product_tag","embeddable":true,"href":"https:\/\/flameguard.ee\/fi\/wp-json\/wp\/v2\/product_tag?post=17537"}],"curies":[{"name":"wp","href":"https:\/\/api.w.org\/{rel}","templated":true}]}}