{"id":17564,"date":"2025-02-21T18:23:46","date_gmt":"2025-02-21T16:23:46","guid":{"rendered":"http:\/\/flameguard.ee.dedi7782.your-server.de\/?post_type=product&#038;p=17564"},"modified":"2025-02-21T18:27:45","modified_gmt":"2025-02-21T16:27:45","slug":"evakuatsioonivalgusti-led-gr-2000-180-420-min","status":"publish","type":"product","link":"https:\/\/flameguard.ee\/fi\/product\/poistumisvalaisin-led-gr-2000-180-420-min\/","title":{"rendered":"Evakuointivalaisin LED GR-2000, 180\u2013420 min"},"content":{"rendered":"","protected":false},"excerpt":{"rendered":"<p>Evakuointivalaisin, LED GR-2000 3 h-7 h, on laadukas ja innovatiivinen LED-teknologia, joka toimii my\u00f6s s\u00e4hk\u00f6katkoksen sattuessa. Sopii avoimiin tiloihin, k\u00e4yt\u00e4viin ja poistumisreitteihin. Helppo asentaa.<\/p>\n<p><strong>Tekniset tiedot:<\/strong><br \/>\nK\u00e4ytt\u00f6aika s\u00e4hk\u00f6katkoksen sattuessa: 180\u2013420 minuuttia<br \/>\nMitat:<br \/>\nPituus: 270 mm<br \/>\nKorkeus: 100 mm<br \/>\nSyvyys: 25 mm<br \/>\nPaino: 340 g<\/p>\n<p>&nbsp;<\/p>","protected":false},"featured_media":17566,"template":"","meta":[],"product_brand":[],"product_cat":[89],"product_tag":[],"class_list":{"0":"post-17564","1":"product","2":"type-product","3":"status-publish","4":"has-post-thumbnail","6":"product_cat-turvavalgustid","8":"first","9":"instock","10":"taxable","11":"shipping-taxable","12":"purchasable","13":"product-type-simple"},"_links":{"self":[{"href":"https:\/\/flameguard.ee\/fi\/wp-json\/wp\/v2\/product\/17564","targetHints":{"allow":["GET"]}}],"collection":[{"href":"https:\/\/flameguard.ee\/fi\/wp-json\/wp\/v2\/product"}],"about":[{"href":"https:\/\/flameguard.ee\/fi\/wp-json\/wp\/v2\/types\/product"}],"version-history":[{"count":1,"href":"https:\/\/flameguard.ee\/fi\/wp-json\/wp\/v2\/product\/17564\/revisions"}],"predecessor-version":[{"id":17568,"href":"https:\/\/flameguard.ee\/fi\/wp-json\/wp\/v2\/product\/17564\/revisions\/17568"}],"wp:featuredmedia":[{"embeddable":true,"href":"https:\/\/flameguard.ee\/fi\/wp-json\/wp\/v2\/media\/17566"}],"wp:attachment":[{"href":"https:\/\/flameguard.ee\/fi\/wp-json\/wp\/v2\/media?parent=17564"}],"wp:term":[{"taxonomy":"product_brand","embeddable":true,"href":"https:\/\/flameguard.ee\/fi\/wp-json\/wp\/v2\/product_brand?post=17564"},{"taxonomy":"product_cat","embeddable":true,"href":"https:\/\/flameguard.ee\/fi\/wp-json\/wp\/v2\/product_cat?post=17564"},{"taxonomy":"product_tag","embeddable":true,"href":"https:\/\/flameguard.ee\/fi\/wp-json\/wp\/v2\/product_tag?post=17564"}],"curies":[{"name":"wp","href":"https:\/\/api.w.org\/{rel}","templated":true}]}}