{"id":17602,"date":"2025-02-21T18:54:21","date_gmt":"2025-02-21T16:54:21","guid":{"rendered":"http:\/\/flameguard.ee.dedi7782.your-server.de\/?post_type=product&#038;p=17602"},"modified":"2025-03-06T11:05:50","modified_gmt":"2025-03-06T09:05:50","slug":"liitiumakude-tule-ja-plahvatusekindel-laadimiskapp-cemo-8-5-jalgadeta-1-faasiline","status":"publish","type":"product","link":"https:\/\/flameguard.ee\/fi\/product\/litiumakkuja-tulenkestavia-ja-rajahdyksenkestavia-latauskaappeja-cemo-8-5-jalkaisia-1-faasinen\/","title":{"rendered":"Litiumakkujen palo- ja r\u00e4j\u00e4hdyksenkest\u00e4v\u00e4 latauskaappi, JOSSA EI OLE CEMO-8\/5 jalkoja, 1 vaihe"},"content":{"rendered":"<p><strong>P\u00e4ivitykset, kun valitset lataustilan Premium-version:<\/strong><\/p>\n<ul>\n<li>S\u00e4hk\u00f6k\u00e4ytt\u00f6iset savunilmaisimet<\/li>\n<li>Virran kytkeminen pois p\u00e4\u00e4lt\u00e4, kun savua havaitaan<\/li>\n<li>\u00c4\u00e4nimerkki<\/li>\n<li>Mahdoton ulostulo paloh\u00e4lytinj\u00e4rjestelm\u00e4\u00e4n kytkemist\u00e4 varten (kaapin ulkopuolella)<\/li>\n<li>12 liit\u00e4nt\u00e4 lis\u00e4varusteiden yhdistettyyn h\u00e4lytysj\u00e4rjestelm\u00e4\u00e4n (visuaalinen ja \u00e4\u00e4ni)<\/li>\n<\/ul>\n<p><strong>P\u00e4ivitykset, kun valitset lataustilan Premium Plus - version:<\/strong><\/p>\n<ul>\n<li>Kaikki, jotka sis\u00e4lt\u00e4v\u00e4t Premium-version<\/li>\n<li>Sis\u00e4l\u00e4mp\u00f6tilan n\u00e4ytt\u00f6<\/li>\n<li>Alermatisointi Matkapuhelinp\u00f6yt\u00e4<\/li>\n<li>Lis\u00e4toiminnot et\u00e4k\u00e4yt\u00f6n kautta<\/li>\n<\/ul>\n<p>&nbsp;<\/p>\n<p>&nbsp;<\/p>","protected":false},"excerpt":{"rendered":"<p>Akkujen latauskaappi 8\/5, jossa on LockEx-lukitusj\u00e4rjestelm\u00e4. Ilman tukijalkoja, joissa on 1 vaiheliit\u00e4nt\u00e4 3500W, 16A (6 pistoketta) ja tuuletus.<br \/>\nKaapissa on savunilmaisin ja virrankatkaisuj\u00e4rjestelm\u00e4.<\/p>\n<p><strong>Tekniset tiedot:<\/strong><br \/>\nLeveys: 80 cm<br \/>\nKorkeus: 52 cm<br \/>\nSyvyys: 66 cm<br \/>\nPaino: 80 kg<br \/>\nTodistukset: NORD Groupilta k\u00e4ytt\u00e4en uusinta testausohjelmaa M02\/22, joka kattaa todelliset akkujen palotestit ja kaasur\u00e4j\u00e4hdykset.<br \/>\nMPA-testattu palonkest\u00e4vyys yli 60 minuutin sis\u00e4ll\u00e4 ulkona standardin EN 1363\u20131 mukaisesti.<br \/>\nValmistettu palamattomista ja tulenkest\u00e4vist\u00e4 komponenteista.<\/p>\n<p>&nbsp;<\/p>\n<p>&nbsp;<\/p>","protected":false},"featured_media":17562,"template":"","meta":[],"product_brand":[],"product_cat":[125,136],"product_tag":[],"class_list":{"0":"post-17602","1":"product","2":"type-product","3":"status-publish","4":"has-post-thumbnail","6":"product_cat-innovatsioon","7":"product_cat-turvakapid","9":"first","10":"instock","11":"taxable","12":"shipping-taxable","13":"purchasable","14":"product-type-variable","15":"has-default-attributes"},"_links":{"self":[{"href":"https:\/\/flameguard.ee\/fi\/wp-json\/wp\/v2\/product\/17602","targetHints":{"allow":["GET"]}}],"collection":[{"href":"https:\/\/flameguard.ee\/fi\/wp-json\/wp\/v2\/product"}],"about":[{"href":"https:\/\/flameguard.ee\/fi\/wp-json\/wp\/v2\/types\/product"}],"version-history":[{"count":11,"href":"https:\/\/flameguard.ee\/fi\/wp-json\/wp\/v2\/product\/17602\/revisions"}],"predecessor-version":[{"id":18211,"href":"https:\/\/flameguard.ee\/fi\/wp-json\/wp\/v2\/product\/17602\/revisions\/18211"}],"wp:featuredmedia":[{"embeddable":true,"href":"https:\/\/flameguard.ee\/fi\/wp-json\/wp\/v2\/media\/17562"}],"wp:attachment":[{"href":"https:\/\/flameguard.ee\/fi\/wp-json\/wp\/v2\/media?parent=17602"}],"wp:term":[{"taxonomy":"product_brand","embeddable":true,"href":"https:\/\/flameguard.ee\/fi\/wp-json\/wp\/v2\/product_brand?post=17602"},{"taxonomy":"product_cat","embeddable":true,"href":"https:\/\/flameguard.ee\/fi\/wp-json\/wp\/v2\/product_cat?post=17602"},{"taxonomy":"product_tag","embeddable":true,"href":"https:\/\/flameguard.ee\/fi\/wp-json\/wp\/v2\/product_tag?post=17602"}],"curies":[{"name":"wp","href":"https:\/\/api.w.org\/{rel}","templated":true}]}}