{"id":17625,"date":"2025-02-21T19:37:43","date_gmt":"2025-02-21T17:37:43","guid":{"rendered":"http:\/\/flameguard.ee.dedi7782.your-server.de\/?post_type=product&#038;p=17625"},"modified":"2025-02-21T20:19:58","modified_gmt":"2025-02-21T18:19:58","slug":"kahepoolne-evakuatsioonivalgusti-klr20-8led-180-min","status":"publish","type":"product","link":"https:\/\/flameguard.ee\/fi\/product\/kaksipuolinen-evakuointivalaisin-klr20-8-led-180-min\/","title":{"rendered":"Kaksipuolinen evakuointivalaisin KLR20 8LED, 180 min"},"content":{"rendered":"","protected":false},"excerpt":{"rendered":"<p>Kaksipuolisella evakuointivalaisimella, KLR20 8LED 3 h, on oltava korkealaatuinen ja innovatiivinen LED-teknologia, joka toimii my\u00f6s s\u00e4hk\u00f6katkoksen sattuessa. Sopii avoimiin tiloihin, k\u00e4yt\u00e4viin ja poistumisreitteihin. Helppo asentaa.<\/p>\n<p><strong>Tekniset tiedot:<\/strong><br \/>\nNimellisj\u00e4nnite: 220\u2013240 VAC\/50\u201360Hz<br \/>\nAkku: (Ni-CD) 3,6V\/0,6Ah<br \/>\nTarkistukset: Akun latauksen LED-ilmaisin, TEST-painike<br \/>\nLatausaika: 24 tuntia<br \/>\nK\u00e4ytt\u00f6aika s\u00e4hk\u00f6katkoksen sattuessa: 180 minuuttia<br \/>\nJatkuva valovirta: 8 valkoista LED-valoa<br \/>\nSuojaustaso (IP): IP54<br \/>\nMateriaali: Muovi<br \/>\nK\u00e4ytt\u00f6l\u00e4mp\u00f6tila: 5\u201344 \u2103<br \/>\nMitat:<br \/>\nPituus: 254 mm<br \/>\nKorkeus: 170 mm<br \/>\nSyvyys: 35 mm<br \/>\nPaino: 520 g<br \/>\nTakuu: 3 vuotta (akun takuu 1 vuosi)<br \/>\nSarjassa: 4 kuvamerkki\u00e4 (nuolet suoraan, alas, oikealle, vasemmalle)<\/p>\n<p>&nbsp;<\/p>","protected":false},"featured_media":17638,"template":"","meta":[],"product_brand":[],"product_cat":[89],"product_tag":[],"class_list":{"0":"post-17625","1":"product","2":"type-product","3":"status-publish","4":"has-post-thumbnail","6":"product_cat-turvavalgustid","8":"first","9":"instock","10":"taxable","11":"shipping-taxable","12":"purchasable","13":"product-type-simple"},"_links":{"self":[{"href":"https:\/\/flameguard.ee\/fi\/wp-json\/wp\/v2\/product\/17625","targetHints":{"allow":["GET"]}}],"collection":[{"href":"https:\/\/flameguard.ee\/fi\/wp-json\/wp\/v2\/product"}],"about":[{"href":"https:\/\/flameguard.ee\/fi\/wp-json\/wp\/v2\/types\/product"}],"version-history":[{"count":1,"href":"https:\/\/flameguard.ee\/fi\/wp-json\/wp\/v2\/product\/17625\/revisions"}],"predecessor-version":[{"id":17642,"href":"https:\/\/flameguard.ee\/fi\/wp-json\/wp\/v2\/product\/17625\/revisions\/17642"}],"wp:featuredmedia":[{"embeddable":true,"href":"https:\/\/flameguard.ee\/fi\/wp-json\/wp\/v2\/media\/17638"}],"wp:attachment":[{"href":"https:\/\/flameguard.ee\/fi\/wp-json\/wp\/v2\/media?parent=17625"}],"wp:term":[{"taxonomy":"product_brand","embeddable":true,"href":"https:\/\/flameguard.ee\/fi\/wp-json\/wp\/v2\/product_brand?post=17625"},{"taxonomy":"product_cat","embeddable":true,"href":"https:\/\/flameguard.ee\/fi\/wp-json\/wp\/v2\/product_cat?post=17625"},{"taxonomy":"product_tag","embeddable":true,"href":"https:\/\/flameguard.ee\/fi\/wp-json\/wp\/v2\/product_tag?post=17625"}],"curies":[{"name":"wp","href":"https:\/\/api.w.org\/{rel}","templated":true}]}}